{"id":1390,"date":"2022-01-19T10:19:15","date_gmt":"2022-01-19T08:19:15","guid":{"rendered":"https:\/\/resa.aero\/glossaire\/"},"modified":"2025-09-01T14:50:07","modified_gmt":"2025-09-01T12:50:07","slug":"glossary","status":"publish","type":"page","link":"https:\/\/resa.aero\/en\/glossary\/","title":{"rendered":"Glossary"},"content":{"rendered":"\n\n\t<p>A<\/p>\n\t\t\t\tAIMS\n\t\t\t\t<p><strong>A<\/strong>irport <strong>I<\/strong>nformation <strong>M<\/strong>anagement<strong> S<\/strong>ystem <br \/>The Airport Information Management System (AIMS) of RESA is called <strong>INFOPAX<\/strong>.<br \/><a href=\"https:\/\/resa.aero\/en\/solutions-operations-billing\/infopax-aodb\/\">Find out more about INFOPAX<\/a><\/p>\n\t\t\t\tAODB\n\t\t\t\t<p><strong>A<\/strong>irport\u00a0<strong>O<\/strong>perational\u00a0<strong>D<\/strong>ata <strong>B<\/strong>ase or <strong>FIMS<\/strong> (Flight Information Management System).<\/p>\n<p>Arrival and departure flight information system. RESA&#8217;s AODB is called INFOPAX. This system transmits flight information to the remote display system or other external systems via RESA&#8217;s information exchange system: FAIRWAY. It also receives messages from external sources such as airlines and civil aviation authorities, enabling automatic updating of this data.<\/p>\n<p><a href=\"https:\/\/resa.aero\/en\/solutions-operations-billing\/infopax-aodb\/\">Find out more about INFOPAX AODB<\/a><\/p>\n\t\t\t\tATB\n\t\t\t\t<p><strong>A<\/strong>utomated<strong> T<\/strong>icket and <strong>B<\/strong>oarding Pass.<\/p>\n<p>Ticket using an electronic microchip, magnetic stripe or any other coding system.<\/p>\n\t\t\t\tAZTEC\n\t\t\t\t<p>2D barcode format. Symbols are generally square, with a distinctive square bulls eye in the centre. The data are coded in layers surrounding the bulls eye. This type of barcode is used for sending boarding passes to mobile phones.<\/p>\n\t<p>B<\/p>\n\t\t\t\tBAGERA\n\t\t\t\t<p><em>RESA&#8217;s BRTS <\/em>\u00a0&#8211; Baggage Reconciliation and Tracking System.<\/p>\n<p><strong>BAGERA <\/strong>guarantees that each bag loaded is matched with a passenger who has actually boarded.<\/p>\n<p><a href=\"https:\/\/resa.aero\/en\/solutions-security-tracking\/bagera-brts\/\">Find out more about BAGERA<\/a><\/p>\n\t\t\t\tBAGWAY\n\t\t\t\t<p><em>RESA product<\/em>\u00a0&#8211; Communication system between airline <strong>DCS<\/strong> and airports. BAGWAY facilitates the exchange of baggage messages during baggage sorting and reconciliation. BAGWAY is a complementary module of BAGERA.<\/p>\n<p><a href=\"https:\/\/resa.aero\/en\/solutions-smart-efficiency\/bagway-local\/\">Find out more about BAGWAY<\/a><\/p>\n<p><a href=\"https:\/\/resa.aero\/en\/solutions-security-tracking\/bagera-brts\/\">Find out more about BAGERA<\/a><\/p>\n\t\t\t\t1D BARCODE\n\t\t\t\t<p>One-dimensional barcode. Representation of a string of numbers in the form of a symbol composed of varying width bars and spaces.<\/p>\n<p>\u00a0<\/p>\n\t\t\t\t2D BARCODE\n\t\t\t\t<p>Two-dimensional barcode. Representation of a string of numbers in the form of a symbol composed of varying width squares and dots.<\/p>\n<p>\u00a0<\/p>\n\t\t\t\tBCBP\n\t\t\t\t<p><strong>B<\/strong>ar <strong>C<\/strong>oded <strong>B<\/strong>oarding<strong> P<\/strong>ass.<\/p>\n<p>Boarding pass with a 2D barcode.\u00a0<\/p>\n\t\t\t\tBCR\n\t\t\t\t<p><strong>B<\/strong>ar <strong>C<\/strong>ode <strong>R<\/strong>eader.<\/p>\n<p>Reader that reads 1D and 2D barcodes. It reads the bag tags that were attached at check-in.\u00a0<\/p>\n\t\t\t\tBGR\n\t\t\t\t<p><strong>B<\/strong>ar <b>G<\/b>ate\u00a0<strong>R<\/strong>eader.<\/p>\n<p>Reader that reads boarding passes during passenger boarding.<\/p>\n\t\t\t\tBPP\n\t\t\t\t<p><strong>B<\/strong>oarding<strong> P<\/strong>ass <strong>P<\/strong>rinter.<\/p>\n\t\t\t\tBRTS\n\t\t\t\t<p>The <strong>B<\/strong>aggage <strong>R<\/strong>econciliation <strong>T<\/strong>racking <strong>S<\/strong>ystem guarantees that each bag loaded is matched with a passenger who has actually boarded.<\/p>\n<p>RESA&#8217;s BRTS is called <a href=\"https:\/\/resa.aero\/en\/solutions-security-tracking\/bagera-brts\/\">BAGERA<\/a>.<\/p>\n\t\t\t\tBTP\n\t\t\t\t<p><strong>B<\/strong>ag <strong>T<\/strong>ag <strong>P<\/strong>rinter.<\/p>\n\t<p>C<\/p>\n\t\t\t\tCLEVER\n\t\t\t\t<p><em>RESA product <\/em>\u00a0&#8211; Business Intelligence solution.<\/p>\n<p><a href=\"https:\/\/resa.aero\/en\/solutions-smart-efficiency\/clever-data\/\">Find out more about CLEVER.<\/a><\/p>\n\t\t\t\tCLF\n\t\t\t\t<p><strong>C<\/strong>ommon<strong> L<\/strong>anguage<strong> F<\/strong>acility.<br \/>Easy to use and intuitive graphical interface solution for use by agents working on one or several host systems. This product is designed for agents who work for several airlines. Airlines are increasingly developing user-friendly graphic applications, which are reducing the need for CLF solutions.<\/p>\n\t\t\t\tCREWS\n\t\t\t\t<p><em>RESA product <\/em>\u00a0&#8211; CUTE (Common Use Terminal Equipment)\/CUPPS (Common Use Passenger Processing Systems) systems.<\/p>\n<p>Common use system for airport resources. CREWS enables several airlines to physically share computers, check-in counters and boarding gates.<\/p>\n<p><a href=\"https:\/\/resa.aero\/en\/solutions-passenger-processing-experience\/crews-cupps\/\">Find out more about CREWS<\/a><\/p>\n\t\t\t\tCRM\n\t\t\t\t<p><strong>C<\/strong>ustomer <strong>R<\/strong>elationship <strong>M<\/strong>anagement.<\/p>\n\t\t\t\tCUPPS\n\t\t\t\t<p><strong>C<\/strong>ommon <strong>U<\/strong>se <strong>P<\/strong>assenger <strong>P<\/strong>rocessing <strong>S<\/strong>ystem. New IATA CUPPS standard that will replace IATA recommendation 1797 and harmonize the interface among airline applications and CUTE platforms.<br \/><a href=\"https:\/\/resa.aero\/en\/solutions-passenger-processing-experience\/crews-cupps\/\">Find out more about CREWS<\/a><\/p>\n\t\t\t\tCUSS\n\t\t\t\t<p><strong>C<\/strong>ommon\u00a0<strong>U<\/strong>se\u00a0<strong>S<\/strong>elf\u00a0<strong>S<\/strong>ervice. Self-service check-in terminal that prints 2D barcode boarding passes, reads electronic passports, and checks in passengers with or without baggage.<\/p>\n\t\t\t\tCUTE\n\t\t\t\t<p><strong>C<\/strong>ommon\u00a0<strong>U<\/strong>se\u00a0<strong>T<\/strong>erminal\u00a0<strong>E<\/strong>quipment.<\/p>\n<p>Common use system for airport resources. Airlines can physically share computers, check-in counters and boarding gates.  The CUPPS standard has replaced the CUTE system since 2009. <\/p>\n\t<p>D<\/p>\n\t\t\t\tDCP\n\t\t\t\t<p>Document printer that prints information lists (passengers, bags, etc.).<\/p>\n\t\t\t\tDCS\n\t\t\t\t<p><strong>D<\/strong>eparture\u00a0<strong>C<\/strong>ontrol<strong>\u00a0S<\/strong>ystem.<\/p>\n<p>Airline computer system that contains all the applications needed to process passengers and bags.<\/p>\n<p>RESA&#8217;s DCS is called\u00a0ON BOARD.<\/p>\n<p><a href=\"https:\/\/resa.aero\/en\/solutions-passenger-processing-experience\/on-board-airport-ldcs\/\">Find out more about ON BOARD<\/a><\/p>\n\t\t\t\tDGAC\n\t\t\t\t<p><strong>D<\/strong>irection <strong>G<\/strong>\u00e9n\u00e9rale de l&#8217;<strong>A<\/strong>viation<strong> C<\/strong>ivile.<br \/>The DGAC is in charge of issuing authorizations to air carriers to operate commercial traffic from, to or inside France.<\/p>\n\t<p>F<\/p>\n\t\t\t\tFAIRWAY\n\t\t\t\t<p><em>RESA Product<\/em>\u00a0&#8211; RESA&#8217;s communication system.<\/p>\n<p>FAIRWAY enables different airport systems to dialog. It facilitates data sharing and seamlessly handles the protocols needed for all the systems to communicate with each other.<\/p>\n<p><a href=\"https:\/\/resa.aero\/solutions-performance-intelligence\/fairway-interface-management\/\">Find out more about FAIRWAY<\/a><\/p>\n\t\t\t\tFIDS\n\t\t\t\t<p><strong>F<\/strong>light\u00a0<strong>I<\/strong>nformation\u00a0<strong>D<\/strong>isplay\u00a0<strong>S<\/strong>ystem. Flight Information Display System that displays flight information on monitors.<\/p>\n<p>RESA&#8217;s FIDS is called VISTA.<\/p>\n<p><a href=\"https:\/\/resa.aero\/en\/solutions-operations-billing\/vista-fids\/\">Find out more about VISTA<\/a><\/p>\n\t\t\t\tFIMS\n\t\t\t\t<p><strong>F<\/strong>light\u00a0<strong>I<\/strong>nformation\u00a0<strong>M<\/strong>anagement\u00a0<strong>S<\/strong>ystem or\u00a0<strong>AODB<\/strong>\u00a0(Airport Operational Data Base).<\/p>\n<p>Information system on flight arrivals and departures.<\/p>\n<p>It is composed of 3 functional modules: the reference database, the seasonal schedule and the real time schedule.<\/p>\n<p>RESA&#8217;s FIMS is called INFOPAX.<\/p>\n<p><a href=\"https:\/\/resa.aero\/en\/solutions-operations-billing\/infopax-aodb\/\">Find out more about INFOPAX<\/a><\/p>\n\t\t\t\tFTP\n\t\t\t\t<p><strong>F<\/strong>ile <strong>T<\/strong>ransfer<strong> P<\/strong>rotocol.<br \/>This is a communication protocol for exchanging electronic files on a TCP\/IP network. It lets users send files from one computer to another on the network, or delete or modify files on another computer.<\/p>\n\t<p>G<\/p>\n\t\t\t\tGAIMS\n\t\t\t\t<p><strong>G<\/strong>lobal <strong>A<\/strong>irport<strong> I<\/strong>nformation <strong>M<\/strong>anagement System. RESA software suite that meets all the operational needs of airports, airlines and handling agents in terms of processing flights and passengers.<\/p>\n\t\t\t\tGATEWAY\n\t\t\t\t<p>Communication gateway between the CREWS platform and the airline host DCS systems. A gateway is not needed when a direct IP line is used. Some examples of gateways are P1024B (ALC) and P1024C (UTS).<\/p>\n\t\t\t\tGUI\n\t\t\t\t<p><strong>G<\/strong>raphical<strong> U<\/strong>ser<strong> I<\/strong>nterface.<\/p>\n\t<p>H<\/p>\n\t\t\t\tHHT\n\t\t\t\t<p><strong>H<\/strong>and <strong>H<\/strong>eld <strong>T<\/strong>erminals.<\/p>\n<p>Smart terminals that can run applications, for example BAGERA runs on handheld terminals for baggage handlers.<\/p>\n<p><a href=\"https:\/\/resa.aero\/en\/solutions-security-tracking\/bagera-brts\/\">Find out more about BAGERA<\/a><\/p>\n\t\t\t\tHOST\n\t\t\t\t<p>Proprietary airline computer system that contains all the applications needed to process passengers and bags.<\/p>\n\t<p>I<\/p>\n\t\t\t\tIATA\n\t\t\t\t<p><strong>I<\/strong>nternational\u00a0<strong>A<\/strong>ir\u00a0<strong>T<\/strong>ransport\u00a0<strong>A<\/strong>ssociation.<\/p>\n<p>Private airline association that represents, leads and serves the airline industry.<\/p>\n<p><a href=\"http:\/\/www.iata.org\/Pages\/default.aspx\" target=\"_blank\" rel=\"noopener\">Find out more about IATA<\/a><\/p>\n\t\t\t\tIATA CODE\n\t\t\t\t<p>International system that assigns a 3-letter code to cities and airports (Toulouse: TLS) and a 2-letter code to airlines (Air France: AF). The codes are defined by the International Air Transport Association (IATA).<\/p>\n<p><a href=\"http:\/\/www.iata.org\/Pages\/default.aspx\" target=\"_blank\" rel=\"noopener\">Find out more about IATA<\/a><\/p>\n\t\t\t\tICAO\n\t\t\t\t<p><strong>I<\/strong>nternational<strong> C<\/strong>ivil <strong>A<\/strong>viation <strong>O<\/strong>rganization.<\/p>\n<p>Its role is to develop standards for international air transport.<\/p>\n\t\t\t\tICAO CODE\n\t\t\t\t<p>Four-letter geographic classification code assigned to every airport in the world (Toulouse: LFBO). The codes are defined by the International Civil Aviation Organization (ICAO).<\/p>\n\t\t\t\tINFOPAX\n\t\t\t\t<p><em>RESA product<\/em> &#8211; RESA&#8217;s <strong>F<\/strong>light<strong> I<\/strong>nformation<strong> M<\/strong>anagement<strong> S<\/strong>ystem <strong>(FIMS) <\/strong>also known as<strong> AODB. <\/strong>.<\/p>\n<p>Information system on flight arrivals and departures. INFOPAX is composed of 3 functional modules: the reference database, the seasonal schedule and the real time schedule.<\/p>\n<p><a href=\"https:\/\/resa.aero\/en\/solutions-operations-billing\/infopax-aodb\/\">Find out more about INFOPAX<\/a><\/p>\n\t\t\t\tINFOPAX RMS\n\t\t\t\t<p><em>RESA product<\/em> &#8211; RESA&#8217;s \u00a0Airport <strong>R<\/strong>esource <strong>M<\/strong>anagement <strong>S<\/strong>ystem: check-in counters, boarding gates, baggage chutes, exits, carrousels, and parking stands.<\/p>\n<p>With INFOPAX RMS, airport resources can be viewed and allocated graphically in accordance with the specific needs of each site.<\/p>\n<p><a href=\"https:\/\/resa.aero\/en\/solutions-operations-billing\/infopax-rms\/\">Find out more about INFOPAX RMS <\/a><\/p>\n\t\t\t\tINVOICE\n\t\t\t\t<p><em>RESA product<\/em>\u00a0-RESA&#8217;s airport billing system.<\/p>\n<p>INVOICE automatically calculates fees and aeronautical services billed to airlines and agents (parking, lighting, passengers, landing, miscellaneous services).<\/p>\n<p><a href=\"https:\/\/resa.aero\/solutions-operations-facturation\/invoice-billing\/\">Find out more about INVOICE<\/a><\/p>\n\t<p>L<\/p>\n\t\t\t\tLAYER ONE\n\t\t\t\t<p><em>RESA product<\/em>\u00a0&#8211; Centralized data exchange solution for DCSs.<\/p>\n<p><a href=\"https:\/\/resa.aero\/solutions-experience-passager\/layer-one-kernel\/\">Find out more about LAYER ONE<\/a><\/p>\n\t\t\t\tLDCS\n\t\t\t\t<p><strong>L<\/strong>ocal <strong>D<\/strong>eparture <strong>C<\/strong>ontrol <strong>S<\/strong>ystem.<\/p>\n<p>Computerized check-in and boarding system that prints boarding passes and bag tags and reads the boarding passes automatically at the gate. This system is designed for airlines that do not have a host DCS or do not want to use their DCS on a site. It is also used by airports and handling agents processing low-cost and charter flights.<\/p>\n<p>RESA&#8217;s Local DCS system is called ON BOARD.<\/p>\n<p><a href=\"https:\/\/resa.aero\/en\/solutions-passenger-processing-experience\/on-board-airport-ldcs\/\">Find out more about ON BOARD AIRPORT LDCS<\/a><\/p>\n\t<p>M<\/p>\n\t\t\t\tMSR\n\t\t\t\t<p><strong>M<\/strong>agnetic <strong>S<\/strong>tripe <strong>R<\/strong>eader.<\/p>\n<p>Reader that reads the magnetic stripes on ATB tickets, credit cards, airline loyalty cards, etc.<\/p>\n\t<p>O<\/p>\n\t\t\t\tOCR\n\t\t\t\t<p><strong>O<\/strong>ptical <strong>C<\/strong>haracter <strong>R<\/strong>ecognition.<\/p>\n<p>Optical character recognition system that reads information on passports, ID cards, visas, etc.<\/p>\n\t\t\t\tON BOARD AIRPORT LDCS\n\t\t\t\t<p><em>RESA product<\/em>\u00a0&#8211; Local DCS (Local Departure Control System).<\/p>\n<p>Designed for handling passenger check-in and boarding from a local system, ON BOARD is aimed at airlines that do not have a DCS or that are still using manual procedures (low-cost, charters, etc.).<\/p>\n<p><a href=\"https:\/\/resa.aero\/en\/solutions-passenger-processing-experience\/on-board-airport-ldcs\/\">Find out more about ON BOARD AIRPORT LDCS<\/a><\/p>\n\t\t\t\tOS\n\t\t\t\t<p><strong>O<\/strong>perating <strong>S<\/strong>ystem.<\/p>\n<p>System that RESA applications run on. It is installed on the servers and workstations.<\/p>\n\t<p>P<\/p>\n\t\t\t\tPAXTRACK\n\t\t\t\t<p><em>RESA product<\/em>\u00a0&#8211; software suite for monitoring passengers in the airport.<\/p>\n<p><a href=\"https:\/\/resa.aero\/en\/solutions-security-tracking\/paxtrack-passenger-tracking\/\">Find out more about PAXTRACK<\/a><\/p>\n\t\t\t\tPDF417\n\t\t\t\t<p>2D barcode format. The information is coded in two steps: the data are converted into &#8220;key words&#8221; which are then converted into bars and spaces.<\/p>\n\t\t\t\tPECTAB\n\t\t\t\t<p><strong>P<\/strong>aram<strong>E<\/strong>tri<strong>C<\/strong> <strong>TAB<\/strong>le.<\/p>\n<p>File defining the position of the information on the boarding pass and bag tag: passenger name, flight number, seat number, etc.<\/p>\n\t\t\t\tPROTOCOL\n\t\t\t\t<p>A protocol is a standard method that enables processes to dialog, in other words, a set of rules and procedures for sending and receiving data over a network.<\/p>\n\t\t\t\tPROTOCOL P1024B or C\n\t\t\t\t<p>Type of communication protocol used by the DCS systems of certain airlines to communicate between the workstation and the airline host. Protocol P1024B is also known as ALC (Airline Link Control). Protocol P1024C is also known as UTS (Unisys Terminal System).<\/p>\n\t\t\t\tPROTOCOL TCP\/IP\n\t\t\t\t<p><strong>T<\/strong>ransmission <strong>C<\/strong>ontrol <strong>P<\/strong>rotocol \/<strong> I<\/strong>nternet <strong>P<\/strong>rotocol. <strong>TCP\/IP<\/strong> is the set of communication rules used on the internet. It is based on IP addressing, in other words providing an IP address to each device on the network in order to route data.<\/p>\n\t<p>R<\/p>\n\t\t\t\tRFID\n\t\t\t\t<p><strong>R<\/strong>adio <strong>F<\/strong>requency<strong> ID<\/strong>entification.<br \/>RFID tags are applied to or incorporated into an object for the purpose of remote identification and tracking using radio waves.<\/p>\n\t<p>S<\/p>\n\t\t\t\tSNMP\n\t\t\t\t<p><strong>S<\/strong>imple <strong>N<\/strong>etwork <strong>M<\/strong>anagement <strong>P<\/strong>rotocol.<br \/>SNMP is used in network management systems (HP OpenView, IBM NetView) to monitor network-attached devices for conditions that warrant administrative attention.<\/p>\n\t<p>T<\/p>\n\t\t\t\tTAG\n\t\t\t\t<p>Baggage tag.<\/p>\n\t\t\t\tTFT\n\t\t\t\t<p><strong>T<\/strong>hin-<strong>F<\/strong>ilm <strong>T<\/strong>ransistor.<\/p>\n<p>Liquid crystal screen (LCD) technology.<\/p>\n\t<p>U<\/p>\n\t\t\t\tUAF &#038; FA\n\t\t\t\t<p><strong>U<\/strong>nion des<strong> A<\/strong>\u00e9roports <strong>F<\/strong>ran\u00e7ais et <strong>F<\/strong>rancophones <strong>A<\/strong>ssoci\u00e9s.<br \/>The Union of French Airports represents the interests of its members with Parliament and Government, airlines and suppliers.<br \/><a href=\"https:\/\/www.aeroport.fr\/\" target=\"_blank\" rel=\"noopener\">Aller sur le site de l&#8217;UAF &amp; FA.<\/a><\/p>\n\t\t\t\tULD\n\t\t\t\t<p><strong>U<\/strong>nit <strong>L<\/strong>oad <strong>D<\/strong>evice.<\/p>\n<p>Type of container. Unit that bags are loaded into. BAGERA manages the ULD fleet and can identify which ULD a bag is in and where the ULD is at any time.<\/p>\n<p><a href=\"https:\/\/resa.aero\/en\/solutions-security-tracking\/bagera-brts\/\">Find out more about BAGERA<\/a><\/p>\n\t<p>V<\/p>\n\t\t\t\tVISTA\n\t\t\t\t<p><em>RESA product<\/em> &#8211; <strong>F<\/strong>light <strong>I<\/strong>nformation <strong>D<\/strong>isplay <strong>S<\/strong>ystem &#8211; <strong>FIDS<\/strong>.<\/p>\n<p>VISTA is an innovative flight information display system that displays flight information to the public. The system receives information from the FIMS and can handle an unlimited number of images and display terminals.<\/p>\n<p><a href=\"https:\/\/resa.aero\/solutions-operations-facturation\/vista-fids\/\">Find out more about VISTA<\/a><\/p>\n\t\t\t\tVNC\n\t\t\t\t<p><strong>V<\/strong>irtual<strong> N<\/strong>etwork <strong>C<\/strong>omputing.<\/p>\n<p>VNC software provides cross-platform support allowing remote control between different types of computers.<\/p>\n\n","protected":false},"excerpt":{"rendered":"<p>A AIMS Airport Information Management System The Airport Information Management System (AIMS) of RESA is called INFOPAX.Find out more about INFOPAX AODB Airport\u00a0Operational\u00a0Data Base or FIMS (Flight Information Management System). Arrival and departure flight information system. RESA&#8217;s AODB is called INFOPAX. This system transmits flight information to the remote display system or other external systems [&hellip;]<\/p>\n","protected":false},"author":1,"featured_media":0,"parent":0,"menu_order":0,"comment_status":"closed","ping_status":"closed","template":"","meta":{"_acf_changed":false,"inline_featured_image":false,"footnotes":""},"class_list":["post-1390","page","type-page","status-publish","hentry"],"acf":[],"yoast_head":"<!-- This site is optimized with the Yoast SEO plugin v27.5 - https:\/\/yoast.com\/product\/yoast-seo-wordpress\/ -->\n<title>Glossary - RESA<\/title>\n<meta name=\"robots\" content=\"index, follow, max-snippet:-1, max-image-preview:large, max-video-preview:-1\" \/>\n<link rel=\"canonical\" href=\"https:\/\/resa.aero\/en\/glossary\/\" \/>\n<meta property=\"og:locale\" content=\"en_US\" \/>\n<meta property=\"og:type\" content=\"article\" \/>\n<meta property=\"og:title\" content=\"Glossary - RESA\" \/>\n<meta property=\"og:description\" content=\"A AIMS Airport Information Management System The Airport Information Management System (AIMS) of RESA is called INFOPAX.Find out more about INFOPAX AODB Airport\u00a0Operational\u00a0Data Base or FIMS (Flight Information Management System). Arrival and departure flight information system. RESA&#8217;s AODB is called INFOPAX. This system transmits flight information to the remote display system or other external systems [&hellip;]\" \/>\n<meta property=\"og:url\" content=\"https:\/\/resa.aero\/en\/glossary\/\" \/>\n<meta property=\"og:site_name\" content=\"RESA\" \/>\n<meta property=\"article:modified_time\" content=\"2025-09-01T12:50:07+00:00\" \/>\n<meta name=\"twitter:card\" content=\"summary_large_image\" \/>\n<meta name=\"twitter:label1\" content=\"Est. reading time\" \/>\n\t<meta name=\"twitter:data1\" content=\"10 minutes\" \/>\n<script type=\"application\/ld+json\" class=\"yoast-schema-graph\">{\"@context\":\"https:\\\/\\\/schema.org\",\"@graph\":[{\"@type\":\"WebPage\",\"@id\":\"https:\\\/\\\/resa.aero\\\/en\\\/glossary\\\/\",\"url\":\"https:\\\/\\\/resa.aero\\\/en\\\/glossary\\\/\",\"name\":\"Glossary - RESA\",\"isPartOf\":{\"@id\":\"https:\\\/\\\/resa.aero\\\/#website\"},\"datePublished\":\"2022-01-19T08:19:15+00:00\",\"dateModified\":\"2025-09-01T12:50:07+00:00\",\"breadcrumb\":{\"@id\":\"https:\\\/\\\/resa.aero\\\/en\\\/glossary\\\/#breadcrumb\"},\"inLanguage\":\"en-US\",\"potentialAction\":[{\"@type\":\"ReadAction\",\"target\":[\"https:\\\/\\\/resa.aero\\\/en\\\/glossary\\\/\"]}]},{\"@type\":\"BreadcrumbList\",\"@id\":\"https:\\\/\\\/resa.aero\\\/en\\\/glossary\\\/#breadcrumb\",\"itemListElement\":[{\"@type\":\"ListItem\",\"position\":1,\"name\":\"Accueil\",\"item\":\"https:\\\/\\\/resa.aero\\\/en\\\/\"},{\"@type\":\"ListItem\",\"position\":2,\"name\":\"Glossary\"}]},{\"@type\":\"WebSite\",\"@id\":\"https:\\\/\\\/resa.aero\\\/#website\",\"url\":\"https:\\\/\\\/resa.aero\\\/\",\"name\":\"RESA\",\"description\":\"Editeur et int\u00e9grateur de syst\u00e8mes informatiques a\u00e9roportuaires\",\"potentialAction\":[{\"@type\":\"SearchAction\",\"target\":{\"@type\":\"EntryPoint\",\"urlTemplate\":\"https:\\\/\\\/resa.aero\\\/?s={search_term_string}\"},\"query-input\":{\"@type\":\"PropertyValueSpecification\",\"valueRequired\":true,\"valueName\":\"search_term_string\"}}],\"inLanguage\":\"en-US\"}]}<\/script>\n<!-- \/ Yoast SEO plugin. -->","yoast_head_json":{"title":"Glossary - RESA","robots":{"index":"index","follow":"follow","max-snippet":"max-snippet:-1","max-image-preview":"max-image-preview:large","max-video-preview":"max-video-preview:-1"},"canonical":"https:\/\/resa.aero\/en\/glossary\/","og_locale":"en_US","og_type":"article","og_title":"Glossary - RESA","og_description":"A AIMS Airport Information Management System The Airport Information Management System (AIMS) of RESA is called INFOPAX.Find out more about INFOPAX AODB Airport\u00a0Operational\u00a0Data Base or FIMS (Flight Information Management System). Arrival and departure flight information system. RESA&#8217;s AODB is called INFOPAX. This system transmits flight information to the remote display system or other external systems [&hellip;]","og_url":"https:\/\/resa.aero\/en\/glossary\/","og_site_name":"RESA","article_modified_time":"2025-09-01T12:50:07+00:00","twitter_card":"summary_large_image","twitter_misc":{"Est. reading time":"10 minutes"},"schema":{"@context":"https:\/\/schema.org","@graph":[{"@type":"WebPage","@id":"https:\/\/resa.aero\/en\/glossary\/","url":"https:\/\/resa.aero\/en\/glossary\/","name":"Glossary - RESA","isPartOf":{"@id":"https:\/\/resa.aero\/#website"},"datePublished":"2022-01-19T08:19:15+00:00","dateModified":"2025-09-01T12:50:07+00:00","breadcrumb":{"@id":"https:\/\/resa.aero\/en\/glossary\/#breadcrumb"},"inLanguage":"en-US","potentialAction":[{"@type":"ReadAction","target":["https:\/\/resa.aero\/en\/glossary\/"]}]},{"@type":"BreadcrumbList","@id":"https:\/\/resa.aero\/en\/glossary\/#breadcrumb","itemListElement":[{"@type":"ListItem","position":1,"name":"Accueil","item":"https:\/\/resa.aero\/en\/"},{"@type":"ListItem","position":2,"name":"Glossary"}]},{"@type":"WebSite","@id":"https:\/\/resa.aero\/#website","url":"https:\/\/resa.aero\/","name":"RESA","description":"Editeur et int\u00e9grateur de syst\u00e8mes informatiques a\u00e9roportuaires","potentialAction":[{"@type":"SearchAction","target":{"@type":"EntryPoint","urlTemplate":"https:\/\/resa.aero\/?s={search_term_string}"},"query-input":{"@type":"PropertyValueSpecification","valueRequired":true,"valueName":"search_term_string"}}],"inLanguage":"en-US"}]}},"_links":{"self":[{"href":"https:\/\/resa.aero\/en\/wp-json\/wp\/v2\/pages\/1390","targetHints":{"allow":["GET"]}}],"collection":[{"href":"https:\/\/resa.aero\/en\/wp-json\/wp\/v2\/pages"}],"about":[{"href":"https:\/\/resa.aero\/en\/wp-json\/wp\/v2\/types\/page"}],"author":[{"embeddable":true,"href":"https:\/\/resa.aero\/en\/wp-json\/wp\/v2\/users\/1"}],"replies":[{"embeddable":true,"href":"https:\/\/resa.aero\/en\/wp-json\/wp\/v2\/comments?post=1390"}],"version-history":[{"count":2,"href":"https:\/\/resa.aero\/en\/wp-json\/wp\/v2\/pages\/1390\/revisions"}],"predecessor-version":[{"id":7379,"href":"https:\/\/resa.aero\/en\/wp-json\/wp\/v2\/pages\/1390\/revisions\/7379"}],"wp:attachment":[{"href":"https:\/\/resa.aero\/en\/wp-json\/wp\/v2\/media?parent=1390"}],"curies":[{"name":"wp","href":"https:\/\/api.w.org\/{rel}","templated":true}]}}