{"id":1461,"date":"2022-01-18T17:54:03","date_gmt":"2022-01-18T15:54:03","guid":{"rendered":"https:\/\/resa.aero\/a-propos\/"},"modified":"2024-03-01T15:20:47","modified_gmt":"2024-03-01T14:20:47","slug":"about-us","status":"publish","type":"page","link":"https:\/\/resa.aero\/en\/about-us\/","title":{"rendered":"About RESA"},"content":{"rendered":"\n\n\t<p><strong>Leader in airport systems<\/strong><\/p>\n<p>Since 1991, RESA has been developing and marketing automated and integrated software solutions, targeting the operational needs of the airport industry (airports, airlines and handling agents) throughout the world.<\/p>\n\t\t\t\t<img decoding=\"async\" src=\"https:\/\/resa.aero\/wp-content\/uploads\/2022\/12\/Logo-RESA-2.gif\" alt=\"Logo RESA 2\" itemprop=\"image\" height=\"89\" width=\"722\" title=\"Logo RESA 2\" onerror=\"this.style.display='none'\"  \/>\n\t\t\t\t<img decoding=\"async\" src=\"https:\/\/resa.aero\/wp-content\/uploads\/2022\/12\/Globe-avions.jpg\" alt=\"Flying Airplanes and flight paths on the earth globe view from space at night to Europe. All the world map textures are originally from NASA. ( 3d render )Map source Url:  -https:\/\/earthobservatory.nasa.gov\/features\/NightLights\/page3.php\" itemprop=\"image\" height=\"1224\" width=\"2448\" title=\"Flying Airplanes On Earth\" onerror=\"this.style.display='none'\"  \/>\n\t\t\t\t<img decoding=\"async\" src=\"https:\/\/resa.aero\/wp-content\/uploads\/2022\/01\/picto-airline-2x.png\" alt=\"picto-airline-2x\" itemprop=\"image\" height=\"60\" width=\"60\" title=\"picto-airline-2x\" onerror=\"this.style.display='none'\"  \/>\n\t<p><strong>450+<\/strong><\/p>\n\t<p><strong>AIRLINES &amp; HANDLERS<\/strong><\/p>\n\t\t\t\t<img decoding=\"async\" src=\"https:\/\/resa.aero\/wp-content\/uploads\/2022\/01\/picto-world-2x.png\" alt=\"picto-world-2x\" itemprop=\"image\" height=\"60\" width=\"60\" title=\"picto-world-2x\" onerror=\"this.style.display='none'\"  \/>\n\t<p><strong>300+<\/strong><\/p>\n\t<strong>AIRPORTS <br \/>\nWORLWIDE<\/strong>\n\t\t\t\t<img decoding=\"async\" src=\"https:\/\/resa.aero\/wp-content\/uploads\/2022\/01\/picto-passengers-2x.png\" alt=\"picto-passengers-2x\" itemprop=\"image\" height=\"60\" width=\"60\" title=\"picto-passengers-2x\" onerror=\"this.style.display='none'\"  \/>\n\t<p><strong>700M+<\/strong><\/p>\n\t<p><strong>PASSENGERS ANNUALLY<\/strong><\/p>\n\t\t\t\t<img decoding=\"async\" src=\"https:\/\/resa.aero\/wp-content\/uploads\/2022\/12\/Logiciel-etoile-gris-65x65.png\" alt=\"Logiciel Etoile Gris\" itemprop=\"image\" height=\"65\" width=\"65\" title=\"Logiciel Etoile Gris\" onerror=\"this.style.display='none'\"  \/>\n\t<p><strong>1000+<\/strong><\/p>\n\t<p><strong>INSTALLED SYSTEMS<\/strong><\/p>\n\t\t\t\t<img decoding=\"async\" src=\"https:\/\/resa.aero\/wp-content\/uploads\/2022\/12\/Globe-pays-gris-65x65.png\" alt=\"Globe Pays Gris\" itemprop=\"image\" height=\"65\" width=\"65\" title=\"Globe Pays Gris\" onerror=\"this.style.display='none'\"  \/>\n\t<p><strong>60+<\/strong><\/p>\n\t<p><strong>COUNTRIES  COVERED<\/strong><\/p>\n\t\t\t\t<img decoding=\"async\" src=\"https:\/\/resa.aero\/wp-content\/uploads\/2022\/02\/visuel-passenger-tracking.jpg\" alt=\"visuel-passenger-tracking\" itemprop=\"image\" height=\"573\" width=\"863\" title=\"visuel-passenger-tracking\" onerror=\"this.style.display='none'\"  \/>\n\t<strong>Airport-management<\/strong><br \/>\n<strong>software<\/strong>\n<p>The systems provided by RESA are based on software packages, all developed in-house, which cover the main operational needs of airports:<\/p>\n<ul>\n<li>Passenger and baggage operations (check-in, boarding, eGates, automated baggage drop-off, tracking and reconciliation)<\/li>\n<li>Flight management and resource allocation<\/li>\n<li>Remote display<\/li>\n<li>Aeronautical billing<\/li>\n<li>Inter-system integration<\/li>\n<li>Business Intelligence<\/li>\n<\/ul>\n<p>The reliability of RESA&#8217;s products helps transform IT investments into effective cost control and new revenue streams for airports.<\/p>\n<p>Efficiently supporting check-in and boarding management operations and accompanying traffic growth are a daily commitment for all RESA teams.<\/p>\n\t<p>Our mission<\/p>\n<ul>\n<li>Develop and market systems intended to serve the airports around the world, whatever their size.<\/li>\n<li>Provide our customers with our business expertise.<\/li>\n<li>Help airports ensure a high return on their IT investments thanks to an innovative business model and optimized structural costs.<\/li>\n<\/ul>\n\t<p>Our business<\/p>\n<ul>\n<li>Understand, advise and support our client airports, airlines and handling agents closely in their day-to-day operations.<\/li>\n<li>Ensure that our clients implement the latest industry standards through the use of the most innovative technologies.<\/li>\n<\/ul>\n\t<p>Our values<\/p>\n<ul>\n<li>Technological innovation and complete expertise in our developments<\/li>\n<li>Customer commitment at the core of our operations<\/li>\n<li>Quality policy for all our production and services<\/li>\n<li>Develop value-added partnerships with specialists in our market<\/li>\n<li>Guarantee a modern and friendly work environment for our employees and support them in the development of their skills<\/li>\n<\/ul>\n\t\t\t\t<a href=\"https:\/\/resa.aero\/a-propos\/notre-strategie\/\" target=\"_self\" itemprop=\"url\" rel=\"noopener\">\n\t\t\t\t<img decoding=\"async\" src=\"https:\/\/resa.aero\/wp-content\/uploads\/2022\/06\/LAYER-ONE-962x583-1.jpeg\" alt=\"Airplane flying over city buildings, high-rise business skyscrapers. Tourism, transport, transportation, travel by airplane. Airplane transportation in center. City surround airplane transportation.\" itemprop=\"image\" height=\"583\" width=\"962\" title=\"Airplane Flying Over City Business Buildings, High Rise Skyscrapers\" onerror=\"this.style.display='none'\"  \/>\n\t\t\t\t<\/a>\n\t<p>Ecosystem<\/p>\n<p>RESA is at the core of the airport world, as a partner of the main organisations in the aeronautical industry.<\/p>\n<p><a href=\"https:\/\/resa.aero\/en\/about-us\/our-ecosystem\/\">Discover our ecosystem<\/a><\/p>\n\t\t\t<a href=\"https:\/\/resa.aero\/en\/contact\/\" target=\"_self\" rel=\"noopener\">\n\t\t\t\t\t\t\tCONTACT OUR SALES DEPARTMENT\n\t\t\t\t\t<\/a>\n\t<p><strong>See<\/strong> also<\/p>\n\t\t\t<a href=\"https:\/\/resa.aero\/en\/\" target=\"_self\" rel=\"noopener\">\n\t\t\t\t\t\t\tOUR PRODUCTS\n\t\t\t\t\t<\/a>\n\t\t\t<a href=\"https:\/\/resa.aero\/en\/services\/\" target=\"_self\" rel=\"noopener\">\n\t\t\t\t\t\t\tOUR SERVICES\n\t\t\t\t\t<\/a>\n\t\t\t<a href=\"https:\/\/resa.aero\/en\/about-us\/our-ecosystem\/\" target=\"_self\" rel=\"noopener\">\n\t\t\t\t\t\t\tOUR ECOSYSTEM\n\t\t\t\t\t<\/a>\n\n","protected":false},"excerpt":{"rendered":"<p>Leader in airport systems Since 1991, RESA has been developing and marketing automated and integrated software solutions, targeting the operational needs of the airport industry (airports, airlines and handling agents) throughout the world. 450+ AIRLINES &amp; HANDLERS 300+ AIRPORTS WORLWIDE 700M+ PASSENGERS ANNUALLY 1000+ INSTALLED SYSTEMS 60+ COUNTRIES COVERED Airport-management software The systems provided by [&hellip;]<\/p>\n","protected":false},"author":1,"featured_media":0,"parent":0,"menu_order":0,"comment_status":"closed","ping_status":"closed","template":"","meta":{"_acf_changed":false,"inline_featured_image":false,"footnotes":""},"class_list":["post-1461","page","type-page","status-publish","hentry"],"acf":[],"yoast_head":"<!-- This site is optimized with the Yoast SEO plugin v27.5 - https:\/\/yoast.com\/product\/yoast-seo-wordpress\/ -->\n<title>About RESA - RESA<\/title>\n<meta name=\"robots\" content=\"index, follow, max-snippet:-1, max-image-preview:large, max-video-preview:-1\" \/>\n<link rel=\"canonical\" href=\"https:\/\/resa.aero\/en\/about-us\/\" \/>\n<meta property=\"og:locale\" content=\"en_US\" \/>\n<meta property=\"og:type\" content=\"article\" \/>\n<meta property=\"og:title\" content=\"About RESA - RESA\" \/>\n<meta property=\"og:description\" content=\"Leader in airport systems Since 1991, RESA has been developing and marketing automated and integrated software solutions, targeting the operational needs of the airport industry (airports, airlines and handling agents) throughout the world. 450+ AIRLINES &amp; HANDLERS 300+ AIRPORTS WORLWIDE 700M+ PASSENGERS ANNUALLY 1000+ INSTALLED SYSTEMS 60+ COUNTRIES COVERED Airport-management software The systems provided by [&hellip;]\" \/>\n<meta property=\"og:url\" content=\"https:\/\/resa.aero\/en\/about-us\/\" \/>\n<meta property=\"og:site_name\" content=\"RESA\" \/>\n<meta property=\"article:modified_time\" content=\"2024-03-01T14:20:47+00:00\" \/>\n<meta property=\"og:image\" content=\"https:\/\/resa.aero\/wp-content\/uploads\/2022\/12\/Logo-RESA-2.gif\" \/>\n<meta name=\"twitter:card\" content=\"summary_large_image\" \/>\n<meta name=\"twitter:label1\" content=\"Est. reading time\" \/>\n\t<meta name=\"twitter:data1\" content=\"4 minutes\" \/>\n<script type=\"application\/ld+json\" class=\"yoast-schema-graph\">{\"@context\":\"https:\\\/\\\/schema.org\",\"@graph\":[{\"@type\":\"WebPage\",\"@id\":\"https:\\\/\\\/resa.aero\\\/en\\\/about-us\\\/\",\"url\":\"https:\\\/\\\/resa.aero\\\/en\\\/about-us\\\/\",\"name\":\"About RESA - RESA\",\"isPartOf\":{\"@id\":\"https:\\\/\\\/resa.aero\\\/#website\"},\"primaryImageOfPage\":{\"@id\":\"https:\\\/\\\/resa.aero\\\/en\\\/about-us\\\/#primaryimage\"},\"image\":{\"@id\":\"https:\\\/\\\/resa.aero\\\/en\\\/about-us\\\/#primaryimage\"},\"thumbnailUrl\":\"https:\\\/\\\/resa.aero\\\/wp-content\\\/uploads\\\/2022\\\/12\\\/Logo-RESA-2.gif\",\"datePublished\":\"2022-01-18T15:54:03+00:00\",\"dateModified\":\"2024-03-01T14:20:47+00:00\",\"breadcrumb\":{\"@id\":\"https:\\\/\\\/resa.aero\\\/en\\\/about-us\\\/#breadcrumb\"},\"inLanguage\":\"en-US\",\"potentialAction\":[{\"@type\":\"ReadAction\",\"target\":[\"https:\\\/\\\/resa.aero\\\/en\\\/about-us\\\/\"]}]},{\"@type\":\"ImageObject\",\"inLanguage\":\"en-US\",\"@id\":\"https:\\\/\\\/resa.aero\\\/en\\\/about-us\\\/#primaryimage\",\"url\":\"https:\\\/\\\/resa.aero\\\/wp-content\\\/uploads\\\/2022\\\/12\\\/Logo-RESA-2.gif\",\"contentUrl\":\"https:\\\/\\\/resa.aero\\\/wp-content\\\/uploads\\\/2022\\\/12\\\/Logo-RESA-2.gif\"},{\"@type\":\"BreadcrumbList\",\"@id\":\"https:\\\/\\\/resa.aero\\\/en\\\/about-us\\\/#breadcrumb\",\"itemListElement\":[{\"@type\":\"ListItem\",\"position\":1,\"name\":\"Accueil\",\"item\":\"https:\\\/\\\/resa.aero\\\/en\\\/\"},{\"@type\":\"ListItem\",\"position\":2,\"name\":\"About RESA\"}]},{\"@type\":\"WebSite\",\"@id\":\"https:\\\/\\\/resa.aero\\\/#website\",\"url\":\"https:\\\/\\\/resa.aero\\\/\",\"name\":\"RESA\",\"description\":\"Editeur et int\u00e9grateur de syst\u00e8mes informatiques a\u00e9roportuaires\",\"potentialAction\":[{\"@type\":\"SearchAction\",\"target\":{\"@type\":\"EntryPoint\",\"urlTemplate\":\"https:\\\/\\\/resa.aero\\\/?s={search_term_string}\"},\"query-input\":{\"@type\":\"PropertyValueSpecification\",\"valueRequired\":true,\"valueName\":\"search_term_string\"}}],\"inLanguage\":\"en-US\"}]}<\/script>\n<!-- \/ Yoast SEO plugin. -->","yoast_head_json":{"title":"About RESA - RESA","robots":{"index":"index","follow":"follow","max-snippet":"max-snippet:-1","max-image-preview":"max-image-preview:large","max-video-preview":"max-video-preview:-1"},"canonical":"https:\/\/resa.aero\/en\/about-us\/","og_locale":"en_US","og_type":"article","og_title":"About RESA - RESA","og_description":"Leader in airport systems Since 1991, RESA has been developing and marketing automated and integrated software solutions, targeting the operational needs of the airport industry (airports, airlines and handling agents) throughout the world. 450+ AIRLINES &amp; HANDLERS 300+ AIRPORTS WORLWIDE 700M+ PASSENGERS ANNUALLY 1000+ INSTALLED SYSTEMS 60+ COUNTRIES COVERED Airport-management software The systems provided by [&hellip;]","og_url":"https:\/\/resa.aero\/en\/about-us\/","og_site_name":"RESA","article_modified_time":"2024-03-01T14:20:47+00:00","og_image":[{"url":"https:\/\/resa.aero\/wp-content\/uploads\/2022\/12\/Logo-RESA-2.gif","type":"","width":"","height":""}],"twitter_card":"summary_large_image","twitter_misc":{"Est. reading time":"4 minutes"},"schema":{"@context":"https:\/\/schema.org","@graph":[{"@type":"WebPage","@id":"https:\/\/resa.aero\/en\/about-us\/","url":"https:\/\/resa.aero\/en\/about-us\/","name":"About RESA - RESA","isPartOf":{"@id":"https:\/\/resa.aero\/#website"},"primaryImageOfPage":{"@id":"https:\/\/resa.aero\/en\/about-us\/#primaryimage"},"image":{"@id":"https:\/\/resa.aero\/en\/about-us\/#primaryimage"},"thumbnailUrl":"https:\/\/resa.aero\/wp-content\/uploads\/2022\/12\/Logo-RESA-2.gif","datePublished":"2022-01-18T15:54:03+00:00","dateModified":"2024-03-01T14:20:47+00:00","breadcrumb":{"@id":"https:\/\/resa.aero\/en\/about-us\/#breadcrumb"},"inLanguage":"en-US","potentialAction":[{"@type":"ReadAction","target":["https:\/\/resa.aero\/en\/about-us\/"]}]},{"@type":"ImageObject","inLanguage":"en-US","@id":"https:\/\/resa.aero\/en\/about-us\/#primaryimage","url":"https:\/\/resa.aero\/wp-content\/uploads\/2022\/12\/Logo-RESA-2.gif","contentUrl":"https:\/\/resa.aero\/wp-content\/uploads\/2022\/12\/Logo-RESA-2.gif"},{"@type":"BreadcrumbList","@id":"https:\/\/resa.aero\/en\/about-us\/#breadcrumb","itemListElement":[{"@type":"ListItem","position":1,"name":"Accueil","item":"https:\/\/resa.aero\/en\/"},{"@type":"ListItem","position":2,"name":"About RESA"}]},{"@type":"WebSite","@id":"https:\/\/resa.aero\/#website","url":"https:\/\/resa.aero\/","name":"RESA","description":"Editeur et int\u00e9grateur de syst\u00e8mes informatiques a\u00e9roportuaires","potentialAction":[{"@type":"SearchAction","target":{"@type":"EntryPoint","urlTemplate":"https:\/\/resa.aero\/?s={search_term_string}"},"query-input":{"@type":"PropertyValueSpecification","valueRequired":true,"valueName":"search_term_string"}}],"inLanguage":"en-US"}]}},"_links":{"self":[{"href":"https:\/\/resa.aero\/en\/wp-json\/wp\/v2\/pages\/1461","targetHints":{"allow":["GET"]}}],"collection":[{"href":"https:\/\/resa.aero\/en\/wp-json\/wp\/v2\/pages"}],"about":[{"href":"https:\/\/resa.aero\/en\/wp-json\/wp\/v2\/types\/page"}],"author":[{"embeddable":true,"href":"https:\/\/resa.aero\/en\/wp-json\/wp\/v2\/users\/1"}],"replies":[{"embeddable":true,"href":"https:\/\/resa.aero\/en\/wp-json\/wp\/v2\/comments?post=1461"}],"version-history":[{"count":1,"href":"https:\/\/resa.aero\/en\/wp-json\/wp\/v2\/pages\/1461\/revisions"}],"predecessor-version":[{"id":6588,"href":"https:\/\/resa.aero\/en\/wp-json\/wp\/v2\/pages\/1461\/revisions\/6588"}],"wp:attachment":[{"href":"https:\/\/resa.aero\/en\/wp-json\/wp\/v2\/media?parent=1461"}],"curies":[{"name":"wp","href":"https:\/\/api.w.org\/{rel}","templated":true}]}}