{"id":1854,"date":"2022-01-18T17:54:02","date_gmt":"2022-01-18T15:54:02","guid":{"rendered":"https:\/\/resa.aero\/experience-passager\/layer-one\/layer-one-kernel\/"},"modified":"2024-09-27T16:31:28","modified_gmt":"2024-09-27T14:31:28","slug":"layer-one-unique-interface","status":"publish","type":"page","link":"https:\/\/resa.aero\/en\/solutions-passenger-processing-experience\/layer-one-unique-interface\/","title":{"rendered":"LAYER ONE UNIQUE INTERFACE"},"content":{"rendered":"\n\n\t<p>LAYER ONE UNIQUE INTERFACE<\/p>\n<p>LAYER ONE offers airports, handlers or airlines a hosted solution for passenger management operations such as check-in, baggage drop-off, boarding, etc., in a standard environment, whether in terms of passenger experience, user interface or system administration.<\/p>\n<p><strong>The UNIQUE INTERFACE module is the core of the LAYER ONE system and its database is installed in RESA&#8217;s data centers.<\/strong><\/p>\n\t\t\t\t<img decoding=\"async\" src=\"https:\/\/resa.aero\/wp-content\/uploads\/2022\/03\/Ill_Iso_Bleu_LayerOne.svg\" alt=\"Ill_Iso_Bleu_LayerOne\" itemprop=\"image\" height=\"0\" width=\"0\" title=\"Ill_Iso_Bleu_LayerOne\" onerror=\"this.style.display='none'\"  \/>\n\t\t\t\t<img decoding=\"async\" src=\"https:\/\/resa.aero\/wp-content\/uploads\/2022\/03\/systeme-communiquant-bleu.png\" alt=\"\" itemprop=\"image\" onerror=\"this.style.display='none'\"  \/>\n\t<p><b>Autonomy in the selection of hardware<\/b><\/p>\n\t\t\t\t<img decoding=\"async\" src=\"https:\/\/resa.aero\/wp-content\/uploads\/2022\/03\/plateforme-langage-universel-bleu.png\" alt=\"\" itemprop=\"image\" onerror=\"this.style.display='none'\"  \/>\n\t<p><b>Standardization of embedded software<\/b><\/p>\n\t<p>Advantages of <strong>LAYER ONE UNIQUE INTERFACE<\/strong><\/p>\n<ul>\n<li><b>LAYER ONE UNIQUE INTERFACE<\/b>\u00a0facilitates and simplifies connections to airline DCS.<\/li>\n<li><b>LAYER ONE UNIQUE INTERFACE<\/b>\u00a0consolidates and standardizes the administration and supervision of the various applications.<\/li>\n<\/ul>\n\t\t\t\t<img decoding=\"async\" src=\"https:\/\/resa.aero\/wp-content\/uploads\/2022\/10\/LAYER-ONE-KERNEL.jpg\" alt=\"Abstract security cloud technology background. Illustration Vector\" itemprop=\"image\" height=\"1376\" width=\"2180\" title=\"Abstract Security Cloud Technology Background.\" onerror=\"this.style.display='none'\"  \/>\n\t<p><strong>FEATURES<\/strong><\/p>\n\t<p>Centralizes the data exchanges of a DCS<\/p>\n\t<p>Simplified hardware supervision<\/p>\n\t<p>Easy and centralized access to statistics<\/p>\n\t<p>Supports web services interfaces, API and more<\/p>\n\t<p>Once integrated, the application is available for all airports<\/p>\n\t<p>Can be used outside the airport (hotel, drop-off in town&#8230;)<\/p>\n\t<p>A dedicated customer service<\/p>\n\t<p><strong>PROJECT<\/strong><\/p>\n\t\t\t\t<img decoding=\"async\" src=\"https:\/\/resa.aero\/wp-content\/uploads\/2022\/02\/separateur-bleu.png\" alt=\"separateur-bleu\" itemprop=\"image\" height=\"22\" width=\"13\" title=\"separateur-bleu\" onerror=\"this.style.display='none'\"  \/>\n\t<p><strong>DEPLOYMENT<\/strong><\/p>\n\t\t\t\t<img decoding=\"async\" src=\"https:\/\/resa.aero\/wp-content\/uploads\/2022\/02\/separateur-bleu.png\" alt=\"separateur-bleu\" itemprop=\"image\" height=\"22\" width=\"13\" title=\"separateur-bleu\" onerror=\"this.style.display='none'\"  \/>\n\t<p><strong>SUPPORT<\/strong><\/p>\n\t\t\t\t<img decoding=\"async\" src=\"https:\/\/resa.aero\/wp-content\/uploads\/2022\/02\/separateur-bleu.png\" alt=\"separateur-bleu\" itemprop=\"image\" height=\"22\" width=\"13\" title=\"separateur-bleu\" onerror=\"this.style.display='none'\"  \/>\n\t<p><strong>MAINTENANCE<\/strong><\/p>\n\t\t\t<a href=\"https:\/\/resa.aero\/en\/services\/\" target=\"_self\" rel=\"noopener\">\n\t\t\t\t\t\t\tDISCOVER OUR CUSTOMER SERVICE\n\t\t\t\t\t<\/a>\n\t<p>Our other solutions<\/p>\n\t\t\t\t<a href=\"https:\/\/resa.aero\/en\/solutions-security-tracking\/\" target=\"_self\" itemprop=\"url\" rel=\"noopener\">\n\t\t\t\t<img decoding=\"async\" src=\"https:\/\/resa.aero\/wp-content\/uploads\/2022\/05\/RES_bout_menu_Fam_Rge-EN.svg\" alt=\"Security &amp; Tracking\" itemprop=\"image\" height=\"0\" width=\"0\" title=\"Security &amp; Tracking\" onerror=\"this.style.display='none'\"  \/>\n\t\t\t\t<\/a>\n\t\t\t\t<a href=\"https:\/\/resa.aero\/en\/solutions-operations-billing\/\" target=\"_self\" itemprop=\"url\" rel=\"noopener\">\n\t\t\t\t<img decoding=\"async\" src=\"https:\/\/resa.aero\/wp-content\/uploads\/2022\/05\/RES_bout_menu_Fam_ver-EN.svg\" alt=\"Operations &amp; Billing\" itemprop=\"image\" height=\"0\" width=\"0\" title=\"Operations &amp; Billing\" onerror=\"this.style.display='none'\"  \/>\n\t\t\t\t<\/a>\n\t\t\t\t<a href=\"https:\/\/resa.aero\/en\/solutions-smart-efficiency\/\" target=\"_self\" itemprop=\"url\" rel=\"noopener\">\n\t\t\t\t<img decoding=\"async\" src=\"https:\/\/resa.aero\/wp-content\/uploads\/2022\/05\/RES_bout_menu_Fam_gri-EN.svg\" alt=\"Smart efficiency\" itemprop=\"image\" height=\"0\" width=\"0\" title=\"Smart efficiency\" onerror=\"this.style.display='none'\"  \/>\n\t\t\t\t<\/a>\n\t\t\t\t<img decoding=\"async\" src=\"https:\/\/resa.aero\/wp-content\/uploads\/2022\/02\/montage-avions.webp\" alt=\"montage-avions\" itemprop=\"image\" height=\"556\" width=\"1462\" title=\"montage-avions\" onerror=\"this.style.display='none'\"  \/>\n\n","protected":false},"excerpt":{"rendered":"<p>LAYER ONE UNIQUE INTERFACE LAYER ONE offers airports, handlers or airlines a hosted solution for passenger management operations such as check-in, baggage drop-off, boarding, etc., in a standard environment, whether in terms of passenger experience, user interface or system administration. The UNIQUE INTERFACE module is the core of the LAYER ONE system and its database [&hellip;]<\/p>\n","protected":false},"author":1,"featured_media":0,"parent":1843,"menu_order":0,"comment_status":"closed","ping_status":"closed","template":"page-module.php","meta":{"_acf_changed":false,"inline_featured_image":false,"footnotes":""},"class_list":["post-1854","page","type-page","status-publish","hentry"],"acf":[],"yoast_head":"<!-- This site is optimized with the Yoast SEO plugin v27.5 - https:\/\/yoast.com\/product\/yoast-seo-wordpress\/ -->\n<title>LAYER ONE UNIQUE INTERFACE - RESA<\/title>\n<meta name=\"robots\" content=\"index, follow, max-snippet:-1, max-image-preview:large, max-video-preview:-1\" \/>\n<link rel=\"canonical\" href=\"https:\/\/resa.aero\/en\/solutions-passenger-processing-experience\/layer-one-unique-interface\/\" \/>\n<meta property=\"og:locale\" content=\"en_US\" \/>\n<meta property=\"og:type\" content=\"article\" \/>\n<meta property=\"og:title\" content=\"LAYER ONE UNIQUE INTERFACE - RESA\" \/>\n<meta property=\"og:description\" content=\"LAYER ONE UNIQUE INTERFACE LAYER ONE offers airports, handlers or airlines a hosted solution for passenger management operations such as check-in, baggage drop-off, boarding, etc., in a standard environment, whether in terms of passenger experience, user interface or system administration. The UNIQUE INTERFACE module is the core of the LAYER ONE system and its database [&hellip;]\" \/>\n<meta property=\"og:url\" content=\"https:\/\/resa.aero\/en\/solutions-passenger-processing-experience\/layer-one-unique-interface\/\" \/>\n<meta property=\"og:site_name\" content=\"RESA\" \/>\n<meta property=\"article:modified_time\" content=\"2024-09-27T14:31:28+00:00\" \/>\n<meta property=\"og:image\" content=\"https:\/\/resa.aero\/wp-content\/uploads\/2022\/03\/Ill_Iso_Bleu_LayerOne.svg\" \/>\n<meta name=\"twitter:card\" content=\"summary_large_image\" \/>\n<meta name=\"twitter:label1\" content=\"Est. reading time\" \/>\n\t<meta name=\"twitter:data1\" content=\"3 minutes\" \/>\n<script type=\"application\/ld+json\" class=\"yoast-schema-graph\">{\"@context\":\"https:\\\/\\\/schema.org\",\"@graph\":[{\"@type\":\"WebPage\",\"@id\":\"https:\\\/\\\/resa.aero\\\/en\\\/solutions-passenger-processing-experience\\\/layer-one-unique-interface\\\/\",\"url\":\"https:\\\/\\\/resa.aero\\\/en\\\/solutions-passenger-processing-experience\\\/layer-one-unique-interface\\\/\",\"name\":\"LAYER ONE UNIQUE INTERFACE - RESA\",\"isPartOf\":{\"@id\":\"https:\\\/\\\/resa.aero\\\/#website\"},\"primaryImageOfPage\":{\"@id\":\"https:\\\/\\\/resa.aero\\\/en\\\/solutions-passenger-processing-experience\\\/layer-one-unique-interface\\\/#primaryimage\"},\"image\":{\"@id\":\"https:\\\/\\\/resa.aero\\\/en\\\/solutions-passenger-processing-experience\\\/layer-one-unique-interface\\\/#primaryimage\"},\"thumbnailUrl\":\"https:\\\/\\\/resa.aero\\\/wp-content\\\/uploads\\\/2022\\\/03\\\/Ill_Iso_Bleu_LayerOne.svg\",\"datePublished\":\"2022-01-18T15:54:02+00:00\",\"dateModified\":\"2024-09-27T14:31:28+00:00\",\"breadcrumb\":{\"@id\":\"https:\\\/\\\/resa.aero\\\/en\\\/solutions-passenger-processing-experience\\\/layer-one-unique-interface\\\/#breadcrumb\"},\"inLanguage\":\"en-US\",\"potentialAction\":[{\"@type\":\"ReadAction\",\"target\":[\"https:\\\/\\\/resa.aero\\\/en\\\/solutions-passenger-processing-experience\\\/layer-one-unique-interface\\\/\"]}]},{\"@type\":\"ImageObject\",\"inLanguage\":\"en-US\",\"@id\":\"https:\\\/\\\/resa.aero\\\/en\\\/solutions-passenger-processing-experience\\\/layer-one-unique-interface\\\/#primaryimage\",\"url\":\"https:\\\/\\\/resa.aero\\\/wp-content\\\/uploads\\\/2022\\\/03\\\/Ill_Iso_Bleu_LayerOne.svg\",\"contentUrl\":\"https:\\\/\\\/resa.aero\\\/wp-content\\\/uploads\\\/2022\\\/03\\\/Ill_Iso_Bleu_LayerOne.svg\"},{\"@type\":\"BreadcrumbList\",\"@id\":\"https:\\\/\\\/resa.aero\\\/en\\\/solutions-passenger-processing-experience\\\/layer-one-unique-interface\\\/#breadcrumb\",\"itemListElement\":[{\"@type\":\"ListItem\",\"position\":1,\"name\":\"Accueil\",\"item\":\"https:\\\/\\\/resa.aero\\\/en\\\/\"},{\"@type\":\"ListItem\",\"position\":2,\"name\":\"Passenger Processing Experience\",\"item\":\"https:\\\/\\\/resa.aero\\\/en\\\/solutions-passenger-processing-experience\\\/\"},{\"@type\":\"ListItem\",\"position\":3,\"name\":\"LAYER ONE UNIQUE INTERFACE\"}]},{\"@type\":\"WebSite\",\"@id\":\"https:\\\/\\\/resa.aero\\\/#website\",\"url\":\"https:\\\/\\\/resa.aero\\\/\",\"name\":\"RESA\",\"description\":\"Editeur et int\u00e9grateur de syst\u00e8mes informatiques a\u00e9roportuaires\",\"potentialAction\":[{\"@type\":\"SearchAction\",\"target\":{\"@type\":\"EntryPoint\",\"urlTemplate\":\"https:\\\/\\\/resa.aero\\\/?s={search_term_string}\"},\"query-input\":{\"@type\":\"PropertyValueSpecification\",\"valueRequired\":true,\"valueName\":\"search_term_string\"}}],\"inLanguage\":\"en-US\"}]}<\/script>\n<!-- \/ Yoast SEO plugin. -->","yoast_head_json":{"title":"LAYER ONE UNIQUE INTERFACE - RESA","robots":{"index":"index","follow":"follow","max-snippet":"max-snippet:-1","max-image-preview":"max-image-preview:large","max-video-preview":"max-video-preview:-1"},"canonical":"https:\/\/resa.aero\/en\/solutions-passenger-processing-experience\/layer-one-unique-interface\/","og_locale":"en_US","og_type":"article","og_title":"LAYER ONE UNIQUE INTERFACE - RESA","og_description":"LAYER ONE UNIQUE INTERFACE LAYER ONE offers airports, handlers or airlines a hosted solution for passenger management operations such as check-in, baggage drop-off, boarding, etc., in a standard environment, whether in terms of passenger experience, user interface or system administration. The UNIQUE INTERFACE module is the core of the LAYER ONE system and its database [&hellip;]","og_url":"https:\/\/resa.aero\/en\/solutions-passenger-processing-experience\/layer-one-unique-interface\/","og_site_name":"RESA","article_modified_time":"2024-09-27T14:31:28+00:00","og_image":[{"url":"https:\/\/resa.aero\/wp-content\/uploads\/2022\/03\/Ill_Iso_Bleu_LayerOne.svg","type":"","width":"","height":""}],"twitter_card":"summary_large_image","twitter_misc":{"Est. reading time":"3 minutes"},"schema":{"@context":"https:\/\/schema.org","@graph":[{"@type":"WebPage","@id":"https:\/\/resa.aero\/en\/solutions-passenger-processing-experience\/layer-one-unique-interface\/","url":"https:\/\/resa.aero\/en\/solutions-passenger-processing-experience\/layer-one-unique-interface\/","name":"LAYER ONE UNIQUE INTERFACE - RESA","isPartOf":{"@id":"https:\/\/resa.aero\/#website"},"primaryImageOfPage":{"@id":"https:\/\/resa.aero\/en\/solutions-passenger-processing-experience\/layer-one-unique-interface\/#primaryimage"},"image":{"@id":"https:\/\/resa.aero\/en\/solutions-passenger-processing-experience\/layer-one-unique-interface\/#primaryimage"},"thumbnailUrl":"https:\/\/resa.aero\/wp-content\/uploads\/2022\/03\/Ill_Iso_Bleu_LayerOne.svg","datePublished":"2022-01-18T15:54:02+00:00","dateModified":"2024-09-27T14:31:28+00:00","breadcrumb":{"@id":"https:\/\/resa.aero\/en\/solutions-passenger-processing-experience\/layer-one-unique-interface\/#breadcrumb"},"inLanguage":"en-US","potentialAction":[{"@type":"ReadAction","target":["https:\/\/resa.aero\/en\/solutions-passenger-processing-experience\/layer-one-unique-interface\/"]}]},{"@type":"ImageObject","inLanguage":"en-US","@id":"https:\/\/resa.aero\/en\/solutions-passenger-processing-experience\/layer-one-unique-interface\/#primaryimage","url":"https:\/\/resa.aero\/wp-content\/uploads\/2022\/03\/Ill_Iso_Bleu_LayerOne.svg","contentUrl":"https:\/\/resa.aero\/wp-content\/uploads\/2022\/03\/Ill_Iso_Bleu_LayerOne.svg"},{"@type":"BreadcrumbList","@id":"https:\/\/resa.aero\/en\/solutions-passenger-processing-experience\/layer-one-unique-interface\/#breadcrumb","itemListElement":[{"@type":"ListItem","position":1,"name":"Accueil","item":"https:\/\/resa.aero\/en\/"},{"@type":"ListItem","position":2,"name":"Passenger Processing Experience","item":"https:\/\/resa.aero\/en\/solutions-passenger-processing-experience\/"},{"@type":"ListItem","position":3,"name":"LAYER ONE UNIQUE INTERFACE"}]},{"@type":"WebSite","@id":"https:\/\/resa.aero\/#website","url":"https:\/\/resa.aero\/","name":"RESA","description":"Editeur et int\u00e9grateur de syst\u00e8mes informatiques a\u00e9roportuaires","potentialAction":[{"@type":"SearchAction","target":{"@type":"EntryPoint","urlTemplate":"https:\/\/resa.aero\/?s={search_term_string}"},"query-input":{"@type":"PropertyValueSpecification","valueRequired":true,"valueName":"search_term_string"}}],"inLanguage":"en-US"}]}},"_links":{"self":[{"href":"https:\/\/resa.aero\/en\/wp-json\/wp\/v2\/pages\/1854","targetHints":{"allow":["GET"]}}],"collection":[{"href":"https:\/\/resa.aero\/en\/wp-json\/wp\/v2\/pages"}],"about":[{"href":"https:\/\/resa.aero\/en\/wp-json\/wp\/v2\/types\/page"}],"author":[{"embeddable":true,"href":"https:\/\/resa.aero\/en\/wp-json\/wp\/v2\/users\/1"}],"replies":[{"embeddable":true,"href":"https:\/\/resa.aero\/en\/wp-json\/wp\/v2\/comments?post=1854"}],"version-history":[{"count":3,"href":"https:\/\/resa.aero\/en\/wp-json\/wp\/v2\/pages\/1854\/revisions"}],"predecessor-version":[{"id":6916,"href":"https:\/\/resa.aero\/en\/wp-json\/wp\/v2\/pages\/1854\/revisions\/6916"}],"up":[{"embeddable":true,"href":"https:\/\/resa.aero\/en\/wp-json\/wp\/v2\/pages\/1843"}],"wp:attachment":[{"href":"https:\/\/resa.aero\/en\/wp-json\/wp\/v2\/media?parent=1854"}],"curies":[{"name":"wp","href":"https:\/\/api.w.org\/{rel}","templated":true}]}}