{"id":1858,"date":"2022-01-18T17:54:02","date_gmt":"2022-01-18T15:54:02","guid":{"rendered":"https:\/\/resa.aero\/experience-passager\/on-board\/on-board-airport-ldcs\/"},"modified":"2023-03-27T18:05:22","modified_gmt":"2023-03-27T16:05:22","slug":"on-board-airport-ldcs","status":"publish","type":"page","link":"https:\/\/resa.aero\/en\/solutions-passenger-processing-experience\/on-board-airport-ldcs\/","title":{"rendered":"ON BOARD AIRPORT LDCS"},"content":{"rendered":"\n\n\t<p>ON BOARD AIRPORT LDCS<\/p>\n<h1><strong>Decentralized passenger check-in and boarding system<\/strong><\/h1>\n<p>Designed to handle passenger check-in and boarding from a local computer system, ON BOARD is particularly suitable for airlines with no DCS or those performing these tasks manually (low-cost airlines, charters, etc.).<\/p>\n<p>The system secures and speeds up these operations, while providing improved service to passengers. It also manages all 2D boarding document formats (compliant with the IATA PSCRM &#8211; RP792 standard), regardless of the media used (BP, mobile phone, printed pages on the web, etc.).<\/p>\n\t\t\t\t<img decoding=\"async\" src=\"https:\/\/resa.aero\/wp-content\/uploads\/2022\/02\/Ill_Iso_Bleu_OnBoard-Airport-LDCS.svg\" alt=\"Ill_Iso_Bleu_OnBoard Airport LDCS\" itemprop=\"image\" height=\"0\" width=\"0\" title=\"Ill_Iso_Bleu_OnBoard Airport LDCS\" onerror=\"this.style.display='none'\"  \/>\n\t\t\t\t<img decoding=\"async\" src=\"https:\/\/resa.aero\/wp-content\/uploads\/2022\/09\/RECO-IATA-bleu-contour.png\" alt=\"RECO IATA Bleu Contour\" itemprop=\"image\" height=\"161\" width=\"161\" title=\"RECO IATA Bleu Contour\" onerror=\"this.style.display='none'\"  \/>\n\t<p><strong>IATA PSCRM &#8211; RP792  compliant<\/strong><\/p>\n\t\t\t\t<img decoding=\"async\" src=\"https:\/\/resa.aero\/wp-content\/uploads\/2022\/03\/securite-systeme-bleu.png\" alt=\"\" itemprop=\"image\" onerror=\"this.style.display='none'\"  \/>\n\t<p><b>Secure system<\/b><\/p>\n\t<p>Advantages of <strong>ON BOARD AIRPORT LDCS<\/strong><\/p>\n<ul>\n<li><strong>ON BOARD <\/strong>helps create cabin plans according to the aircraft layout. Fleet cabin plans are drawn through a simple and intuitive graphic interface.<\/li>\n<li><strong>ON BOARD <\/strong>also includes the possiblity to define different parameters for each airline such as: excess baggage calculation rule, reservation classes, IATA messages, etc.<\/li>\n<li>In the absence of an AODB, and according to the criteria defined by the airline (type of flight, type of aircraft, period of passage, etc.) <strong>ON BOARD<\/strong>\u00a0allows flights to be entered as seasonal.<\/li>\n<li><strong>ON BOARD <\/strong>meets security and confidentiality requirements: each agent in charge of an airline can only access the reference data linked to the flights handled by this agent.<\/li>\n<li><strong>ON BOARD <\/strong>handles &#8220;through check-in&#8221;.<\/li>\n<li>Centralized management of <a href=\"https:\/\/resa.aero\/en\/solutions-passenger-processing-experience\/on-board-apis\/\">APIS<\/a> via RESA data center.<\/li>\n<li>CUSS application available.<\/li>\n<\/ul>\n\t\t\t\t<img decoding=\"async\" src=\"https:\/\/resa.aero\/wp-content\/uploads\/2022\/10\/ON-BOARD-LDCS-683x1024.jpg\" alt=\"Three friends in transport terminal ready for their vacation take a selfie to remember the moment\" itemprop=\"image\" height=\"1024\" width=\"683\" title=\"Airport Selfie\" onerror=\"this.style.display='none'\"  \/>\n\t<p><strong>FEATURES<\/strong><\/p>\n\t\t\t\t<img decoding=\"async\" src=\"https:\/\/resa.aero\/wp-content\/uploads\/2022\/08\/Checkin_Main_en.png\" alt=\"Checkin Main En\" itemprop=\"image\" height=\"959\" width=\"1689\" title=\"Checkin Main En\" onerror=\"this.style.display='none'\"  \/>\n\t<p>Automatic integration of airlines&#8217; passenger list (PNL\/ADL) by all available channels<\/p>\n\t<p>Passenger check-in and boarding from a standard workstation &#8211; CREWS TYPE\u00a0<\/p>\n\t<p>Printing of boarding passes and bag tags<\/p>\n\t<p>Seat allocation during check-in by direct entry or by automatic allocation<\/p>\n\t<p>Handling of connecting flights for baggage (final destination on bag tags)<\/p>\n\t<p>Post processing of passenger and baggage flight data possible<\/p>\n\t<p>A dedicated customer service<\/p>\n\t<p><strong>PROJECT<\/strong><\/p>\n\t\t\t\t<img decoding=\"async\" src=\"https:\/\/resa.aero\/wp-content\/uploads\/2022\/02\/separateur-bleu.png\" alt=\"separateur-bleu\" itemprop=\"image\" title=\"separateur-bleu\" onerror=\"this.style.display='none'\"  \/>\n\t<p><strong>DEPLOYMENT<\/strong><\/p>\n\t\t\t\t<img decoding=\"async\" src=\"https:\/\/resa.aero\/wp-content\/uploads\/2022\/02\/separateur-bleu.png\" alt=\"separateur-bleu\" itemprop=\"image\" title=\"separateur-bleu\" onerror=\"this.style.display='none'\"  \/>\n\t<p><strong>SUPPORT<\/strong><\/p>\n\t\t\t\t<img decoding=\"async\" src=\"https:\/\/resa.aero\/wp-content\/uploads\/2022\/02\/separateur-bleu.png\" alt=\"separateur-bleu\" itemprop=\"image\" title=\"separateur-bleu\" onerror=\"this.style.display='none'\"  \/>\n\t<p><strong>MAINTENANCE<\/strong><\/p>\n\t\t\t<a href=\"https:\/\/resa.aero\/en\/services\/\" target=\"_self\" role=\"button\" rel=\"noopener\">\n\t\t\t\t\t\t\t DISCOVER OUR CUSTOMER SERVICE\n\t\t\t\t\t<\/a>\n\t<p>Our other solutions<\/p>\n\t\t\t\t<a href=\"https:\/\/resa.aero\/en\/solutions-security-tracking\/\" target=\"_self\" itemprop=\"url\" rel=\"noopener\">\n\t\t\t\t<img decoding=\"async\" src=\"https:\/\/resa.aero\/wp-content\/uploads\/2022\/05\/RES_bout_menu_Fam_Rge-EN.svg\" alt=\"Security &amp; Tracking\" itemprop=\"image\" height=\"0\" width=\"0\" title=\"Security &amp; Tracking\" onerror=\"this.style.display='none'\"  \/>\n\t\t\t\t<\/a>\n\t\t\t\t<a href=\"https:\/\/resa.aero\/en\/solutions-operations-billing\/\" target=\"_self\" itemprop=\"url\" rel=\"noopener\">\n\t\t\t\t<img decoding=\"async\" src=\"https:\/\/resa.aero\/wp-content\/uploads\/2022\/05\/RES_bout_menu_Fam_ver-EN.svg\" alt=\"Operations &amp; Billing\" itemprop=\"image\" height=\"0\" width=\"0\" title=\"Operations &amp; Billing\" onerror=\"this.style.display='none'\"  \/>\n\t\t\t\t<\/a>\n\t\t\t\t<a href=\"https:\/\/resa.aero\/en\/solutions-smart-efficiency\/\" target=\"_self\" itemprop=\"url\" rel=\"noopener\">\n\t\t\t\t<img decoding=\"async\" src=\"https:\/\/resa.aero\/wp-content\/uploads\/2022\/05\/RES_bout_menu_Fam_gri-EN.svg\" alt=\"Smart efficiency\" itemprop=\"image\" height=\"0\" width=\"0\" title=\"Smart efficiency\" onerror=\"this.style.display='none'\"  \/>\n\t\t\t\t<\/a>\n\t\t\t\t<img decoding=\"async\" src=\"https:\/\/resa.aero\/wp-content\/uploads\/2022\/02\/montage-avions.webp\" alt=\"montage-avions\" itemprop=\"image\" title=\"montage-avions\" onerror=\"this.style.display='none'\"  \/>\n\n","protected":false},"excerpt":{"rendered":"<p>ON BOARD AIRPORT LDCS Decentralized passenger check-in and boarding system Designed to handle passenger check-in and boarding from a local computer system, ON BOARD is particularly suitable for airlines with no DCS or those performing these tasks manually (low-cost airlines, charters, etc.). The system secures and speeds up these operations, while providing improved service to [&hellip;]<\/p>\n","protected":false},"author":1,"featured_media":0,"parent":1843,"menu_order":0,"comment_status":"closed","ping_status":"closed","template":"page-module.php","meta":{"_acf_changed":false,"inline_featured_image":false,"footnotes":""},"class_list":["post-1858","page","type-page","status-publish","hentry"],"acf":[],"yoast_head":"<!-- This site is optimized with the Yoast SEO plugin v27.5 - https:\/\/yoast.com\/product\/yoast-seo-wordpress\/ -->\n<title>ON BOARD AIRPORT LDCS - RESA<\/title>\n<meta name=\"robots\" content=\"index, follow, max-snippet:-1, max-image-preview:large, max-video-preview:-1\" \/>\n<link rel=\"canonical\" href=\"https:\/\/resa.aero\/en\/solutions-passenger-processing-experience\/on-board-airport-ldcs\/\" \/>\n<meta property=\"og:locale\" content=\"en_US\" \/>\n<meta property=\"og:type\" content=\"article\" \/>\n<meta property=\"og:title\" content=\"ON BOARD AIRPORT LDCS - RESA\" \/>\n<meta property=\"og:description\" content=\"ON BOARD AIRPORT LDCS Decentralized passenger check-in and boarding system Designed to handle passenger check-in and boarding from a local computer system, ON BOARD is particularly suitable for airlines with no DCS or those performing these tasks manually (low-cost airlines, charters, etc.). The system secures and speeds up these operations, while providing improved service to [&hellip;]\" \/>\n<meta property=\"og:url\" content=\"https:\/\/resa.aero\/en\/solutions-passenger-processing-experience\/on-board-airport-ldcs\/\" \/>\n<meta property=\"og:site_name\" content=\"RESA\" \/>\n<meta property=\"article:modified_time\" content=\"2023-03-27T16:05:22+00:00\" \/>\n<meta property=\"og:image\" content=\"https:\/\/resa.aero\/wp-content\/uploads\/2022\/02\/Ill_Iso_Bleu_OnBoard-Airport-LDCS.svg\" \/>\n<meta name=\"twitter:card\" content=\"summary_large_image\" \/>\n<meta name=\"twitter:label1\" content=\"Est. reading time\" \/>\n\t<meta name=\"twitter:data1\" content=\"4 minutes\" \/>\n<script type=\"application\/ld+json\" class=\"yoast-schema-graph\">{\"@context\":\"https:\\\/\\\/schema.org\",\"@graph\":[{\"@type\":\"WebPage\",\"@id\":\"https:\\\/\\\/resa.aero\\\/en\\\/solutions-passenger-processing-experience\\\/on-board-airport-ldcs\\\/\",\"url\":\"https:\\\/\\\/resa.aero\\\/en\\\/solutions-passenger-processing-experience\\\/on-board-airport-ldcs\\\/\",\"name\":\"ON BOARD AIRPORT LDCS - RESA\",\"isPartOf\":{\"@id\":\"https:\\\/\\\/resa.aero\\\/#website\"},\"primaryImageOfPage\":{\"@id\":\"https:\\\/\\\/resa.aero\\\/en\\\/solutions-passenger-processing-experience\\\/on-board-airport-ldcs\\\/#primaryimage\"},\"image\":{\"@id\":\"https:\\\/\\\/resa.aero\\\/en\\\/solutions-passenger-processing-experience\\\/on-board-airport-ldcs\\\/#primaryimage\"},\"thumbnailUrl\":\"https:\\\/\\\/resa.aero\\\/wp-content\\\/uploads\\\/2022\\\/02\\\/Ill_Iso_Bleu_OnBoard-Airport-LDCS.svg\",\"datePublished\":\"2022-01-18T15:54:02+00:00\",\"dateModified\":\"2023-03-27T16:05:22+00:00\",\"breadcrumb\":{\"@id\":\"https:\\\/\\\/resa.aero\\\/en\\\/solutions-passenger-processing-experience\\\/on-board-airport-ldcs\\\/#breadcrumb\"},\"inLanguage\":\"en-US\",\"potentialAction\":[{\"@type\":\"ReadAction\",\"target\":[\"https:\\\/\\\/resa.aero\\\/en\\\/solutions-passenger-processing-experience\\\/on-board-airport-ldcs\\\/\"]}]},{\"@type\":\"ImageObject\",\"inLanguage\":\"en-US\",\"@id\":\"https:\\\/\\\/resa.aero\\\/en\\\/solutions-passenger-processing-experience\\\/on-board-airport-ldcs\\\/#primaryimage\",\"url\":\"https:\\\/\\\/resa.aero\\\/wp-content\\\/uploads\\\/2022\\\/02\\\/Ill_Iso_Bleu_OnBoard-Airport-LDCS.svg\",\"contentUrl\":\"https:\\\/\\\/resa.aero\\\/wp-content\\\/uploads\\\/2022\\\/02\\\/Ill_Iso_Bleu_OnBoard-Airport-LDCS.svg\"},{\"@type\":\"BreadcrumbList\",\"@id\":\"https:\\\/\\\/resa.aero\\\/en\\\/solutions-passenger-processing-experience\\\/on-board-airport-ldcs\\\/#breadcrumb\",\"itemListElement\":[{\"@type\":\"ListItem\",\"position\":1,\"name\":\"Accueil\",\"item\":\"https:\\\/\\\/resa.aero\\\/en\\\/\"},{\"@type\":\"ListItem\",\"position\":2,\"name\":\"Passenger Processing Experience\",\"item\":\"https:\\\/\\\/resa.aero\\\/en\\\/solutions-passenger-processing-experience\\\/\"},{\"@type\":\"ListItem\",\"position\":3,\"name\":\"ON BOARD AIRPORT LDCS\"}]},{\"@type\":\"WebSite\",\"@id\":\"https:\\\/\\\/resa.aero\\\/#website\",\"url\":\"https:\\\/\\\/resa.aero\\\/\",\"name\":\"RESA\",\"description\":\"Editeur et int\u00e9grateur de syst\u00e8mes informatiques a\u00e9roportuaires\",\"potentialAction\":[{\"@type\":\"SearchAction\",\"target\":{\"@type\":\"EntryPoint\",\"urlTemplate\":\"https:\\\/\\\/resa.aero\\\/?s={search_term_string}\"},\"query-input\":{\"@type\":\"PropertyValueSpecification\",\"valueRequired\":true,\"valueName\":\"search_term_string\"}}],\"inLanguage\":\"en-US\"}]}<\/script>\n<!-- \/ Yoast SEO plugin. -->","yoast_head_json":{"title":"ON BOARD AIRPORT LDCS - RESA","robots":{"index":"index","follow":"follow","max-snippet":"max-snippet:-1","max-image-preview":"max-image-preview:large","max-video-preview":"max-video-preview:-1"},"canonical":"https:\/\/resa.aero\/en\/solutions-passenger-processing-experience\/on-board-airport-ldcs\/","og_locale":"en_US","og_type":"article","og_title":"ON BOARD AIRPORT LDCS - RESA","og_description":"ON BOARD AIRPORT LDCS Decentralized passenger check-in and boarding system Designed to handle passenger check-in and boarding from a local computer system, ON BOARD is particularly suitable for airlines with no DCS or those performing these tasks manually (low-cost airlines, charters, etc.). The system secures and speeds up these operations, while providing improved service to [&hellip;]","og_url":"https:\/\/resa.aero\/en\/solutions-passenger-processing-experience\/on-board-airport-ldcs\/","og_site_name":"RESA","article_modified_time":"2023-03-27T16:05:22+00:00","og_image":[{"url":"https:\/\/resa.aero\/wp-content\/uploads\/2022\/02\/Ill_Iso_Bleu_OnBoard-Airport-LDCS.svg","type":"","width":"","height":""}],"twitter_card":"summary_large_image","twitter_misc":{"Est. reading time":"4 minutes"},"schema":{"@context":"https:\/\/schema.org","@graph":[{"@type":"WebPage","@id":"https:\/\/resa.aero\/en\/solutions-passenger-processing-experience\/on-board-airport-ldcs\/","url":"https:\/\/resa.aero\/en\/solutions-passenger-processing-experience\/on-board-airport-ldcs\/","name":"ON BOARD AIRPORT LDCS - RESA","isPartOf":{"@id":"https:\/\/resa.aero\/#website"},"primaryImageOfPage":{"@id":"https:\/\/resa.aero\/en\/solutions-passenger-processing-experience\/on-board-airport-ldcs\/#primaryimage"},"image":{"@id":"https:\/\/resa.aero\/en\/solutions-passenger-processing-experience\/on-board-airport-ldcs\/#primaryimage"},"thumbnailUrl":"https:\/\/resa.aero\/wp-content\/uploads\/2022\/02\/Ill_Iso_Bleu_OnBoard-Airport-LDCS.svg","datePublished":"2022-01-18T15:54:02+00:00","dateModified":"2023-03-27T16:05:22+00:00","breadcrumb":{"@id":"https:\/\/resa.aero\/en\/solutions-passenger-processing-experience\/on-board-airport-ldcs\/#breadcrumb"},"inLanguage":"en-US","potentialAction":[{"@type":"ReadAction","target":["https:\/\/resa.aero\/en\/solutions-passenger-processing-experience\/on-board-airport-ldcs\/"]}]},{"@type":"ImageObject","inLanguage":"en-US","@id":"https:\/\/resa.aero\/en\/solutions-passenger-processing-experience\/on-board-airport-ldcs\/#primaryimage","url":"https:\/\/resa.aero\/wp-content\/uploads\/2022\/02\/Ill_Iso_Bleu_OnBoard-Airport-LDCS.svg","contentUrl":"https:\/\/resa.aero\/wp-content\/uploads\/2022\/02\/Ill_Iso_Bleu_OnBoard-Airport-LDCS.svg"},{"@type":"BreadcrumbList","@id":"https:\/\/resa.aero\/en\/solutions-passenger-processing-experience\/on-board-airport-ldcs\/#breadcrumb","itemListElement":[{"@type":"ListItem","position":1,"name":"Accueil","item":"https:\/\/resa.aero\/en\/"},{"@type":"ListItem","position":2,"name":"Passenger Processing Experience","item":"https:\/\/resa.aero\/en\/solutions-passenger-processing-experience\/"},{"@type":"ListItem","position":3,"name":"ON BOARD AIRPORT LDCS"}]},{"@type":"WebSite","@id":"https:\/\/resa.aero\/#website","url":"https:\/\/resa.aero\/","name":"RESA","description":"Editeur et int\u00e9grateur de syst\u00e8mes informatiques a\u00e9roportuaires","potentialAction":[{"@type":"SearchAction","target":{"@type":"EntryPoint","urlTemplate":"https:\/\/resa.aero\/?s={search_term_string}"},"query-input":{"@type":"PropertyValueSpecification","valueRequired":true,"valueName":"search_term_string"}}],"inLanguage":"en-US"}]}},"_links":{"self":[{"href":"https:\/\/resa.aero\/en\/wp-json\/wp\/v2\/pages\/1858","targetHints":{"allow":["GET"]}}],"collection":[{"href":"https:\/\/resa.aero\/en\/wp-json\/wp\/v2\/pages"}],"about":[{"href":"https:\/\/resa.aero\/en\/wp-json\/wp\/v2\/types\/page"}],"author":[{"embeddable":true,"href":"https:\/\/resa.aero\/en\/wp-json\/wp\/v2\/users\/1"}],"replies":[{"embeddable":true,"href":"https:\/\/resa.aero\/en\/wp-json\/wp\/v2\/comments?post=1858"}],"version-history":[{"count":0,"href":"https:\/\/resa.aero\/en\/wp-json\/wp\/v2\/pages\/1858\/revisions"}],"up":[{"embeddable":true,"href":"https:\/\/resa.aero\/en\/wp-json\/wp\/v2\/pages\/1843"}],"wp:attachment":[{"href":"https:\/\/resa.aero\/en\/wp-json\/wp\/v2\/media?parent=1858"}],"curies":[{"name":"wp","href":"https:\/\/api.w.org\/{rel}","templated":true}]}}