{"id":1879,"date":"2022-01-18T17:54:03","date_gmt":"2022-01-18T15:54:03","guid":{"rendered":"https:\/\/resa.aero\/operations-facturation\/vista\/vista-fids\/"},"modified":"2025-04-03T15:58:45","modified_gmt":"2025-04-03T13:58:45","slug":"vista-fids","status":"publish","type":"page","link":"https:\/\/resa.aero\/en\/solutions-operations-billing\/vista-fids\/","title":{"rendered":"VISTA FIDS"},"content":{"rendered":"\r\n<p>VISTA FIDS<\/p>\r\n<h1><strong>Flight Information Display System<\/strong><\/h1>\r\n<p>VISTA FIDS is a remote display system that provides information to the public: arrival and departure flights, general information, etc. Powered by the Airport Information Management System (AIMS) or any other external system, this solution manages the data display on the terminals throughout the airport.<\/p>\r\n<p><img decoding=\"async\" title=\"Ill_Iso_Vert_Vista FIDS\" src=\"https:\/\/resa.aero\/wp-content\/uploads\/2022\/02\/Ill_Iso_Vert_Vista-FIDS.svg\" alt=\"Ill_Iso_Vert_Vista FIDS\" width=\"0\" height=\"0\" \/> <img decoding=\"async\" title=\"Rapidite Execution Vert\" src=\"https:\/\/resa.aero\/wp-content\/uploads\/2022\/08\/rapidite-execution-vert.png\" alt=\"Rapidite Execution Vert\" width=\"86\" height=\"82\" \/><\/p>\r\n<p><b>Real-time broadcasting<\/b><\/p>\r\n<p><img decoding=\"async\" title=\"puissant-outil-vert\" src=\"https:\/\/resa.aero\/wp-content\/uploads\/2022\/03\/puissant-outil-vert.png\" alt=\"puissant-outil-vert\" width=\"86\" height=\"82\" \/><\/p>\r\n<p><b>Unlimited number of display terminals<\/b><\/p>\r\n<p><img decoding=\"async\" title=\"Pouce Leve Vert Median Contour\" src=\"https:\/\/resa.aero\/wp-content\/uploads\/2022\/08\/Pouce-leve-vert-median-contour.png\" alt=\"Pouce Leve Vert Median Contour\" width=\"96\" height=\"96\" \/><\/p>\r\n<p><b>Simplified administration and supervision<\/b><\/p>\r\n<p>Advantages of <strong>VISTA FIDS<\/strong><\/p>\r\n<ul>\r\n<li>Full automation of the information display with no daily intervention<\/li>\r\n<li>With its mask editor, <strong>VISTA FIDS<\/strong> makes it possible to create an unlimited number of images to be displayed on the screens depending on their location and use.<\/li>\r\n<li><strong>VISTA FIDS<\/strong> delivers multimedia content to a wide range of display terminals, which can be local (on-site) or remote (hotels, train stations, etc.)<\/li>\r\n<li>A variety of tools is available for a user-friendly management of the system by operators and agents: image editor, park management, message configuration, etc.<\/li>\r\n<\/ul>\r\n<p><img decoding=\"async\" title=\"fids\" src=\"https:\/\/resa.aero\/wp-content\/uploads\/2022\/02\/fids.jpg\" alt=\"fids\" width=\"1332\" height=\"849\" \/><\/p>\r\n<p><strong>FEATURES<\/strong><\/p>\r\n<p>Real-time broadcast of flight information<\/p>\r\n<p>Data broadcasting from external systems: weather, trains, buses, etc.<\/p>\r\n<p>Predefined content distribution scripts (flight information, safety and health messages, advertising, crisis situations, etc.)<\/p>\r\n<p>Intelligent redistribution of images according to the available display terminals<\/p>\r\n<p>Agent tool available at check-in desks and boarding gates for direct management of display terminals<\/p>\r\n<p>A dedicated customer service<\/p>\r\n<p><strong>PROJECT<\/strong><\/p>\r\n<p><img decoding=\"async\" title=\"separateur-bleu\" src=\"https:\/\/resa.aero\/wp-content\/uploads\/2022\/02\/separateur-bleu.png\" alt=\"separateur-bleu\" width=\"13\" height=\"22\" \/><\/p>\r\n<p><strong>DEPLOYMENT<\/strong><\/p>\r\n<p><img decoding=\"async\" title=\"separateur-bleu\" src=\"https:\/\/resa.aero\/wp-content\/uploads\/2022\/02\/separateur-bleu.png\" alt=\"separateur-bleu\" width=\"13\" height=\"22\" \/><\/p>\r\n<p><strong>SUPPORT<\/strong><\/p>\r\n<p><img decoding=\"async\" title=\"separateur-bleu\" src=\"https:\/\/resa.aero\/wp-content\/uploads\/2022\/02\/separateur-bleu.png\" alt=\"separateur-bleu\" width=\"13\" height=\"22\" \/><\/p>\r\n<p><strong>MAINTENANCE<\/strong><\/p>\r\n<p><a role=\"button\" href=\"https:\/\/resa.aero\/en\/services\/\" target=\"_self\" rel=\"noopener\"> DISCOVER OUR CUSTOMER SERVICE <\/a><\/p>\r\n<p>Our other solutions<\/p>\r\n<p><a href=\"https:\/\/resa.aero\/en\/solutions-passenger-processing-experience\/\" target=\"_self\" rel=\"noopener\"> <img decoding=\"async\" title=\"Passenger Processing Experience\" src=\"https:\/\/resa.aero\/wp-content\/uploads\/2022\/05\/RES_bout_menu_Fam_bleu-EN.svg\" alt=\"Passenger Processing Experience\" width=\"0\" height=\"0\" \/> <\/a> <a href=\"https:\/\/resa.aero\/en\/solutions-security-tracking\/\" target=\"_self\" rel=\"noopener\"> <img decoding=\"async\" title=\"Security &amp; Tracking\" src=\"https:\/\/resa.aero\/wp-content\/uploads\/2022\/05\/RES_bout_menu_Fam_Rge-EN.svg\" alt=\"Security &amp; Tracking\" width=\"0\" height=\"0\" \/> <\/a> <a href=\"https:\/\/resa.aero\/en\/solutions-smart-efficiency\/\" target=\"_self\" rel=\"noopener\"> <img decoding=\"async\" title=\"Smart efficiency\" src=\"https:\/\/resa.aero\/wp-content\/uploads\/2022\/05\/RES_bout_menu_Fam_gri-EN.svg\" alt=\"Smart efficiency\" width=\"0\" height=\"0\" \/> <\/a> <img decoding=\"async\" title=\"montage-avions\" src=\"https:\/\/resa.aero\/wp-content\/uploads\/2022\/02\/montage-avions.webp\" alt=\"montage-avions\" width=\"1462\" height=\"556\" \/><\/p>\r\n","protected":false},"excerpt":{"rendered":"<p>VISTA FIDS Flight Information Display System VISTA FIDS is a remote display system that provides information to the public: arrival and departure flights, general information, etc. Powered by the Airport Information Management System (AIMS) or any other external system, this solution manages the data display on the terminals throughout the airport. Real-time broadcasting Unlimited number [&hellip;]<\/p>\n","protected":false},"author":1,"featured_media":0,"parent":1862,"menu_order":0,"comment_status":"closed","ping_status":"closed","template":"page-module.php","meta":{"_acf_changed":false,"inline_featured_image":false,"footnotes":""},"class_list":["post-1879","page","type-page","status-publish","hentry"],"acf":[],"yoast_head":"<!-- This site is optimized with the Yoast SEO plugin v27.4 - https:\/\/yoast.com\/product\/yoast-seo-wordpress\/ -->\n<title>VISTA FIDS - RESA<\/title>\n<meta name=\"robots\" content=\"index, follow, max-snippet:-1, max-image-preview:large, max-video-preview:-1\" \/>\n<link rel=\"canonical\" href=\"https:\/\/resa.aero\/en\/solutions-operations-billing\/vista-fids\/\" \/>\n<meta property=\"og:locale\" content=\"en_US\" \/>\n<meta property=\"og:type\" content=\"article\" \/>\n<meta property=\"og:title\" content=\"VISTA FIDS - RESA\" \/>\n<meta property=\"og:description\" content=\"VISTA FIDS Flight Information Display System VISTA FIDS is a remote display system that provides information to the public: arrival and departure flights, general information, etc. Powered by the Airport Information Management System (AIMS) or any other external system, this solution manages the data display on the terminals throughout the airport. Real-time broadcasting Unlimited number [&hellip;]\" \/>\n<meta property=\"og:url\" content=\"https:\/\/resa.aero\/en\/solutions-operations-billing\/vista-fids\/\" \/>\n<meta property=\"og:site_name\" content=\"RESA\" \/>\n<meta property=\"article:modified_time\" content=\"2025-04-03T13:58:45+00:00\" \/>\n<meta property=\"og:image\" content=\"https:\/\/resa.aero\/wp-content\/uploads\/2022\/02\/Ill_Iso_Vert_Vista-FIDS.svg\" \/>\n<meta name=\"twitter:card\" content=\"summary_large_image\" \/>\n<meta name=\"twitter:label1\" content=\"Est. reading time\" \/>\n\t<meta name=\"twitter:data1\" content=\"4 minutes\" \/>\n<script type=\"application\/ld+json\" class=\"yoast-schema-graph\">{\"@context\":\"https:\\\/\\\/schema.org\",\"@graph\":[{\"@type\":\"WebPage\",\"@id\":\"https:\\\/\\\/resa.aero\\\/en\\\/solutions-operations-billing\\\/vista-fids\\\/\",\"url\":\"https:\\\/\\\/resa.aero\\\/en\\\/solutions-operations-billing\\\/vista-fids\\\/\",\"name\":\"VISTA FIDS - RESA\",\"isPartOf\":{\"@id\":\"https:\\\/\\\/resa.aero\\\/#website\"},\"primaryImageOfPage\":{\"@id\":\"https:\\\/\\\/resa.aero\\\/en\\\/solutions-operations-billing\\\/vista-fids\\\/#primaryimage\"},\"image\":{\"@id\":\"https:\\\/\\\/resa.aero\\\/en\\\/solutions-operations-billing\\\/vista-fids\\\/#primaryimage\"},\"thumbnailUrl\":\"https:\\\/\\\/resa.aero\\\/wp-content\\\/uploads\\\/2022\\\/02\\\/Ill_Iso_Vert_Vista-FIDS.svg\",\"datePublished\":\"2022-01-18T15:54:03+00:00\",\"dateModified\":\"2025-04-03T13:58:45+00:00\",\"breadcrumb\":{\"@id\":\"https:\\\/\\\/resa.aero\\\/en\\\/solutions-operations-billing\\\/vista-fids\\\/#breadcrumb\"},\"inLanguage\":\"en-US\",\"potentialAction\":[{\"@type\":\"ReadAction\",\"target\":[\"https:\\\/\\\/resa.aero\\\/en\\\/solutions-operations-billing\\\/vista-fids\\\/\"]}]},{\"@type\":\"ImageObject\",\"inLanguage\":\"en-US\",\"@id\":\"https:\\\/\\\/resa.aero\\\/en\\\/solutions-operations-billing\\\/vista-fids\\\/#primaryimage\",\"url\":\"https:\\\/\\\/resa.aero\\\/wp-content\\\/uploads\\\/2022\\\/02\\\/Ill_Iso_Vert_Vista-FIDS.svg\",\"contentUrl\":\"https:\\\/\\\/resa.aero\\\/wp-content\\\/uploads\\\/2022\\\/02\\\/Ill_Iso_Vert_Vista-FIDS.svg\"},{\"@type\":\"BreadcrumbList\",\"@id\":\"https:\\\/\\\/resa.aero\\\/en\\\/solutions-operations-billing\\\/vista-fids\\\/#breadcrumb\",\"itemListElement\":[{\"@type\":\"ListItem\",\"position\":1,\"name\":\"Accueil\",\"item\":\"https:\\\/\\\/resa.aero\\\/en\\\/\"},{\"@type\":\"ListItem\",\"position\":2,\"name\":\"Operations &#038; Billing\",\"item\":\"https:\\\/\\\/resa.aero\\\/en\\\/solutions-operations-billing\\\/\"},{\"@type\":\"ListItem\",\"position\":3,\"name\":\"VISTA FIDS\"}]},{\"@type\":\"WebSite\",\"@id\":\"https:\\\/\\\/resa.aero\\\/#website\",\"url\":\"https:\\\/\\\/resa.aero\\\/\",\"name\":\"RESA\",\"description\":\"Editeur et int\u00e9grateur de syst\u00e8mes informatiques a\u00e9roportuaires\",\"potentialAction\":[{\"@type\":\"SearchAction\",\"target\":{\"@type\":\"EntryPoint\",\"urlTemplate\":\"https:\\\/\\\/resa.aero\\\/?s={search_term_string}\"},\"query-input\":{\"@type\":\"PropertyValueSpecification\",\"valueRequired\":true,\"valueName\":\"search_term_string\"}}],\"inLanguage\":\"en-US\"}]}<\/script>\n<!-- \/ Yoast SEO plugin. -->","yoast_head_json":{"title":"VISTA FIDS - RESA","robots":{"index":"index","follow":"follow","max-snippet":"max-snippet:-1","max-image-preview":"max-image-preview:large","max-video-preview":"max-video-preview:-1"},"canonical":"https:\/\/resa.aero\/en\/solutions-operations-billing\/vista-fids\/","og_locale":"en_US","og_type":"article","og_title":"VISTA FIDS - RESA","og_description":"VISTA FIDS Flight Information Display System VISTA FIDS is a remote display system that provides information to the public: arrival and departure flights, general information, etc. Powered by the Airport Information Management System (AIMS) or any other external system, this solution manages the data display on the terminals throughout the airport. Real-time broadcasting Unlimited number [&hellip;]","og_url":"https:\/\/resa.aero\/en\/solutions-operations-billing\/vista-fids\/","og_site_name":"RESA","article_modified_time":"2025-04-03T13:58:45+00:00","og_image":[{"url":"https:\/\/resa.aero\/wp-content\/uploads\/2022\/02\/Ill_Iso_Vert_Vista-FIDS.svg","type":"","width":"","height":""}],"twitter_card":"summary_large_image","twitter_misc":{"Est. reading time":"4 minutes"},"schema":{"@context":"https:\/\/schema.org","@graph":[{"@type":"WebPage","@id":"https:\/\/resa.aero\/en\/solutions-operations-billing\/vista-fids\/","url":"https:\/\/resa.aero\/en\/solutions-operations-billing\/vista-fids\/","name":"VISTA FIDS - RESA","isPartOf":{"@id":"https:\/\/resa.aero\/#website"},"primaryImageOfPage":{"@id":"https:\/\/resa.aero\/en\/solutions-operations-billing\/vista-fids\/#primaryimage"},"image":{"@id":"https:\/\/resa.aero\/en\/solutions-operations-billing\/vista-fids\/#primaryimage"},"thumbnailUrl":"https:\/\/resa.aero\/wp-content\/uploads\/2022\/02\/Ill_Iso_Vert_Vista-FIDS.svg","datePublished":"2022-01-18T15:54:03+00:00","dateModified":"2025-04-03T13:58:45+00:00","breadcrumb":{"@id":"https:\/\/resa.aero\/en\/solutions-operations-billing\/vista-fids\/#breadcrumb"},"inLanguage":"en-US","potentialAction":[{"@type":"ReadAction","target":["https:\/\/resa.aero\/en\/solutions-operations-billing\/vista-fids\/"]}]},{"@type":"ImageObject","inLanguage":"en-US","@id":"https:\/\/resa.aero\/en\/solutions-operations-billing\/vista-fids\/#primaryimage","url":"https:\/\/resa.aero\/wp-content\/uploads\/2022\/02\/Ill_Iso_Vert_Vista-FIDS.svg","contentUrl":"https:\/\/resa.aero\/wp-content\/uploads\/2022\/02\/Ill_Iso_Vert_Vista-FIDS.svg"},{"@type":"BreadcrumbList","@id":"https:\/\/resa.aero\/en\/solutions-operations-billing\/vista-fids\/#breadcrumb","itemListElement":[{"@type":"ListItem","position":1,"name":"Accueil","item":"https:\/\/resa.aero\/en\/"},{"@type":"ListItem","position":2,"name":"Operations &#038; Billing","item":"https:\/\/resa.aero\/en\/solutions-operations-billing\/"},{"@type":"ListItem","position":3,"name":"VISTA FIDS"}]},{"@type":"WebSite","@id":"https:\/\/resa.aero\/#website","url":"https:\/\/resa.aero\/","name":"RESA","description":"Editeur et int\u00e9grateur de syst\u00e8mes informatiques a\u00e9roportuaires","potentialAction":[{"@type":"SearchAction","target":{"@type":"EntryPoint","urlTemplate":"https:\/\/resa.aero\/?s={search_term_string}"},"query-input":{"@type":"PropertyValueSpecification","valueRequired":true,"valueName":"search_term_string"}}],"inLanguage":"en-US"}]}},"_links":{"self":[{"href":"https:\/\/resa.aero\/en\/wp-json\/wp\/v2\/pages\/1879","targetHints":{"allow":["GET"]}}],"collection":[{"href":"https:\/\/resa.aero\/en\/wp-json\/wp\/v2\/pages"}],"about":[{"href":"https:\/\/resa.aero\/en\/wp-json\/wp\/v2\/types\/page"}],"author":[{"embeddable":true,"href":"https:\/\/resa.aero\/en\/wp-json\/wp\/v2\/users\/1"}],"replies":[{"embeddable":true,"href":"https:\/\/resa.aero\/en\/wp-json\/wp\/v2\/comments?post=1879"}],"version-history":[{"count":3,"href":"https:\/\/resa.aero\/en\/wp-json\/wp\/v2\/pages\/1879\/revisions"}],"predecessor-version":[{"id":7263,"href":"https:\/\/resa.aero\/en\/wp-json\/wp\/v2\/pages\/1879\/revisions\/7263"}],"up":[{"embeddable":true,"href":"https:\/\/resa.aero\/en\/wp-json\/wp\/v2\/pages\/1862"}],"wp:attachment":[{"href":"https:\/\/resa.aero\/en\/wp-json\/wp\/v2\/media?parent=1879"}],"curies":[{"name":"wp","href":"https:\/\/api.w.org\/{rel}","templated":true}]}}