{"id":1889,"date":"2022-01-18T17:54:03","date_gmt":"2022-01-18T15:54:03","guid":{"rendered":"https:\/\/resa.aero\/performance-intelligence\/bagway\/bagway-local\/"},"modified":"2023-04-20T17:18:57","modified_gmt":"2023-04-20T15:18:57","slug":"bagway-local","status":"publish","type":"page","link":"https:\/\/resa.aero\/en\/solutions-smart-efficiency\/bagway-local\/","title":{"rendered":"BAGWAY LOCAL"},"content":{"rendered":"\n\n\t<p>BAGWAY LOCAL<\/p>\n<h1><strong>Local exchange of baggage messages<\/strong><\/h1>\n<p>BAGWAY LOCAL makes it possible to distribute and exchange baggage messages between the systems concerned within the airport (CUPPS, CUSS, SBD, BRS, BHS, etc.).<\/p>\n\t\t\t\t<img decoding=\"async\" src=\"https:\/\/resa.aero\/wp-content\/uploads\/2022\/02\/Ill_Iso_Gris_Bagway.svg\" alt=\"Ill_Iso_Gris_Bagway\" itemprop=\"image\" height=\"0\" width=\"0\" title=\"Ill_Iso_Gris_Bagway\" onerror=\"this.style.display='none'\"  \/>\n\t\t\t\t<img decoding=\"async\" src=\"https:\/\/resa.aero\/wp-content\/uploads\/2022\/08\/systeme-reconciliation-bagage-gris.png\" alt=\"Systeme Reconciliation Bagage Gris\" itemprop=\"image\" height=\"82\" width=\"86\" title=\"Systeme Reconciliation Bagage Gris\" onerror=\"this.style.display='none'\"  \/>\n\t<p><strong>Interface manager dedicated to baggage<\/strong><\/p>\n\t\t\t\t<img decoding=\"async\" src=\"https:\/\/resa.aero\/wp-content\/uploads\/2022\/08\/picto-puissants-outils-gris.png\" alt=\"Picto Puissants Outils Gris\" itemprop=\"image\" height=\"82\" width=\"86\" title=\"Picto Puissants Outils Gris\" onerror=\"this.style.display='none'\"  \/>\n\t<p><b>Back-up of centralized solutions<\/b><\/p>\n\t<p>Advantages of <strong>BAGWAY LOCAL<\/strong><\/p>\n<ul>\n<li><strong>BAGWAY LOCAL<\/strong> offers a back-up solution for BSMs in case of centralized communications failure with the DCS.<\/li>\n<li><strong>BAGWAY LOCAL<\/strong> retrieves baggage messages from common-use solutions (CUPPS, CUSS, SBD) and from local DCS.<\/li>\n<\/ul>\n\t\t\t\t<img decoding=\"async\" src=\"https:\/\/resa.aero\/wp-content\/uploads\/2022\/02\/visuel-bagway.jpg\" alt=\"visuel-bagway\" itemprop=\"image\" height=\"547\" width=\"826\" title=\"visuel-bagway\" onerror=\"this.style.display='none'\"  \/>\n\t<p><strong>FEATURES<\/strong><\/p>\n\t<p>Feeding the airport&#8217;s BRS and BHS with local BSMs<\/p>\n\t<p>Local configuration adapted to all DCS operating within the airport<\/p>\n\t<p>A dedicated customer service<\/p>\n\t<p><strong>PROJECT<\/strong><\/p>\n\t\t\t\t<img decoding=\"async\" src=\"https:\/\/resa.aero\/wp-content\/uploads\/2022\/02\/separateur-bleu.png\" alt=\"separateur-bleu\" itemprop=\"image\" height=\"22\" width=\"13\" title=\"separateur-bleu\" onerror=\"this.style.display='none'\"  \/>\n\t<p><strong>DEPLOYMENT<\/strong><\/p>\n\t\t\t\t<img decoding=\"async\" src=\"https:\/\/resa.aero\/wp-content\/uploads\/2022\/02\/separateur-bleu.png\" alt=\"separateur-bleu\" itemprop=\"image\" height=\"22\" width=\"13\" title=\"separateur-bleu\" onerror=\"this.style.display='none'\"  \/>\n\t<p><strong>SUPPORT<\/strong><\/p>\n\t\t\t\t<img decoding=\"async\" src=\"https:\/\/resa.aero\/wp-content\/uploads\/2022\/02\/separateur-bleu.png\" alt=\"separateur-bleu\" itemprop=\"image\" height=\"22\" width=\"13\" title=\"separateur-bleu\" onerror=\"this.style.display='none'\"  \/>\n\t<p><strong>MAINTENANCE<\/strong><\/p>\n\t\t\t<a href=\"https:\/\/resa.aero\/en\/services\/\" target=\"_self\" role=\"button\" rel=\"noopener\">\n\t\t\t\t\t\t\tDISCOVER OUR CUSTOMER SERVICE\n\t\t\t\t\t<\/a>\n\t<p>Our other solutions<\/p>\n\t\t\t\t<a href=\"https:\/\/resa.aero\/en\/solutions-passenger-processing-experience\/\" target=\"_self\" itemprop=\"url\" rel=\"noopener\">\n\t\t\t\t<img decoding=\"async\" src=\"https:\/\/resa.aero\/wp-content\/uploads\/2022\/05\/RES_bout_menu_Fam_bleu-EN.svg\" alt=\"Passenger Processing Experience\" itemprop=\"image\" height=\"0\" width=\"0\" title=\"Passenger Processing Experience\" onerror=\"this.style.display='none'\"  \/>\n\t\t\t\t<\/a>\n\t\t\t\t<a href=\"https:\/\/resa.aero\/en\/solutions-security-tracking\/\" target=\"_self\" itemprop=\"url\" rel=\"noopener\">\n\t\t\t\t<img decoding=\"async\" src=\"https:\/\/resa.aero\/wp-content\/uploads\/2022\/05\/RES_bout_menu_Fam_Rge-EN.svg\" alt=\"Security &amp; Tracking\" itemprop=\"image\" height=\"0\" width=\"0\" title=\"Security &amp; Tracking\" onerror=\"this.style.display='none'\"  \/>\n\t\t\t\t<\/a>\n\t\t\t\t<a href=\"https:\/\/resa.aero\/en\/solutions-operations-billing\/\" target=\"_self\" itemprop=\"url\" rel=\"noopener\">\n\t\t\t\t<img decoding=\"async\" src=\"https:\/\/resa.aero\/wp-content\/uploads\/2022\/05\/RES_bout_menu_Fam_ver-EN.svg\" alt=\"Operations &amp; Billing\" itemprop=\"image\" height=\"0\" width=\"0\" title=\"Operations &amp; Billing\" onerror=\"this.style.display='none'\"  \/>\n\t\t\t\t<\/a>\n\t\t\t\t<img decoding=\"async\" src=\"https:\/\/resa.aero\/wp-content\/uploads\/2022\/02\/montage-avions.webp\" alt=\"montage-avions\" itemprop=\"image\" height=\"556\" width=\"1462\" title=\"montage-avions\" onerror=\"this.style.display='none'\"  \/>\n\n","protected":false},"excerpt":{"rendered":"<p>BAGWAY LOCAL Local exchange of baggage messages BAGWAY LOCAL makes it possible to distribute and exchange baggage messages between the systems concerned within the airport (CUPPS, CUSS, SBD, BRS, BHS, etc.). Interface manager dedicated to baggage Back-up of centralized solutions Advantages of BAGWAY LOCAL BAGWAY LOCAL offers a back-up solution for BSMs in case of [&hellip;]<\/p>\n","protected":false},"author":1,"featured_media":0,"parent":1884,"menu_order":0,"comment_status":"closed","ping_status":"closed","template":"page-module.php","meta":{"_acf_changed":false,"inline_featured_image":false,"footnotes":""},"class_list":["post-1889","page","type-page","status-publish","hentry"],"acf":[],"yoast_head":"<!-- This site is optimized with the Yoast SEO plugin v27.5 - https:\/\/yoast.com\/product\/yoast-seo-wordpress\/ -->\n<title>BAGWAY LOCAL - RESA<\/title>\n<meta name=\"robots\" content=\"index, follow, max-snippet:-1, max-image-preview:large, max-video-preview:-1\" \/>\n<link rel=\"canonical\" href=\"https:\/\/resa.aero\/en\/solutions-smart-efficiency\/bagway-local\/\" \/>\n<meta property=\"og:locale\" content=\"en_US\" \/>\n<meta property=\"og:type\" content=\"article\" \/>\n<meta property=\"og:title\" content=\"BAGWAY LOCAL - RESA\" \/>\n<meta property=\"og:description\" content=\"BAGWAY LOCAL Local exchange of baggage messages BAGWAY LOCAL makes it possible to distribute and exchange baggage messages between the systems concerned within the airport (CUPPS, CUSS, SBD, BRS, BHS, etc.). Interface manager dedicated to baggage Back-up of centralized solutions Advantages of BAGWAY LOCAL BAGWAY LOCAL offers a back-up solution for BSMs in case of [&hellip;]\" \/>\n<meta property=\"og:url\" content=\"https:\/\/resa.aero\/en\/solutions-smart-efficiency\/bagway-local\/\" \/>\n<meta property=\"og:site_name\" content=\"RESA\" \/>\n<meta property=\"article:modified_time\" content=\"2023-04-20T15:18:57+00:00\" \/>\n<meta property=\"og:image\" content=\"https:\/\/resa.aero\/wp-content\/uploads\/2022\/02\/Ill_Iso_Gris_Bagway.svg\" \/>\n<meta name=\"twitter:card\" content=\"summary_large_image\" \/>\n<meta name=\"twitter:label1\" content=\"Est. reading time\" \/>\n\t<meta name=\"twitter:data1\" content=\"3 minutes\" \/>\n<script type=\"application\/ld+json\" class=\"yoast-schema-graph\">{\"@context\":\"https:\\\/\\\/schema.org\",\"@graph\":[{\"@type\":\"WebPage\",\"@id\":\"https:\\\/\\\/resa.aero\\\/en\\\/solutions-smart-efficiency\\\/bagway-local\\\/\",\"url\":\"https:\\\/\\\/resa.aero\\\/en\\\/solutions-smart-efficiency\\\/bagway-local\\\/\",\"name\":\"BAGWAY LOCAL - RESA\",\"isPartOf\":{\"@id\":\"https:\\\/\\\/resa.aero\\\/#website\"},\"primaryImageOfPage\":{\"@id\":\"https:\\\/\\\/resa.aero\\\/en\\\/solutions-smart-efficiency\\\/bagway-local\\\/#primaryimage\"},\"image\":{\"@id\":\"https:\\\/\\\/resa.aero\\\/en\\\/solutions-smart-efficiency\\\/bagway-local\\\/#primaryimage\"},\"thumbnailUrl\":\"https:\\\/\\\/resa.aero\\\/wp-content\\\/uploads\\\/2022\\\/02\\\/Ill_Iso_Gris_Bagway.svg\",\"datePublished\":\"2022-01-18T15:54:03+00:00\",\"dateModified\":\"2023-04-20T15:18:57+00:00\",\"breadcrumb\":{\"@id\":\"https:\\\/\\\/resa.aero\\\/en\\\/solutions-smart-efficiency\\\/bagway-local\\\/#breadcrumb\"},\"inLanguage\":\"en-US\",\"potentialAction\":[{\"@type\":\"ReadAction\",\"target\":[\"https:\\\/\\\/resa.aero\\\/en\\\/solutions-smart-efficiency\\\/bagway-local\\\/\"]}]},{\"@type\":\"ImageObject\",\"inLanguage\":\"en-US\",\"@id\":\"https:\\\/\\\/resa.aero\\\/en\\\/solutions-smart-efficiency\\\/bagway-local\\\/#primaryimage\",\"url\":\"https:\\\/\\\/resa.aero\\\/wp-content\\\/uploads\\\/2022\\\/02\\\/Ill_Iso_Gris_Bagway.svg\",\"contentUrl\":\"https:\\\/\\\/resa.aero\\\/wp-content\\\/uploads\\\/2022\\\/02\\\/Ill_Iso_Gris_Bagway.svg\"},{\"@type\":\"BreadcrumbList\",\"@id\":\"https:\\\/\\\/resa.aero\\\/en\\\/solutions-smart-efficiency\\\/bagway-local\\\/#breadcrumb\",\"itemListElement\":[{\"@type\":\"ListItem\",\"position\":1,\"name\":\"Accueil\",\"item\":\"https:\\\/\\\/resa.aero\\\/en\\\/\"},{\"@type\":\"ListItem\",\"position\":2,\"name\":\"Smart Efficiency\",\"item\":\"https:\\\/\\\/resa.aero\\\/en\\\/solutions-smart-efficiency\\\/\"},{\"@type\":\"ListItem\",\"position\":3,\"name\":\"BAGWAY LOCAL\"}]},{\"@type\":\"WebSite\",\"@id\":\"https:\\\/\\\/resa.aero\\\/#website\",\"url\":\"https:\\\/\\\/resa.aero\\\/\",\"name\":\"RESA\",\"description\":\"Editeur et int\u00e9grateur de syst\u00e8mes informatiques a\u00e9roportuaires\",\"potentialAction\":[{\"@type\":\"SearchAction\",\"target\":{\"@type\":\"EntryPoint\",\"urlTemplate\":\"https:\\\/\\\/resa.aero\\\/?s={search_term_string}\"},\"query-input\":{\"@type\":\"PropertyValueSpecification\",\"valueRequired\":true,\"valueName\":\"search_term_string\"}}],\"inLanguage\":\"en-US\"}]}<\/script>\n<!-- \/ Yoast SEO plugin. -->","yoast_head_json":{"title":"BAGWAY LOCAL - RESA","robots":{"index":"index","follow":"follow","max-snippet":"max-snippet:-1","max-image-preview":"max-image-preview:large","max-video-preview":"max-video-preview:-1"},"canonical":"https:\/\/resa.aero\/en\/solutions-smart-efficiency\/bagway-local\/","og_locale":"en_US","og_type":"article","og_title":"BAGWAY LOCAL - RESA","og_description":"BAGWAY LOCAL Local exchange of baggage messages BAGWAY LOCAL makes it possible to distribute and exchange baggage messages between the systems concerned within the airport (CUPPS, CUSS, SBD, BRS, BHS, etc.). Interface manager dedicated to baggage Back-up of centralized solutions Advantages of BAGWAY LOCAL BAGWAY LOCAL offers a back-up solution for BSMs in case of [&hellip;]","og_url":"https:\/\/resa.aero\/en\/solutions-smart-efficiency\/bagway-local\/","og_site_name":"RESA","article_modified_time":"2023-04-20T15:18:57+00:00","og_image":[{"url":"https:\/\/resa.aero\/wp-content\/uploads\/2022\/02\/Ill_Iso_Gris_Bagway.svg","type":"","width":"","height":""}],"twitter_card":"summary_large_image","twitter_misc":{"Est. reading time":"3 minutes"},"schema":{"@context":"https:\/\/schema.org","@graph":[{"@type":"WebPage","@id":"https:\/\/resa.aero\/en\/solutions-smart-efficiency\/bagway-local\/","url":"https:\/\/resa.aero\/en\/solutions-smart-efficiency\/bagway-local\/","name":"BAGWAY LOCAL - RESA","isPartOf":{"@id":"https:\/\/resa.aero\/#website"},"primaryImageOfPage":{"@id":"https:\/\/resa.aero\/en\/solutions-smart-efficiency\/bagway-local\/#primaryimage"},"image":{"@id":"https:\/\/resa.aero\/en\/solutions-smart-efficiency\/bagway-local\/#primaryimage"},"thumbnailUrl":"https:\/\/resa.aero\/wp-content\/uploads\/2022\/02\/Ill_Iso_Gris_Bagway.svg","datePublished":"2022-01-18T15:54:03+00:00","dateModified":"2023-04-20T15:18:57+00:00","breadcrumb":{"@id":"https:\/\/resa.aero\/en\/solutions-smart-efficiency\/bagway-local\/#breadcrumb"},"inLanguage":"en-US","potentialAction":[{"@type":"ReadAction","target":["https:\/\/resa.aero\/en\/solutions-smart-efficiency\/bagway-local\/"]}]},{"@type":"ImageObject","inLanguage":"en-US","@id":"https:\/\/resa.aero\/en\/solutions-smart-efficiency\/bagway-local\/#primaryimage","url":"https:\/\/resa.aero\/wp-content\/uploads\/2022\/02\/Ill_Iso_Gris_Bagway.svg","contentUrl":"https:\/\/resa.aero\/wp-content\/uploads\/2022\/02\/Ill_Iso_Gris_Bagway.svg"},{"@type":"BreadcrumbList","@id":"https:\/\/resa.aero\/en\/solutions-smart-efficiency\/bagway-local\/#breadcrumb","itemListElement":[{"@type":"ListItem","position":1,"name":"Accueil","item":"https:\/\/resa.aero\/en\/"},{"@type":"ListItem","position":2,"name":"Smart Efficiency","item":"https:\/\/resa.aero\/en\/solutions-smart-efficiency\/"},{"@type":"ListItem","position":3,"name":"BAGWAY LOCAL"}]},{"@type":"WebSite","@id":"https:\/\/resa.aero\/#website","url":"https:\/\/resa.aero\/","name":"RESA","description":"Editeur et int\u00e9grateur de syst\u00e8mes informatiques a\u00e9roportuaires","potentialAction":[{"@type":"SearchAction","target":{"@type":"EntryPoint","urlTemplate":"https:\/\/resa.aero\/?s={search_term_string}"},"query-input":{"@type":"PropertyValueSpecification","valueRequired":true,"valueName":"search_term_string"}}],"inLanguage":"en-US"}]}},"_links":{"self":[{"href":"https:\/\/resa.aero\/en\/wp-json\/wp\/v2\/pages\/1889","targetHints":{"allow":["GET"]}}],"collection":[{"href":"https:\/\/resa.aero\/en\/wp-json\/wp\/v2\/pages"}],"about":[{"href":"https:\/\/resa.aero\/en\/wp-json\/wp\/v2\/types\/page"}],"author":[{"embeddable":true,"href":"https:\/\/resa.aero\/en\/wp-json\/wp\/v2\/users\/1"}],"replies":[{"embeddable":true,"href":"https:\/\/resa.aero\/en\/wp-json\/wp\/v2\/comments?post=1889"}],"version-history":[{"count":2,"href":"https:\/\/resa.aero\/en\/wp-json\/wp\/v2\/pages\/1889\/revisions"}],"predecessor-version":[{"id":6304,"href":"https:\/\/resa.aero\/en\/wp-json\/wp\/v2\/pages\/1889\/revisions\/6304"}],"up":[{"embeddable":true,"href":"https:\/\/resa.aero\/en\/wp-json\/wp\/v2\/pages\/1884"}],"wp:attachment":[{"href":"https:\/\/resa.aero\/en\/wp-json\/wp\/v2\/media?parent=1889"}],"curies":[{"name":"wp","href":"https:\/\/api.w.org\/{rel}","templated":true}]}}