{"id":1920,"date":"2022-01-18T17:54:03","date_gmt":"2022-01-18T15:54:03","guid":{"rendered":"https:\/\/resa.aero\/nous-rejoindre\/"},"modified":"2025-01-17T11:10:40","modified_gmt":"2025-01-17T09:10:40","slug":"join-us","status":"publish","type":"page","link":"https:\/\/resa.aero\/en\/join-us\/","title":{"rendered":"Join us"},"content":{"rendered":"\n\n\t<p>Within teams combining stability and dynamism, RESA has built a strategy to develop its businesses and skills, which are based on its 25 years of technological expertise within an airport environment which very early became globalised.<\/p>\n<p>At the technical level, our ambition is to remain ahead, amongst the best recognised experts in airport systems at the worldwide level. We take pride in being able to guarantee our clients the quality and reliability of our solutions, controlling all of the software, hardware and network elements of which they are composed. In teams of a human scale, we always seek to develop the skills of our engineers by close mentoring between those who are more and less experienced.<\/p>\n<p>At a commercial level, our business lines and skills are built in a demanding and highly international environment. With most of our revenue coming from exports, we deal with the daily reality of our clients on five continents. The technical nature of our products and the level of expertise of our client-interlocutors constitute the major challenge that our teams meet, within a highly autonomous framework.<\/p>\n<p>We prefer a strong collective approach to excessive individualisation of technical or commercial objectives.<\/p>\n\t<p>RESA is also a medium-sized company with about 50 employees, based on 2 operating sites: the head office in <strong>Montaigu-Vend\u00e9e (85)<\/strong> and a technical integration laboratory in <strong>Paris Charles de Gaulle airport<\/strong>.\u00a0<\/p>\n<p>The Montaigu-Vend\u00e9e site offers a friendly working environment, less than 30 minutes from Nantes.<\/p>\n\t\t\t\t<img decoding=\"async\" src=\"https:\/\/resa.aero\/wp-content\/uploads\/2023\/01\/Showroom-Montaigu-Vendee.jpg\" alt=\"Showroom Montaigu Vendee\" itemprop=\"image\" height=\"1707\" width=\"2560\" title=\"Showroom Montaigu Vendee\" onerror=\"this.style.display='none'\"  \/>\n\t\tShowroom Montaigu Vendee\n\t\t\t\t<img decoding=\"async\" src=\"https:\/\/resa.aero\/wp-content\/uploads\/2023\/03\/WhatsApp-Image-2023-03-15-at-11.12.26.jpeg\" alt=\"WhatsApp Image 2023 03 15 At 11.12.26\" itemprop=\"image\" height=\"1536\" width=\"2048\" title=\"WhatsApp Image 2023 03 15 At 11.12.26\" onerror=\"this.style.display='none'\"  \/>\n\t<p><strong>If you wish to send us an open application, <\/strong>please send your resume and cover letter to <a href=\"mailto:recrutement@resa.fr\">recrutement@resa.fr<\/a> or complete the form below<strong>:<\/strong><\/p>\n\n","protected":false},"excerpt":{"rendered":"<p>Within teams combining stability and dynamism, RESA has built a strategy to develop its businesses and skills, which are based on its 25 years of technological expertise within an airport environment which very early became globalised. At the technical level, our ambition is to remain ahead, amongst the best recognised experts in airport systems at [&hellip;]<\/p>\n","protected":false},"author":1,"featured_media":0,"parent":0,"menu_order":0,"comment_status":"closed","ping_status":"closed","template":"","meta":{"_acf_changed":false,"inline_featured_image":false,"footnotes":""},"class_list":["post-1920","page","type-page","status-publish","hentry"],"acf":[],"yoast_head":"<!-- This site is optimized with the Yoast SEO plugin v27.5 - https:\/\/yoast.com\/product\/yoast-seo-wordpress\/ -->\n<title>Join us - RESA<\/title>\n<meta name=\"robots\" content=\"index, follow, max-snippet:-1, max-image-preview:large, max-video-preview:-1\" \/>\n<link rel=\"canonical\" href=\"https:\/\/resa.aero\/en\/join-us\/\" \/>\n<meta property=\"og:locale\" content=\"en_US\" \/>\n<meta property=\"og:type\" content=\"article\" \/>\n<meta property=\"og:title\" content=\"Join us - RESA\" \/>\n<meta property=\"og:description\" content=\"Within teams combining stability and dynamism, RESA has built a strategy to develop its businesses and skills, which are based on its 25 years of technological expertise within an airport environment which very early became globalised. At the technical level, our ambition is to remain ahead, amongst the best recognised experts in airport systems at [&hellip;]\" \/>\n<meta property=\"og:url\" content=\"https:\/\/resa.aero\/en\/join-us\/\" \/>\n<meta property=\"og:site_name\" content=\"RESA\" \/>\n<meta property=\"article:modified_time\" content=\"2025-01-17T09:10:40+00:00\" \/>\n<meta property=\"og:image\" content=\"https:\/\/resa.aero\/wp-content\/uploads\/2023\/01\/Showroom-Montaigu-Vendee.jpg\" \/>\n<meta name=\"twitter:card\" content=\"summary_large_image\" \/>\n<meta name=\"twitter:label1\" content=\"Est. reading time\" \/>\n\t<meta name=\"twitter:data1\" content=\"2 minutes\" \/>\n<script type=\"application\/ld+json\" class=\"yoast-schema-graph\">{\"@context\":\"https:\\\/\\\/schema.org\",\"@graph\":[{\"@type\":\"WebPage\",\"@id\":\"https:\\\/\\\/resa.aero\\\/en\\\/join-us\\\/\",\"url\":\"https:\\\/\\\/resa.aero\\\/en\\\/join-us\\\/\",\"name\":\"Join us - RESA\",\"isPartOf\":{\"@id\":\"https:\\\/\\\/resa.aero\\\/#website\"},\"primaryImageOfPage\":{\"@id\":\"https:\\\/\\\/resa.aero\\\/en\\\/join-us\\\/#primaryimage\"},\"image\":{\"@id\":\"https:\\\/\\\/resa.aero\\\/en\\\/join-us\\\/#primaryimage\"},\"thumbnailUrl\":\"https:\\\/\\\/resa.aero\\\/wp-content\\\/uploads\\\/2023\\\/01\\\/Showroom-Montaigu-Vendee.jpg\",\"datePublished\":\"2022-01-18T15:54:03+00:00\",\"dateModified\":\"2025-01-17T09:10:40+00:00\",\"breadcrumb\":{\"@id\":\"https:\\\/\\\/resa.aero\\\/en\\\/join-us\\\/#breadcrumb\"},\"inLanguage\":\"en-US\",\"potentialAction\":[{\"@type\":\"ReadAction\",\"target\":[\"https:\\\/\\\/resa.aero\\\/en\\\/join-us\\\/\"]}]},{\"@type\":\"ImageObject\",\"inLanguage\":\"en-US\",\"@id\":\"https:\\\/\\\/resa.aero\\\/en\\\/join-us\\\/#primaryimage\",\"url\":\"https:\\\/\\\/resa.aero\\\/wp-content\\\/uploads\\\/2023\\\/01\\\/Showroom-Montaigu-Vendee.jpg\",\"contentUrl\":\"https:\\\/\\\/resa.aero\\\/wp-content\\\/uploads\\\/2023\\\/01\\\/Showroom-Montaigu-Vendee.jpg\"},{\"@type\":\"BreadcrumbList\",\"@id\":\"https:\\\/\\\/resa.aero\\\/en\\\/join-us\\\/#breadcrumb\",\"itemListElement\":[{\"@type\":\"ListItem\",\"position\":1,\"name\":\"Accueil\",\"item\":\"https:\\\/\\\/resa.aero\\\/en\\\/\"},{\"@type\":\"ListItem\",\"position\":2,\"name\":\"Join us\"}]},{\"@type\":\"WebSite\",\"@id\":\"https:\\\/\\\/resa.aero\\\/#website\",\"url\":\"https:\\\/\\\/resa.aero\\\/\",\"name\":\"RESA\",\"description\":\"Editeur et int\u00e9grateur de syst\u00e8mes informatiques a\u00e9roportuaires\",\"potentialAction\":[{\"@type\":\"SearchAction\",\"target\":{\"@type\":\"EntryPoint\",\"urlTemplate\":\"https:\\\/\\\/resa.aero\\\/?s={search_term_string}\"},\"query-input\":{\"@type\":\"PropertyValueSpecification\",\"valueRequired\":true,\"valueName\":\"search_term_string\"}}],\"inLanguage\":\"en-US\"}]}<\/script>\n<!-- \/ Yoast SEO plugin. -->","yoast_head_json":{"title":"Join us - RESA","robots":{"index":"index","follow":"follow","max-snippet":"max-snippet:-1","max-image-preview":"max-image-preview:large","max-video-preview":"max-video-preview:-1"},"canonical":"https:\/\/resa.aero\/en\/join-us\/","og_locale":"en_US","og_type":"article","og_title":"Join us - RESA","og_description":"Within teams combining stability and dynamism, RESA has built a strategy to develop its businesses and skills, which are based on its 25 years of technological expertise within an airport environment which very early became globalised. At the technical level, our ambition is to remain ahead, amongst the best recognised experts in airport systems at [&hellip;]","og_url":"https:\/\/resa.aero\/en\/join-us\/","og_site_name":"RESA","article_modified_time":"2025-01-17T09:10:40+00:00","og_image":[{"url":"https:\/\/resa.aero\/wp-content\/uploads\/2023\/01\/Showroom-Montaigu-Vendee.jpg","type":"","width":"","height":""}],"twitter_card":"summary_large_image","twitter_misc":{"Est. reading time":"2 minutes"},"schema":{"@context":"https:\/\/schema.org","@graph":[{"@type":"WebPage","@id":"https:\/\/resa.aero\/en\/join-us\/","url":"https:\/\/resa.aero\/en\/join-us\/","name":"Join us - RESA","isPartOf":{"@id":"https:\/\/resa.aero\/#website"},"primaryImageOfPage":{"@id":"https:\/\/resa.aero\/en\/join-us\/#primaryimage"},"image":{"@id":"https:\/\/resa.aero\/en\/join-us\/#primaryimage"},"thumbnailUrl":"https:\/\/resa.aero\/wp-content\/uploads\/2023\/01\/Showroom-Montaigu-Vendee.jpg","datePublished":"2022-01-18T15:54:03+00:00","dateModified":"2025-01-17T09:10:40+00:00","breadcrumb":{"@id":"https:\/\/resa.aero\/en\/join-us\/#breadcrumb"},"inLanguage":"en-US","potentialAction":[{"@type":"ReadAction","target":["https:\/\/resa.aero\/en\/join-us\/"]}]},{"@type":"ImageObject","inLanguage":"en-US","@id":"https:\/\/resa.aero\/en\/join-us\/#primaryimage","url":"https:\/\/resa.aero\/wp-content\/uploads\/2023\/01\/Showroom-Montaigu-Vendee.jpg","contentUrl":"https:\/\/resa.aero\/wp-content\/uploads\/2023\/01\/Showroom-Montaigu-Vendee.jpg"},{"@type":"BreadcrumbList","@id":"https:\/\/resa.aero\/en\/join-us\/#breadcrumb","itemListElement":[{"@type":"ListItem","position":1,"name":"Accueil","item":"https:\/\/resa.aero\/en\/"},{"@type":"ListItem","position":2,"name":"Join us"}]},{"@type":"WebSite","@id":"https:\/\/resa.aero\/#website","url":"https:\/\/resa.aero\/","name":"RESA","description":"Editeur et int\u00e9grateur de syst\u00e8mes informatiques a\u00e9roportuaires","potentialAction":[{"@type":"SearchAction","target":{"@type":"EntryPoint","urlTemplate":"https:\/\/resa.aero\/?s={search_term_string}"},"query-input":{"@type":"PropertyValueSpecification","valueRequired":true,"valueName":"search_term_string"}}],"inLanguage":"en-US"}]}},"_links":{"self":[{"href":"https:\/\/resa.aero\/en\/wp-json\/wp\/v2\/pages\/1920","targetHints":{"allow":["GET"]}}],"collection":[{"href":"https:\/\/resa.aero\/en\/wp-json\/wp\/v2\/pages"}],"about":[{"href":"https:\/\/resa.aero\/en\/wp-json\/wp\/v2\/types\/page"}],"author":[{"embeddable":true,"href":"https:\/\/resa.aero\/en\/wp-json\/wp\/v2\/users\/1"}],"replies":[{"embeddable":true,"href":"https:\/\/resa.aero\/en\/wp-json\/wp\/v2\/comments?post=1920"}],"version-history":[{"count":2,"href":"https:\/\/resa.aero\/en\/wp-json\/wp\/v2\/pages\/1920\/revisions"}],"predecessor-version":[{"id":7124,"href":"https:\/\/resa.aero\/en\/wp-json\/wp\/v2\/pages\/1920\/revisions\/7124"}],"wp:attachment":[{"href":"https:\/\/resa.aero\/en\/wp-json\/wp\/v2\/media?parent=1920"}],"curies":[{"name":"wp","href":"https:\/\/api.w.org\/{rel}","templated":true}]}}