{"id":2697,"date":"2022-07-04T14:17:51","date_gmt":"2022-07-04T13:17:51","guid":{"rendered":"https:\/\/resa.aero\/services-2\/"},"modified":"2023-03-28T16:51:14","modified_gmt":"2023-03-28T14:51:14","slug":"services","status":"publish","type":"page","link":"https:\/\/resa.aero\/en\/services\/","title":{"rendered":"Services"},"content":{"rendered":"\n\n\t<p><strong>Customer service and technical support<\/strong><\/p>\n<p>The guarantee of continuous service and high-performance support is essential in our quality policy.<\/p>\n<p>Thanks to a team of highly qualified engineers, RESA supports its customers at each stage of their projects, from initial advice to full technical support, software installation and training of administrators and users.<\/p>\n<p>Our English\/French bilingual support engineers are experts in the full range of RESA products and respond rapidly to customers&#8217; requests throughout the world, ensuring continuous operation of the airport.<\/p>\n<p>An online customer service platform is also available, with a documentation download area. Each customer can therefore access all documents related to the products they use.<\/p>\n<p>&nbsp;<\/p>\n\t\t\t\t<img decoding=\"async\" src=\"https:\/\/resa.aero\/wp-content\/uploads\/2022\/03\/LAYER-ONE.jpg\" alt=\"LAYER ONE\" itemprop=\"image\" height=\"667\" width=\"1000\" title=\"LAYER ONE\" onerror=\"this.style.display='none'\"  \/>\n\tOur key factors <br \/>\n<strong>for success<\/strong>\n<p>RESA develops systems based on a simple, open and scalable architecture.<\/p>\n<p>RESA solutions are easy-to-use thanks to its consistent and intuitive user interfaces and therefore keep the cost of system ownership under control.<\/p>\n<p>As a Microsoft partner from very early on, RESA has always aimed for open solutions. Its consistent technological choices provide high level of reliability and availability of RESA architectures, whether local or in the cloud.<\/p>\n<p>Scalability is another technical foundation of RESA&#8217;s portfolio, covering the requirements of regional platforms with several thousand passengers annually, and also major world hubs such as Paris, Bangkok or Montreal.<\/p>\n\t\t\t<a href=\"https:\/\/resa.aero\/en\/contact\/\" target=\"_self\" role=\"button\" rel=\"noopener\">\n\t\t\t\t\t\t\tCONTACT US\n\t\t\t\t\t<\/a>\n\t<p><strong>See<\/strong> also<\/p>\n\t\t\t<a href=\"https:\/\/resa.aero\/en\/\" target=\"_self\" role=\"button\" rel=\"noopener\">\n\t\t\t\t\t\t\tOUR PRODUCTS\n\t\t\t\t\t<\/a>\n\t\t\t<a href=\"https:\/\/resa.aero\/en\/about-us\/our-ecosystem\/\" target=\"_self\" role=\"button\" rel=\"noopener\">\n\t\t\t\t\t\t\tOUR ECOSYSTEM\n\t\t\t\t\t<\/a>\n\n","protected":false},"excerpt":{"rendered":"<p>Customer service and technical support The guarantee of continuous service and high-performance support is essential in our quality policy. Thanks to a team of highly qualified engineers, RESA supports its customers at each stage of their projects, from initial advice to full technical support, software installation and training of administrators and users. Our English\/French bilingual [&hellip;]<\/p>\n","protected":false},"author":1,"featured_media":0,"parent":0,"menu_order":0,"comment_status":"closed","ping_status":"closed","template":"","meta":{"_acf_changed":false,"inline_featured_image":false,"footnotes":""},"class_list":["post-2697","page","type-page","status-publish","hentry"],"acf":[],"yoast_head":"<!-- This site is optimized with the Yoast SEO plugin v27.5 - https:\/\/yoast.com\/product\/yoast-seo-wordpress\/ -->\n<title>Services - RESA<\/title>\n<meta name=\"robots\" content=\"index, follow, max-snippet:-1, max-image-preview:large, max-video-preview:-1\" \/>\n<link rel=\"canonical\" href=\"https:\/\/resa.aero\/en\/services\/\" \/>\n<meta property=\"og:locale\" content=\"en_US\" \/>\n<meta property=\"og:type\" content=\"article\" \/>\n<meta property=\"og:title\" content=\"Services - RESA\" \/>\n<meta property=\"og:description\" content=\"Customer service and technical support The guarantee of continuous service and high-performance support is essential in our quality policy. Thanks to a team of highly qualified engineers, RESA supports its customers at each stage of their projects, from initial advice to full technical support, software installation and training of administrators and users. Our English\/French bilingual [&hellip;]\" \/>\n<meta property=\"og:url\" content=\"https:\/\/resa.aero\/en\/services\/\" \/>\n<meta property=\"og:site_name\" content=\"RESA\" \/>\n<meta property=\"article:modified_time\" content=\"2023-03-28T14:51:14+00:00\" \/>\n<meta property=\"og:image\" content=\"https:\/\/resa.aero\/wp-content\/uploads\/2022\/03\/LAYER-ONE.jpg\" \/>\n<meta name=\"twitter:card\" content=\"summary_large_image\" \/>\n<meta name=\"twitter:label1\" content=\"Est. reading time\" \/>\n\t<meta name=\"twitter:data1\" content=\"2 minutes\" \/>\n<script type=\"application\/ld+json\" class=\"yoast-schema-graph\">{\"@context\":\"https:\\\/\\\/schema.org\",\"@graph\":[{\"@type\":\"WebPage\",\"@id\":\"https:\\\/\\\/resa.aero\\\/en\\\/services\\\/\",\"url\":\"https:\\\/\\\/resa.aero\\\/en\\\/services\\\/\",\"name\":\"Services - RESA\",\"isPartOf\":{\"@id\":\"https:\\\/\\\/resa.aero\\\/#website\"},\"primaryImageOfPage\":{\"@id\":\"https:\\\/\\\/resa.aero\\\/en\\\/services\\\/#primaryimage\"},\"image\":{\"@id\":\"https:\\\/\\\/resa.aero\\\/en\\\/services\\\/#primaryimage\"},\"thumbnailUrl\":\"https:\\\/\\\/resa.aero\\\/wp-content\\\/uploads\\\/2022\\\/03\\\/LAYER-ONE.jpg\",\"datePublished\":\"2022-07-04T13:17:51+00:00\",\"dateModified\":\"2023-03-28T14:51:14+00:00\",\"breadcrumb\":{\"@id\":\"https:\\\/\\\/resa.aero\\\/en\\\/services\\\/#breadcrumb\"},\"inLanguage\":\"en-US\",\"potentialAction\":[{\"@type\":\"ReadAction\",\"target\":[\"https:\\\/\\\/resa.aero\\\/en\\\/services\\\/\"]}]},{\"@type\":\"ImageObject\",\"inLanguage\":\"en-US\",\"@id\":\"https:\\\/\\\/resa.aero\\\/en\\\/services\\\/#primaryimage\",\"url\":\"https:\\\/\\\/resa.aero\\\/wp-content\\\/uploads\\\/2022\\\/03\\\/LAYER-ONE.jpg\",\"contentUrl\":\"https:\\\/\\\/resa.aero\\\/wp-content\\\/uploads\\\/2022\\\/03\\\/LAYER-ONE.jpg\"},{\"@type\":\"BreadcrumbList\",\"@id\":\"https:\\\/\\\/resa.aero\\\/en\\\/services\\\/#breadcrumb\",\"itemListElement\":[{\"@type\":\"ListItem\",\"position\":1,\"name\":\"Accueil\",\"item\":\"https:\\\/\\\/resa.aero\\\/en\\\/\"},{\"@type\":\"ListItem\",\"position\":2,\"name\":\"Services\"}]},{\"@type\":\"WebSite\",\"@id\":\"https:\\\/\\\/resa.aero\\\/#website\",\"url\":\"https:\\\/\\\/resa.aero\\\/\",\"name\":\"RESA\",\"description\":\"Editeur et int\u00e9grateur de syst\u00e8mes informatiques a\u00e9roportuaires\",\"potentialAction\":[{\"@type\":\"SearchAction\",\"target\":{\"@type\":\"EntryPoint\",\"urlTemplate\":\"https:\\\/\\\/resa.aero\\\/?s={search_term_string}\"},\"query-input\":{\"@type\":\"PropertyValueSpecification\",\"valueRequired\":true,\"valueName\":\"search_term_string\"}}],\"inLanguage\":\"en-US\"}]}<\/script>\n<!-- \/ Yoast SEO plugin. -->","yoast_head_json":{"title":"Services - RESA","robots":{"index":"index","follow":"follow","max-snippet":"max-snippet:-1","max-image-preview":"max-image-preview:large","max-video-preview":"max-video-preview:-1"},"canonical":"https:\/\/resa.aero\/en\/services\/","og_locale":"en_US","og_type":"article","og_title":"Services - RESA","og_description":"Customer service and technical support The guarantee of continuous service and high-performance support is essential in our quality policy. Thanks to a team of highly qualified engineers, RESA supports its customers at each stage of their projects, from initial advice to full technical support, software installation and training of administrators and users. Our English\/French bilingual [&hellip;]","og_url":"https:\/\/resa.aero\/en\/services\/","og_site_name":"RESA","article_modified_time":"2023-03-28T14:51:14+00:00","og_image":[{"url":"https:\/\/resa.aero\/wp-content\/uploads\/2022\/03\/LAYER-ONE.jpg","type":"","width":"","height":""}],"twitter_card":"summary_large_image","twitter_misc":{"Est. reading time":"2 minutes"},"schema":{"@context":"https:\/\/schema.org","@graph":[{"@type":"WebPage","@id":"https:\/\/resa.aero\/en\/services\/","url":"https:\/\/resa.aero\/en\/services\/","name":"Services - RESA","isPartOf":{"@id":"https:\/\/resa.aero\/#website"},"primaryImageOfPage":{"@id":"https:\/\/resa.aero\/en\/services\/#primaryimage"},"image":{"@id":"https:\/\/resa.aero\/en\/services\/#primaryimage"},"thumbnailUrl":"https:\/\/resa.aero\/wp-content\/uploads\/2022\/03\/LAYER-ONE.jpg","datePublished":"2022-07-04T13:17:51+00:00","dateModified":"2023-03-28T14:51:14+00:00","breadcrumb":{"@id":"https:\/\/resa.aero\/en\/services\/#breadcrumb"},"inLanguage":"en-US","potentialAction":[{"@type":"ReadAction","target":["https:\/\/resa.aero\/en\/services\/"]}]},{"@type":"ImageObject","inLanguage":"en-US","@id":"https:\/\/resa.aero\/en\/services\/#primaryimage","url":"https:\/\/resa.aero\/wp-content\/uploads\/2022\/03\/LAYER-ONE.jpg","contentUrl":"https:\/\/resa.aero\/wp-content\/uploads\/2022\/03\/LAYER-ONE.jpg"},{"@type":"BreadcrumbList","@id":"https:\/\/resa.aero\/en\/services\/#breadcrumb","itemListElement":[{"@type":"ListItem","position":1,"name":"Accueil","item":"https:\/\/resa.aero\/en\/"},{"@type":"ListItem","position":2,"name":"Services"}]},{"@type":"WebSite","@id":"https:\/\/resa.aero\/#website","url":"https:\/\/resa.aero\/","name":"RESA","description":"Editeur et int\u00e9grateur de syst\u00e8mes informatiques a\u00e9roportuaires","potentialAction":[{"@type":"SearchAction","target":{"@type":"EntryPoint","urlTemplate":"https:\/\/resa.aero\/?s={search_term_string}"},"query-input":{"@type":"PropertyValueSpecification","valueRequired":true,"valueName":"search_term_string"}}],"inLanguage":"en-US"}]}},"_links":{"self":[{"href":"https:\/\/resa.aero\/en\/wp-json\/wp\/v2\/pages\/2697","targetHints":{"allow":["GET"]}}],"collection":[{"href":"https:\/\/resa.aero\/en\/wp-json\/wp\/v2\/pages"}],"about":[{"href":"https:\/\/resa.aero\/en\/wp-json\/wp\/v2\/types\/page"}],"author":[{"embeddable":true,"href":"https:\/\/resa.aero\/en\/wp-json\/wp\/v2\/users\/1"}],"replies":[{"embeddable":true,"href":"https:\/\/resa.aero\/en\/wp-json\/wp\/v2\/comments?post=2697"}],"version-history":[{"count":0,"href":"https:\/\/resa.aero\/en\/wp-json\/wp\/v2\/pages\/2697\/revisions"}],"wp:attachment":[{"href":"https:\/\/resa.aero\/en\/wp-json\/wp\/v2\/media?parent=2697"}],"curies":[{"name":"wp","href":"https:\/\/api.w.org\/{rel}","templated":true}]}}