{"id":2705,"date":"2022-07-04T15:01:44","date_gmt":"2022-07-04T14:01:44","guid":{"rendered":"https:\/\/resa.aero\/solutions\/experience-passager\/layer-one-app\/"},"modified":"2025-08-04T13:57:19","modified_gmt":"2025-08-04T11:57:19","slug":"layer-one-apps","status":"publish","type":"page","link":"https:\/\/resa.aero\/en\/solutions-passenger-processing-experience\/layer-one-apps\/","title":{"rendered":"LAYER ONE APPS"},"content":{"rendered":"\r\n<p>LAYER ONE APPS<\/p>\r\n<p>LAYER ONE offers airports, handlers or airlines a hosted solution for passenger management operations such as check-in, baggage drop-off, boarding, etc., in a standard environment, whether in terms of passenger experience, user interface or system administration.<\/p>\r\n<h1><strong>The purpose of LAYER ONE APPS is to replace the native application embedded in the hardware\/systems used by the airport in order to offer the end user a coherent environment, regardless of the type, brand or generation of the hardware concerned.<\/strong><\/h1>\r\n<p><img decoding=\"async\" title=\"Ill_Iso_Bleu_LayerOne\" src=\"https:\/\/resa.aero\/wp-content\/uploads\/2022\/03\/Ill_Iso_Bleu_LayerOne.svg\" alt=\"Ill_Iso_Bleu_LayerOne\" width=\"0\" height=\"0\" \/> <img decoding=\"async\" src=\"https:\/\/resa.aero\/wp-content\/uploads\/2022\/03\/systeme-communiquant-bleu.png\" alt=\"\" \/><\/p>\r\n<p><b>Dissociation of hardware and software<\/b><\/p>\r\n<p><img decoding=\"async\" title=\"Lien Systeme Externe Bleu\" src=\"https:\/\/resa.aero\/wp-content\/uploads\/2022\/08\/lien-systeme-externe-bleu.png\" alt=\"Lien Systeme Externe Bleu\" width=\"86\" height=\"82\" \/><\/p>\r\n<p><b>Numerous hardware partnerships<\/b><\/p>\r\n<p><img decoding=\"async\" src=\"https:\/\/resa.aero\/wp-content\/uploads\/2022\/03\/plateforme-langage-universel-bleu.png\" alt=\"\" \/><\/p>\r\n<p><b>Universal language platform<\/b><\/p>\r\n<p>Advantages of <strong>LAYER ONE APPS<\/strong><\/p>\r\n<ul>\r\n<li><b>LAYER ONE APPS<\/b> is available in different application bricks dedicated to specific uses:\r\n<ul>\r\n<li><strong>STAND<\/strong> &#8211; Self-service equipment<\/li>\r\n<li><strong>MOVE<\/strong> &#8211; Mobile devices for check-in and boarding<\/li>\r\n<li><strong>DROP<\/strong> &#8211; Baggage drop-off (automated or common-use)<\/li>\r\n<\/ul>\r\n<\/li>\r\n<\/ul>\r\n<p><img decoding=\"async\" title=\"DBA EASIER Fond Transparent\" src=\"https:\/\/resa.aero\/wp-content\/uploads\/2023\/09\/DBA_EASIER-fond-transparent.png\" alt=\"DBA EASIER Fond Transparent\" width=\"569\" height=\"418\" \/> <img decoding=\"async\" title=\"STAND Detoure Couleur\" src=\"https:\/\/resa.aero\/wp-content\/uploads\/2023\/01\/STAND-detoure-Couleur.png\" alt=\"STAND Detoure Couleur\" width=\"2966\" height=\"972\" \/> <img decoding=\"async\" title=\"MOVE Detoure Couleur\" src=\"https:\/\/resa.aero\/wp-content\/uploads\/2023\/01\/MOVE-detoure-Couleur.png\" alt=\"MOVE Detoure Couleur\" width=\"2940\" height=\"957\" \/> <img decoding=\"async\" title=\"DROP Detoure Couleur\" src=\"https:\/\/resa.aero\/wp-content\/uploads\/2023\/01\/DROP-detoure-Couleur.png\" alt=\"DROP Detoure Couleur\" width=\"2948\" height=\"973\" \/><\/p>\r\n<p><strong>FEATURES<\/strong><\/p>\r\n<p>Easy hardware supervision<\/p>\r\n<p>Simplified and centralized access to statistics<\/p>\r\n<p>Customized applications fitting the airport&#8217;s image and brand<\/p>\r\n<p>Supports web service interfaces<\/p>\r\n<p>Once integrated, the application is accessible for all airports<\/p>\r\n<p>Can be used outside the airport (hotel, drop-off in town&#8230;)<\/p>\r\n<p>A dedicated customer service<\/p>\r\n<p><strong>PROJECT<\/strong><\/p>\r\n<p><img decoding=\"async\" title=\"separateur-bleu\" src=\"https:\/\/resa.aero\/wp-content\/uploads\/2022\/02\/separateur-bleu.png\" alt=\"separateur-bleu\" width=\"13\" height=\"22\" \/><\/p>\r\n<p><strong>DEPLOYMENT<\/strong><\/p>\r\n<p><img decoding=\"async\" title=\"separateur-bleu\" src=\"https:\/\/resa.aero\/wp-content\/uploads\/2022\/02\/separateur-bleu.png\" alt=\"separateur-bleu\" width=\"13\" height=\"22\" \/><\/p>\r\n<p><strong>SUPPORT<\/strong><\/p>\r\n<p><img decoding=\"async\" title=\"separateur-bleu\" src=\"https:\/\/resa.aero\/wp-content\/uploads\/2022\/02\/separateur-bleu.png\" alt=\"separateur-bleu\" width=\"13\" height=\"22\" \/><\/p>\r\n<p><strong>MAINTENANCE<\/strong><\/p>\r\n<p><a href=\"https:\/\/resa.aero\/en\/services\/\" target=\"_self\" rel=\"noopener\"> DISCOVER OUR CUSTOMER SERVICE <\/a><\/p>\r\n<p>Our other solutions<\/p>\r\n<p><a href=\"https:\/\/resa.aero\/en\/solutions-security-tracking\/\" target=\"_self\" rel=\"noopener\"> <img decoding=\"async\" title=\"Security &amp; Tracking\" src=\"https:\/\/resa.aero\/wp-content\/uploads\/2022\/05\/RES_bout_menu_Fam_Rge-EN.svg\" alt=\"Security &amp; Tracking\" width=\"0\" height=\"0\" \/> <\/a> <a href=\"https:\/\/resa.aero\/en\/solutions-operations-billing\/\" target=\"_self\" rel=\"noopener\"> <img decoding=\"async\" title=\"Operations &amp; Billing\" src=\"https:\/\/resa.aero\/wp-content\/uploads\/2022\/05\/RES_bout_menu_Fam_ver-EN.svg\" alt=\"Operations &amp; Billing\" width=\"0\" height=\"0\" \/> <\/a> <a href=\"https:\/\/resa.aero\/en\/solutions-smart-efficiency\/\" target=\"_self\" rel=\"noopener\"> <img decoding=\"async\" title=\"Smart efficiency\" src=\"https:\/\/resa.aero\/wp-content\/uploads\/2022\/05\/RES_bout_menu_Fam_gri-EN.svg\" alt=\"Smart efficiency\" width=\"0\" height=\"0\" \/> <\/a> <img decoding=\"async\" title=\"montage-avions\" src=\"https:\/\/resa.aero\/wp-content\/uploads\/2022\/02\/montage-avions.webp\" alt=\"montage-avions\" width=\"1462\" height=\"556\" \/><\/p>\r\n","protected":false},"excerpt":{"rendered":"<p>LAYER ONE APPS LAYER ONE offers airports, handlers or airlines a hosted solution for passenger management operations such as check-in, baggage drop-off, boarding, etc., in a standard environment, whether in terms of passenger experience, user interface or system administration. The purpose of LAYER ONE APPS is to replace the native application embedded in the hardware\/systems [&hellip;]<\/p>\n","protected":false},"author":1,"featured_media":0,"parent":1843,"menu_order":0,"comment_status":"closed","ping_status":"closed","template":"page-module.php","meta":{"_acf_changed":false,"inline_featured_image":false,"footnotes":""},"class_list":["post-2705","page","type-page","status-publish","hentry"],"acf":[],"yoast_head":"<!-- This site is optimized with the Yoast SEO plugin v27.5 - https:\/\/yoast.com\/product\/yoast-seo-wordpress\/ -->\n<title>LAYER ONE APPS - RESA<\/title>\n<meta name=\"robots\" content=\"index, follow, max-snippet:-1, max-image-preview:large, max-video-preview:-1\" \/>\n<link rel=\"canonical\" href=\"https:\/\/resa.aero\/en\/solutions-passenger-processing-experience\/layer-one-apps\/\" \/>\n<meta property=\"og:locale\" content=\"en_US\" \/>\n<meta property=\"og:type\" content=\"article\" \/>\n<meta property=\"og:title\" content=\"LAYER ONE APPS - RESA\" \/>\n<meta property=\"og:description\" content=\"LAYER ONE APPS LAYER ONE offers airports, handlers or airlines a hosted solution for passenger management operations such as check-in, baggage drop-off, boarding, etc., in a standard environment, whether in terms of passenger experience, user interface or system administration. The purpose of LAYER ONE APPS is to replace the native application embedded in the hardware\/systems [&hellip;]\" \/>\n<meta property=\"og:url\" content=\"https:\/\/resa.aero\/en\/solutions-passenger-processing-experience\/layer-one-apps\/\" \/>\n<meta property=\"og:site_name\" content=\"RESA\" \/>\n<meta property=\"article:modified_time\" content=\"2025-08-04T11:57:19+00:00\" \/>\n<meta property=\"og:image\" content=\"https:\/\/resa.aero\/wp-content\/uploads\/2022\/03\/Ill_Iso_Bleu_LayerOne.svg\" \/>\n<meta name=\"twitter:card\" content=\"summary_large_image\" \/>\n<meta name=\"twitter:label1\" content=\"Est. reading time\" \/>\n\t<meta name=\"twitter:data1\" content=\"4 minutes\" \/>\n<script type=\"application\/ld+json\" class=\"yoast-schema-graph\">{\"@context\":\"https:\\\/\\\/schema.org\",\"@graph\":[{\"@type\":\"WebPage\",\"@id\":\"https:\\\/\\\/resa.aero\\\/en\\\/solutions-passenger-processing-experience\\\/layer-one-apps\\\/\",\"url\":\"https:\\\/\\\/resa.aero\\\/en\\\/solutions-passenger-processing-experience\\\/layer-one-apps\\\/\",\"name\":\"LAYER ONE APPS - RESA\",\"isPartOf\":{\"@id\":\"https:\\\/\\\/resa.aero\\\/#website\"},\"primaryImageOfPage\":{\"@id\":\"https:\\\/\\\/resa.aero\\\/en\\\/solutions-passenger-processing-experience\\\/layer-one-apps\\\/#primaryimage\"},\"image\":{\"@id\":\"https:\\\/\\\/resa.aero\\\/en\\\/solutions-passenger-processing-experience\\\/layer-one-apps\\\/#primaryimage\"},\"thumbnailUrl\":\"https:\\\/\\\/resa.aero\\\/wp-content\\\/uploads\\\/2022\\\/03\\\/Ill_Iso_Bleu_LayerOne.svg\",\"datePublished\":\"2022-07-04T14:01:44+00:00\",\"dateModified\":\"2025-08-04T11:57:19+00:00\",\"breadcrumb\":{\"@id\":\"https:\\\/\\\/resa.aero\\\/en\\\/solutions-passenger-processing-experience\\\/layer-one-apps\\\/#breadcrumb\"},\"inLanguage\":\"en-US\",\"potentialAction\":[{\"@type\":\"ReadAction\",\"target\":[\"https:\\\/\\\/resa.aero\\\/en\\\/solutions-passenger-processing-experience\\\/layer-one-apps\\\/\"]}]},{\"@type\":\"ImageObject\",\"inLanguage\":\"en-US\",\"@id\":\"https:\\\/\\\/resa.aero\\\/en\\\/solutions-passenger-processing-experience\\\/layer-one-apps\\\/#primaryimage\",\"url\":\"https:\\\/\\\/resa.aero\\\/wp-content\\\/uploads\\\/2022\\\/03\\\/Ill_Iso_Bleu_LayerOne.svg\",\"contentUrl\":\"https:\\\/\\\/resa.aero\\\/wp-content\\\/uploads\\\/2022\\\/03\\\/Ill_Iso_Bleu_LayerOne.svg\"},{\"@type\":\"BreadcrumbList\",\"@id\":\"https:\\\/\\\/resa.aero\\\/en\\\/solutions-passenger-processing-experience\\\/layer-one-apps\\\/#breadcrumb\",\"itemListElement\":[{\"@type\":\"ListItem\",\"position\":1,\"name\":\"Accueil\",\"item\":\"https:\\\/\\\/resa.aero\\\/en\\\/\"},{\"@type\":\"ListItem\",\"position\":2,\"name\":\"Passenger Processing Experience\",\"item\":\"https:\\\/\\\/resa.aero\\\/en\\\/solutions-passenger-processing-experience\\\/\"},{\"@type\":\"ListItem\",\"position\":3,\"name\":\"LAYER ONE APPS\"}]},{\"@type\":\"WebSite\",\"@id\":\"https:\\\/\\\/resa.aero\\\/#website\",\"url\":\"https:\\\/\\\/resa.aero\\\/\",\"name\":\"RESA\",\"description\":\"Editeur et int\u00e9grateur de syst\u00e8mes informatiques a\u00e9roportuaires\",\"potentialAction\":[{\"@type\":\"SearchAction\",\"target\":{\"@type\":\"EntryPoint\",\"urlTemplate\":\"https:\\\/\\\/resa.aero\\\/?s={search_term_string}\"},\"query-input\":{\"@type\":\"PropertyValueSpecification\",\"valueRequired\":true,\"valueName\":\"search_term_string\"}}],\"inLanguage\":\"en-US\"}]}<\/script>\n<!-- \/ Yoast SEO plugin. -->","yoast_head_json":{"title":"LAYER ONE APPS - RESA","robots":{"index":"index","follow":"follow","max-snippet":"max-snippet:-1","max-image-preview":"max-image-preview:large","max-video-preview":"max-video-preview:-1"},"canonical":"https:\/\/resa.aero\/en\/solutions-passenger-processing-experience\/layer-one-apps\/","og_locale":"en_US","og_type":"article","og_title":"LAYER ONE APPS - RESA","og_description":"LAYER ONE APPS LAYER ONE offers airports, handlers or airlines a hosted solution for passenger management operations such as check-in, baggage drop-off, boarding, etc., in a standard environment, whether in terms of passenger experience, user interface or system administration. The purpose of LAYER ONE APPS is to replace the native application embedded in the hardware\/systems [&hellip;]","og_url":"https:\/\/resa.aero\/en\/solutions-passenger-processing-experience\/layer-one-apps\/","og_site_name":"RESA","article_modified_time":"2025-08-04T11:57:19+00:00","og_image":[{"url":"https:\/\/resa.aero\/wp-content\/uploads\/2022\/03\/Ill_Iso_Bleu_LayerOne.svg","type":"","width":"","height":""}],"twitter_card":"summary_large_image","twitter_misc":{"Est. reading time":"4 minutes"},"schema":{"@context":"https:\/\/schema.org","@graph":[{"@type":"WebPage","@id":"https:\/\/resa.aero\/en\/solutions-passenger-processing-experience\/layer-one-apps\/","url":"https:\/\/resa.aero\/en\/solutions-passenger-processing-experience\/layer-one-apps\/","name":"LAYER ONE APPS - RESA","isPartOf":{"@id":"https:\/\/resa.aero\/#website"},"primaryImageOfPage":{"@id":"https:\/\/resa.aero\/en\/solutions-passenger-processing-experience\/layer-one-apps\/#primaryimage"},"image":{"@id":"https:\/\/resa.aero\/en\/solutions-passenger-processing-experience\/layer-one-apps\/#primaryimage"},"thumbnailUrl":"https:\/\/resa.aero\/wp-content\/uploads\/2022\/03\/Ill_Iso_Bleu_LayerOne.svg","datePublished":"2022-07-04T14:01:44+00:00","dateModified":"2025-08-04T11:57:19+00:00","breadcrumb":{"@id":"https:\/\/resa.aero\/en\/solutions-passenger-processing-experience\/layer-one-apps\/#breadcrumb"},"inLanguage":"en-US","potentialAction":[{"@type":"ReadAction","target":["https:\/\/resa.aero\/en\/solutions-passenger-processing-experience\/layer-one-apps\/"]}]},{"@type":"ImageObject","inLanguage":"en-US","@id":"https:\/\/resa.aero\/en\/solutions-passenger-processing-experience\/layer-one-apps\/#primaryimage","url":"https:\/\/resa.aero\/wp-content\/uploads\/2022\/03\/Ill_Iso_Bleu_LayerOne.svg","contentUrl":"https:\/\/resa.aero\/wp-content\/uploads\/2022\/03\/Ill_Iso_Bleu_LayerOne.svg"},{"@type":"BreadcrumbList","@id":"https:\/\/resa.aero\/en\/solutions-passenger-processing-experience\/layer-one-apps\/#breadcrumb","itemListElement":[{"@type":"ListItem","position":1,"name":"Accueil","item":"https:\/\/resa.aero\/en\/"},{"@type":"ListItem","position":2,"name":"Passenger Processing Experience","item":"https:\/\/resa.aero\/en\/solutions-passenger-processing-experience\/"},{"@type":"ListItem","position":3,"name":"LAYER ONE APPS"}]},{"@type":"WebSite","@id":"https:\/\/resa.aero\/#website","url":"https:\/\/resa.aero\/","name":"RESA","description":"Editeur et int\u00e9grateur de syst\u00e8mes informatiques a\u00e9roportuaires","potentialAction":[{"@type":"SearchAction","target":{"@type":"EntryPoint","urlTemplate":"https:\/\/resa.aero\/?s={search_term_string}"},"query-input":{"@type":"PropertyValueSpecification","valueRequired":true,"valueName":"search_term_string"}}],"inLanguage":"en-US"}]}},"_links":{"self":[{"href":"https:\/\/resa.aero\/en\/wp-json\/wp\/v2\/pages\/2705","targetHints":{"allow":["GET"]}}],"collection":[{"href":"https:\/\/resa.aero\/en\/wp-json\/wp\/v2\/pages"}],"about":[{"href":"https:\/\/resa.aero\/en\/wp-json\/wp\/v2\/types\/page"}],"author":[{"embeddable":true,"href":"https:\/\/resa.aero\/en\/wp-json\/wp\/v2\/users\/1"}],"replies":[{"embeddable":true,"href":"https:\/\/resa.aero\/en\/wp-json\/wp\/v2\/comments?post=2705"}],"version-history":[{"count":5,"href":"https:\/\/resa.aero\/en\/wp-json\/wp\/v2\/pages\/2705\/revisions"}],"predecessor-version":[{"id":7361,"href":"https:\/\/resa.aero\/en\/wp-json\/wp\/v2\/pages\/2705\/revisions\/7361"}],"up":[{"embeddable":true,"href":"https:\/\/resa.aero\/en\/wp-json\/wp\/v2\/pages\/1843"}],"wp:attachment":[{"href":"https:\/\/resa.aero\/en\/wp-json\/wp\/v2\/media?parent=2705"}],"curies":[{"name":"wp","href":"https:\/\/api.w.org\/{rel}","templated":true}]}}