{"id":2738,"date":"2022-07-04T15:56:18","date_gmt":"2022-07-04T14:56:18","guid":{"rendered":"https:\/\/resa.aero\/?page_id=2738"},"modified":"2025-08-04T12:10:23","modified_gmt":"2025-08-04T10:10:23","slug":"paxtrack-priority-services","status":"publish","type":"page","link":"https:\/\/resa.aero\/en\/solutions-security-tracking\/paxtrack-priority-services\/","title":{"rendered":"PAXTRACK PRIORITY SERVICES"},"content":{"rendered":"\r\n<p>PAXTRACK PRIORITY SERVICES<\/p>\r\n<h1><strong>Lounge access<\/strong><\/h1>\r\n<p>PAXTRACK PRIORITY SERVICES manages access to airport lounges for passengers with special status (loyalty program with the airlines or the airport). This module also generates vouchers and loyalty cards for membership programs.<\/p>\r\n<p><img decoding=\"async\" title=\"PAXTRACK PRIORITY SERVICES\" src=\"https:\/\/resa.aero\/wp-content\/uploads\/2022\/05\/PAXTRACK_PRIORITY-SERVICES.png\" alt=\"PAXTRACK PRIORITY SERVICES\" width=\"897\" height=\"733\" \/> <img decoding=\"async\" title=\"securisation-passager\" src=\"https:\/\/resa.aero\/wp-content\/uploads\/2022\/03\/securisation-passager.png\" alt=\"securisation-passager\" width=\"86\" height=\"82\" \/><\/p>\r\n<p><b>Priority passenger management<\/b><\/p>\r\n<p><img decoding=\"async\" title=\"optimisation-des-ressources\" src=\"https:\/\/resa.aero\/wp-content\/uploads\/2022\/03\/optimisation-des-ressources.png\" alt=\"optimisation-des-ressources\" width=\"86\" height=\"82\" \/><\/p>\r\n<p><b>Membership management<\/b><\/p>\r\n<p>Advantages of <strong>PAXTRACK PRIORITY SERVICES<\/strong><\/p>\r\n<ul>\r\n<li><strong>PAXTRACK PRIORITY SERVICES<\/strong> makes it possible to better support and better know your passengers while generating additional revenues.<\/li>\r\n<\/ul>\r\n<p><img decoding=\"async\" title=\"visuel-passenger-tracking\" src=\"https:\/\/resa.aero\/wp-content\/uploads\/2022\/02\/visuel-passenger-tracking.jpg\" alt=\"visuel-passenger-tracking\" width=\"863\" height=\"573\" \/><\/p>\r\n<p><strong>FEATURES<\/strong><\/p>\r\n<p><img decoding=\"async\" title=\"PriorityService VoucherCreation Avec Cadre\" src=\"https:\/\/resa.aero\/wp-content\/uploads\/2022\/12\/PriorityService_VoucherCreation-avec-cadre.png\" alt=\"PriorityService VoucherCreation Avec Cadre\" width=\"968\" height=\"607\" \/><\/p>\r\n<p>\u00a0Management and sale of Fast-track vouchers<\/p>\r\n<p>Management and sale of VIP\/CIP lounge access<\/p>\r\n<p>Interfaces with airport membership and loyalty systems (CRM)<\/p>\r\n<p>Distribution of discount coupons to passengers<\/p>\r\n<p>A dedicated customer service<\/p>\r\n<p><strong>PROJECT<\/strong><\/p>\r\n<p><img decoding=\"async\" title=\"separateur-bleu\" src=\"https:\/\/resa.aero\/wp-content\/uploads\/2022\/02\/separateur-bleu.png\" alt=\"separateur-bleu\" width=\"13\" height=\"22\" \/><\/p>\r\n<p><strong>DEPLOYMENT<\/strong><\/p>\r\n<p><img decoding=\"async\" title=\"separateur-bleu\" src=\"https:\/\/resa.aero\/wp-content\/uploads\/2022\/02\/separateur-bleu.png\" alt=\"separateur-bleu\" width=\"13\" height=\"22\" \/><\/p>\r\n<p><strong>SUPPORT<\/strong><\/p>\r\n<p><img decoding=\"async\" title=\"separateur-bleu\" src=\"https:\/\/resa.aero\/wp-content\/uploads\/2022\/02\/separateur-bleu.png\" alt=\"separateur-bleu\" width=\"13\" height=\"22\" \/><\/p>\r\n<p><strong>MAINTENANCE<\/strong><\/p>\r\n<p><a role=\"button\" href=\"https:\/\/resa.aero\/en\/services\/\" target=\"_self\" rel=\"noopener\"> DISCOVER OUR CUSTOMER SERVICE <\/a><\/p>\r\n<p>Our other solutions<\/p>\r\n<p><a href=\"https:\/\/resa.aero\/en\/solutions-passenger-processing-experience\/\" target=\"_self\" rel=\"noopener\"> <img decoding=\"async\" title=\"Passenger Processing Experience\" src=\"https:\/\/resa.aero\/wp-content\/uploads\/2022\/05\/RES_bout_menu_Fam_bleu-EN.svg\" alt=\"Passenger Processing Experience\" width=\"0\" height=\"0\" \/> <\/a> <a href=\"https:\/\/resa.aero\/en\/solutions-operations-billing\/\" target=\"_self\" rel=\"noopener\"> <img decoding=\"async\" title=\"Operations &amp; Billing\" src=\"https:\/\/resa.aero\/wp-content\/uploads\/2022\/05\/RES_bout_menu_Fam_ver-EN.svg\" alt=\"Operations &amp; Billing\" width=\"0\" height=\"0\" \/> <\/a> <a href=\"https:\/\/resa.aero\/en\/solutions-smart-efficiency\/\" target=\"_self\" rel=\"noopener\"> <img decoding=\"async\" title=\"Smart efficiency\" src=\"https:\/\/resa.aero\/wp-content\/uploads\/2022\/05\/RES_bout_menu_Fam_gri-EN.svg\" alt=\"Smart efficiency\" width=\"0\" height=\"0\" \/> <\/a> <img decoding=\"async\" title=\"montage-avions\" src=\"https:\/\/resa.aero\/wp-content\/uploads\/2022\/02\/montage-avions.webp\" alt=\"montage-avions\" width=\"1462\" height=\"556\" \/><\/p>\r\n","protected":false},"excerpt":{"rendered":"<p>PAXTRACK PRIORITY SERVICES Lounge access PAXTRACK PRIORITY SERVICES manages access to airport lounges for passengers with special status (loyalty program with the airlines or the airport). This module also generates vouchers and loyalty cards for membership programs. Priority passenger management Membership management Advantages of PAXTRACK PRIORITY SERVICES PAXTRACK PRIORITY SERVICES makes it possible to better [&hellip;]<\/p>\n","protected":false},"author":1,"featured_media":0,"parent":1906,"menu_order":0,"comment_status":"closed","ping_status":"closed","template":"page-module.php","meta":{"_acf_changed":false,"inline_featured_image":false,"footnotes":""},"class_list":["post-2738","page","type-page","status-publish","hentry"],"acf":[],"yoast_head":"<!-- This site is optimized with the Yoast SEO plugin v27.5 - https:\/\/yoast.com\/product\/yoast-seo-wordpress\/ -->\n<title>PAXTRACK PRIORITY SERVICES - RESA<\/title>\n<meta name=\"robots\" content=\"index, follow, max-snippet:-1, max-image-preview:large, max-video-preview:-1\" \/>\n<link rel=\"canonical\" href=\"https:\/\/resa.aero\/en\/solutions-security-tracking\/paxtrack-priority-services\/\" \/>\n<meta property=\"og:locale\" content=\"en_US\" \/>\n<meta property=\"og:type\" content=\"article\" \/>\n<meta property=\"og:title\" content=\"PAXTRACK PRIORITY SERVICES - RESA\" \/>\n<meta property=\"og:description\" content=\"PAXTRACK PRIORITY SERVICES Lounge access PAXTRACK PRIORITY SERVICES manages access to airport lounges for passengers with special status (loyalty program with the airlines or the airport). This module also generates vouchers and loyalty cards for membership programs. Priority passenger management Membership management Advantages of PAXTRACK PRIORITY SERVICES PAXTRACK PRIORITY SERVICES makes it possible to better [&hellip;]\" \/>\n<meta property=\"og:url\" content=\"https:\/\/resa.aero\/en\/solutions-security-tracking\/paxtrack-priority-services\/\" \/>\n<meta property=\"og:site_name\" content=\"RESA\" \/>\n<meta property=\"article:modified_time\" content=\"2025-08-04T10:10:23+00:00\" \/>\n<meta property=\"og:image\" content=\"https:\/\/resa.aero\/wp-content\/uploads\/2022\/05\/PAXTRACK_PRIORITY-SERVICES.png\" \/>\n<meta name=\"twitter:card\" content=\"summary_large_image\" \/>\n<meta name=\"twitter:label1\" content=\"Est. reading time\" \/>\n\t<meta name=\"twitter:data1\" content=\"3 minutes\" \/>\n<script type=\"application\/ld+json\" class=\"yoast-schema-graph\">{\"@context\":\"https:\\\/\\\/schema.org\",\"@graph\":[{\"@type\":\"WebPage\",\"@id\":\"https:\\\/\\\/resa.aero\\\/en\\\/solutions-security-tracking\\\/paxtrack-priority-services\\\/\",\"url\":\"https:\\\/\\\/resa.aero\\\/en\\\/solutions-security-tracking\\\/paxtrack-priority-services\\\/\",\"name\":\"PAXTRACK PRIORITY SERVICES - RESA\",\"isPartOf\":{\"@id\":\"https:\\\/\\\/resa.aero\\\/#website\"},\"primaryImageOfPage\":{\"@id\":\"https:\\\/\\\/resa.aero\\\/en\\\/solutions-security-tracking\\\/paxtrack-priority-services\\\/#primaryimage\"},\"image\":{\"@id\":\"https:\\\/\\\/resa.aero\\\/en\\\/solutions-security-tracking\\\/paxtrack-priority-services\\\/#primaryimage\"},\"thumbnailUrl\":\"https:\\\/\\\/resa.aero\\\/wp-content\\\/uploads\\\/2022\\\/05\\\/PAXTRACK_PRIORITY-SERVICES.png\",\"datePublished\":\"2022-07-04T14:56:18+00:00\",\"dateModified\":\"2025-08-04T10:10:23+00:00\",\"breadcrumb\":{\"@id\":\"https:\\\/\\\/resa.aero\\\/en\\\/solutions-security-tracking\\\/paxtrack-priority-services\\\/#breadcrumb\"},\"inLanguage\":\"en-US\",\"potentialAction\":[{\"@type\":\"ReadAction\",\"target\":[\"https:\\\/\\\/resa.aero\\\/en\\\/solutions-security-tracking\\\/paxtrack-priority-services\\\/\"]}]},{\"@type\":\"ImageObject\",\"inLanguage\":\"en-US\",\"@id\":\"https:\\\/\\\/resa.aero\\\/en\\\/solutions-security-tracking\\\/paxtrack-priority-services\\\/#primaryimage\",\"url\":\"https:\\\/\\\/resa.aero\\\/wp-content\\\/uploads\\\/2022\\\/05\\\/PAXTRACK_PRIORITY-SERVICES.png\",\"contentUrl\":\"https:\\\/\\\/resa.aero\\\/wp-content\\\/uploads\\\/2022\\\/05\\\/PAXTRACK_PRIORITY-SERVICES.png\"},{\"@type\":\"BreadcrumbList\",\"@id\":\"https:\\\/\\\/resa.aero\\\/en\\\/solutions-security-tracking\\\/paxtrack-priority-services\\\/#breadcrumb\",\"itemListElement\":[{\"@type\":\"ListItem\",\"position\":1,\"name\":\"Accueil\",\"item\":\"https:\\\/\\\/resa.aero\\\/en\\\/\"},{\"@type\":\"ListItem\",\"position\":2,\"name\":\"Security &#038; Tracking\",\"item\":\"https:\\\/\\\/resa.aero\\\/en\\\/solutions-security-tracking\\\/\"},{\"@type\":\"ListItem\",\"position\":3,\"name\":\"PAXTRACK PRIORITY SERVICES\"}]},{\"@type\":\"WebSite\",\"@id\":\"https:\\\/\\\/resa.aero\\\/#website\",\"url\":\"https:\\\/\\\/resa.aero\\\/\",\"name\":\"RESA\",\"description\":\"Editeur et int\u00e9grateur de syst\u00e8mes informatiques a\u00e9roportuaires\",\"potentialAction\":[{\"@type\":\"SearchAction\",\"target\":{\"@type\":\"EntryPoint\",\"urlTemplate\":\"https:\\\/\\\/resa.aero\\\/?s={search_term_string}\"},\"query-input\":{\"@type\":\"PropertyValueSpecification\",\"valueRequired\":true,\"valueName\":\"search_term_string\"}}],\"inLanguage\":\"en-US\"}]}<\/script>\n<!-- \/ Yoast SEO plugin. -->","yoast_head_json":{"title":"PAXTRACK PRIORITY SERVICES - RESA","robots":{"index":"index","follow":"follow","max-snippet":"max-snippet:-1","max-image-preview":"max-image-preview:large","max-video-preview":"max-video-preview:-1"},"canonical":"https:\/\/resa.aero\/en\/solutions-security-tracking\/paxtrack-priority-services\/","og_locale":"en_US","og_type":"article","og_title":"PAXTRACK PRIORITY SERVICES - RESA","og_description":"PAXTRACK PRIORITY SERVICES Lounge access PAXTRACK PRIORITY SERVICES manages access to airport lounges for passengers with special status (loyalty program with the airlines or the airport). This module also generates vouchers and loyalty cards for membership programs. Priority passenger management Membership management Advantages of PAXTRACK PRIORITY SERVICES PAXTRACK PRIORITY SERVICES makes it possible to better [&hellip;]","og_url":"https:\/\/resa.aero\/en\/solutions-security-tracking\/paxtrack-priority-services\/","og_site_name":"RESA","article_modified_time":"2025-08-04T10:10:23+00:00","og_image":[{"url":"https:\/\/resa.aero\/wp-content\/uploads\/2022\/05\/PAXTRACK_PRIORITY-SERVICES.png","type":"","width":"","height":""}],"twitter_card":"summary_large_image","twitter_misc":{"Est. reading time":"3 minutes"},"schema":{"@context":"https:\/\/schema.org","@graph":[{"@type":"WebPage","@id":"https:\/\/resa.aero\/en\/solutions-security-tracking\/paxtrack-priority-services\/","url":"https:\/\/resa.aero\/en\/solutions-security-tracking\/paxtrack-priority-services\/","name":"PAXTRACK PRIORITY SERVICES - RESA","isPartOf":{"@id":"https:\/\/resa.aero\/#website"},"primaryImageOfPage":{"@id":"https:\/\/resa.aero\/en\/solutions-security-tracking\/paxtrack-priority-services\/#primaryimage"},"image":{"@id":"https:\/\/resa.aero\/en\/solutions-security-tracking\/paxtrack-priority-services\/#primaryimage"},"thumbnailUrl":"https:\/\/resa.aero\/wp-content\/uploads\/2022\/05\/PAXTRACK_PRIORITY-SERVICES.png","datePublished":"2022-07-04T14:56:18+00:00","dateModified":"2025-08-04T10:10:23+00:00","breadcrumb":{"@id":"https:\/\/resa.aero\/en\/solutions-security-tracking\/paxtrack-priority-services\/#breadcrumb"},"inLanguage":"en-US","potentialAction":[{"@type":"ReadAction","target":["https:\/\/resa.aero\/en\/solutions-security-tracking\/paxtrack-priority-services\/"]}]},{"@type":"ImageObject","inLanguage":"en-US","@id":"https:\/\/resa.aero\/en\/solutions-security-tracking\/paxtrack-priority-services\/#primaryimage","url":"https:\/\/resa.aero\/wp-content\/uploads\/2022\/05\/PAXTRACK_PRIORITY-SERVICES.png","contentUrl":"https:\/\/resa.aero\/wp-content\/uploads\/2022\/05\/PAXTRACK_PRIORITY-SERVICES.png"},{"@type":"BreadcrumbList","@id":"https:\/\/resa.aero\/en\/solutions-security-tracking\/paxtrack-priority-services\/#breadcrumb","itemListElement":[{"@type":"ListItem","position":1,"name":"Accueil","item":"https:\/\/resa.aero\/en\/"},{"@type":"ListItem","position":2,"name":"Security &#038; Tracking","item":"https:\/\/resa.aero\/en\/solutions-security-tracking\/"},{"@type":"ListItem","position":3,"name":"PAXTRACK PRIORITY SERVICES"}]},{"@type":"WebSite","@id":"https:\/\/resa.aero\/#website","url":"https:\/\/resa.aero\/","name":"RESA","description":"Editeur et int\u00e9grateur de syst\u00e8mes informatiques a\u00e9roportuaires","potentialAction":[{"@type":"SearchAction","target":{"@type":"EntryPoint","urlTemplate":"https:\/\/resa.aero\/?s={search_term_string}"},"query-input":{"@type":"PropertyValueSpecification","valueRequired":true,"valueName":"search_term_string"}}],"inLanguage":"en-US"}]}},"_links":{"self":[{"href":"https:\/\/resa.aero\/en\/wp-json\/wp\/v2\/pages\/2738","targetHints":{"allow":["GET"]}}],"collection":[{"href":"https:\/\/resa.aero\/en\/wp-json\/wp\/v2\/pages"}],"about":[{"href":"https:\/\/resa.aero\/en\/wp-json\/wp\/v2\/types\/page"}],"author":[{"embeddable":true,"href":"https:\/\/resa.aero\/en\/wp-json\/wp\/v2\/users\/1"}],"replies":[{"embeddable":true,"href":"https:\/\/resa.aero\/en\/wp-json\/wp\/v2\/comments?post=2738"}],"version-history":[{"count":3,"href":"https:\/\/resa.aero\/en\/wp-json\/wp\/v2\/pages\/2738\/revisions"}],"predecessor-version":[{"id":7346,"href":"https:\/\/resa.aero\/en\/wp-json\/wp\/v2\/pages\/2738\/revisions\/7346"}],"up":[{"embeddable":true,"href":"https:\/\/resa.aero\/en\/wp-json\/wp\/v2\/pages\/1906"}],"wp:attachment":[{"href":"https:\/\/resa.aero\/en\/wp-json\/wp\/v2\/media?parent=2738"}],"curies":[{"name":"wp","href":"https:\/\/api.w.org\/{rel}","templated":true}]}}