{"id":2779,"date":"2022-07-05T08:55:39","date_gmt":"2022-07-05T07:55:39","guid":{"rendered":"https:\/\/resa.aero\/solutions\/operations-facturation\/infopax-web\/"},"modified":"2025-08-04T11:21:09","modified_gmt":"2025-08-04T09:21:09","slug":"infopax-express","status":"publish","type":"page","link":"https:\/\/resa.aero\/en\/solutions-operations-billing\/infopax-express\/","title":{"rendered":"INFOPAX EXPRESS"},"content":{"rendered":"\r\n<p>INFOPAX EXPRES<\/p>\r\n<p>This web application is used by airport agents, airlines and handlers to access and modify flight data (based on their access rights).<\/p>\r\n<p><img decoding=\"async\" title=\"Ill Iso Vert Infopax Web\" src=\"https:\/\/resa.aero\/wp-content\/uploads\/2022\/05\/Ill_Iso_Vert_Infopax-Web.svg\" alt=\"Ill Iso Vert Infopax Web\" width=\"0\" height=\"0\" \/> <img decoding=\"async\" title=\"Rapidite Execution Vert\" src=\"https:\/\/resa.aero\/wp-content\/uploads\/2022\/08\/rapidite-execution-vert.png\" alt=\"Rapidite Execution Vert\" width=\"86\" height=\"82\" \/><\/p>\r\n<p><b>Real-time data entry and changes<\/b><\/p>\r\n<p><img decoding=\"async\" src=\"https:\/\/resa.aero\/wp-content\/uploads\/2022\/03\/securite-systeme-vert.png\" alt=\"\" \/><\/p>\r\n<p><b>Secure administration<\/b><\/p>\r\n<p><img decoding=\"async\" title=\"Exploitation Quotidienne Vert\" src=\"https:\/\/resa.aero\/wp-content\/uploads\/2022\/08\/exploitation-quotidienne-vert.png\" alt=\"Exploitation Quotidienne Vert\" width=\"86\" height=\"82\" \/><\/p>\r\n<p><b>Daily operations<\/b><\/p>\r\n<p>Advantages of <strong>INFOPAX EXPRESS<\/strong><\/p>\r\n<ul>\r\n<li><strong>INFOPAX EXPRESS <\/strong>provides mobile access to essential AODB data.<\/li>\r\n<li><strong>INFOPAX EXPRESS <\/strong>is open to &#8221; temporary &#8221; users through advanced management of access rights (read and\/or write).<\/li>\r\n<\/ul>\r\n<p><img decoding=\"async\" title=\"Refueling Aircraft From Tanker Vehicle\" src=\"https:\/\/resa.aero\/wp-content\/uploads\/2022\/08\/Avion-ravitaillement-1024x642.jpg\" alt=\"Rostov-on-Don, Russia - April 30, 2019: Refueling the aircraft from the tanker vehicle at the Rostov airport Platov.\" width=\"768\" height=\"482\" \/><\/p>\r\n<p><strong>FEATURES<\/strong><\/p>\r\n<p><img decoding=\"async\" title=\"INFOPAX WEB 2022 Mixed Flights Avec Cadre\" src=\"https:\/\/resa.aero\/wp-content\/uploads\/2022\/12\/INFOPAX-WEB-2022-mixed-flights-avec-cadre.png\" alt=\"INFOPAX WEB 2022 Mixed Flights Avec Cadre\" width=\"962\" height=\"482\" \/><\/p>\r\n<p>Configurable system based on specific requirements<\/p>\r\n<p>Real-time capture and transmission of flight data<\/p>\r\n<p>A dedicated customer service<\/p>\r\n<p><strong>PROJECT<\/strong><\/p>\r\n<p><img decoding=\"async\" title=\"separateur-bleu\" src=\"https:\/\/resa.aero\/wp-content\/uploads\/2022\/02\/separateur-bleu.png\" alt=\"separateur-bleu\" width=\"13\" height=\"22\" \/><\/p>\r\n<p><strong>DEPLOYMENT<\/strong><\/p>\r\n<p><img decoding=\"async\" title=\"separateur-bleu\" src=\"https:\/\/resa.aero\/wp-content\/uploads\/2022\/02\/separateur-bleu.png\" alt=\"separateur-bleu\" width=\"13\" height=\"22\" \/><\/p>\r\n<p><strong>SUPPORT<\/strong><\/p>\r\n<p><img decoding=\"async\" title=\"separateur-bleu\" src=\"https:\/\/resa.aero\/wp-content\/uploads\/2022\/02\/separateur-bleu.png\" alt=\"separateur-bleu\" width=\"13\" height=\"22\" \/><\/p>\r\n<p><strong>MAINTENANCE<\/strong><\/p>\r\n<p><a href=\"https:\/\/resa.aero\/en\/services\/\" target=\"_self\" rel=\"noopener\"> DISCOVER OUR CUSTOMER SERVICE <\/a><\/p>\r\n<p>Our other solutions<\/p>\r\n<p><a href=\"https:\/\/resa.aero\/en\/solutions-passenger-processing-experience\/\" target=\"_self\" rel=\"noopener\"> <img decoding=\"async\" title=\"Passenger Processing Experience\" src=\"https:\/\/resa.aero\/wp-content\/uploads\/2022\/05\/RES_bout_menu_Fam_bleu-EN.svg\" alt=\"Passenger Processing Experience\" width=\"0\" height=\"0\" \/> <\/a> <a href=\"https:\/\/resa.aero\/en\/solutions-security-tracking\/\" target=\"_self\" rel=\"noopener\"> <img decoding=\"async\" title=\"Security &amp; Tracking\" src=\"https:\/\/resa.aero\/wp-content\/uploads\/2022\/05\/RES_bout_menu_Fam_Rge-EN.svg\" alt=\"Security &amp; Tracking\" width=\"0\" height=\"0\" \/> <\/a> <a href=\"https:\/\/resa.aero\/en\/solutions-smart-efficiency\/\" target=\"_self\" rel=\"noopener\"> <img decoding=\"async\" title=\"Smart efficiency\" src=\"https:\/\/resa.aero\/wp-content\/uploads\/2022\/05\/RES_bout_menu_Fam_gri-EN.svg\" alt=\"Smart efficiency\" width=\"0\" height=\"0\" \/> <\/a> <img decoding=\"async\" title=\"montage-avions\" src=\"https:\/\/resa.aero\/wp-content\/uploads\/2022\/02\/montage-avions.webp\" alt=\"montage-avions\" width=\"1462\" height=\"556\" \/><\/p>\r\n","protected":false},"excerpt":{"rendered":"<p>INFOPAX EXPRES This web application is used by airport agents, airlines and handlers to access and modify flight data (based on their access rights). Real-time data entry and changes Secure administration Daily operations Advantages of INFOPAX EXPRESS INFOPAX EXPRESS provides mobile access to essential AODB data. INFOPAX EXPRESS is open to &#8221; temporary &#8221; users [&hellip;]<\/p>\n","protected":false},"author":1,"featured_media":0,"parent":1862,"menu_order":0,"comment_status":"closed","ping_status":"closed","template":"page-module.php","meta":{"_acf_changed":false,"inline_featured_image":false,"footnotes":""},"class_list":["post-2779","page","type-page","status-publish","hentry"],"acf":[],"yoast_head":"<!-- This site is optimized with the Yoast SEO plugin v27.5 - https:\/\/yoast.com\/product\/yoast-seo-wordpress\/ -->\n<title>INFOPAX EXPRESS - RESA<\/title>\n<meta name=\"robots\" content=\"index, follow, max-snippet:-1, max-image-preview:large, max-video-preview:-1\" \/>\n<link rel=\"canonical\" href=\"https:\/\/resa.aero\/en\/solutions-operations-billing\/infopax-express\/\" \/>\n<meta property=\"og:locale\" content=\"en_US\" \/>\n<meta property=\"og:type\" content=\"article\" \/>\n<meta property=\"og:title\" content=\"INFOPAX EXPRESS - RESA\" \/>\n<meta property=\"og:description\" content=\"INFOPAX EXPRES This web application is used by airport agents, airlines and handlers to access and modify flight data (based on their access rights). Real-time data entry and changes Secure administration Daily operations Advantages of INFOPAX EXPRESS INFOPAX EXPRESS provides mobile access to essential AODB data. INFOPAX EXPRESS is open to &#8221; temporary &#8221; users [&hellip;]\" \/>\n<meta property=\"og:url\" content=\"https:\/\/resa.aero\/en\/solutions-operations-billing\/infopax-express\/\" \/>\n<meta property=\"og:site_name\" content=\"RESA\" \/>\n<meta property=\"article:modified_time\" content=\"2025-08-04T09:21:09+00:00\" \/>\n<meta property=\"og:image\" content=\"https:\/\/resa.aero\/wp-content\/uploads\/2022\/05\/Ill_Iso_Vert_Infopax-Web.svg\" \/>\n<meta name=\"twitter:card\" content=\"summary_large_image\" \/>\n<meta name=\"twitter:label1\" content=\"Est. reading time\" \/>\n\t<meta name=\"twitter:data1\" content=\"4 minutes\" \/>\n<script type=\"application\/ld+json\" class=\"yoast-schema-graph\">{\"@context\":\"https:\\\/\\\/schema.org\",\"@graph\":[{\"@type\":\"WebPage\",\"@id\":\"https:\\\/\\\/resa.aero\\\/en\\\/solutions-operations-billing\\\/infopax-express\\\/\",\"url\":\"https:\\\/\\\/resa.aero\\\/en\\\/solutions-operations-billing\\\/infopax-express\\\/\",\"name\":\"INFOPAX EXPRESS - RESA\",\"isPartOf\":{\"@id\":\"https:\\\/\\\/resa.aero\\\/#website\"},\"primaryImageOfPage\":{\"@id\":\"https:\\\/\\\/resa.aero\\\/en\\\/solutions-operations-billing\\\/infopax-express\\\/#primaryimage\"},\"image\":{\"@id\":\"https:\\\/\\\/resa.aero\\\/en\\\/solutions-operations-billing\\\/infopax-express\\\/#primaryimage\"},\"thumbnailUrl\":\"https:\\\/\\\/resa.aero\\\/wp-content\\\/uploads\\\/2022\\\/05\\\/Ill_Iso_Vert_Infopax-Web.svg\",\"datePublished\":\"2022-07-05T07:55:39+00:00\",\"dateModified\":\"2025-08-04T09:21:09+00:00\",\"breadcrumb\":{\"@id\":\"https:\\\/\\\/resa.aero\\\/en\\\/solutions-operations-billing\\\/infopax-express\\\/#breadcrumb\"},\"inLanguage\":\"en-US\",\"potentialAction\":[{\"@type\":\"ReadAction\",\"target\":[\"https:\\\/\\\/resa.aero\\\/en\\\/solutions-operations-billing\\\/infopax-express\\\/\"]}]},{\"@type\":\"ImageObject\",\"inLanguage\":\"en-US\",\"@id\":\"https:\\\/\\\/resa.aero\\\/en\\\/solutions-operations-billing\\\/infopax-express\\\/#primaryimage\",\"url\":\"https:\\\/\\\/resa.aero\\\/wp-content\\\/uploads\\\/2022\\\/05\\\/Ill_Iso_Vert_Infopax-Web.svg\",\"contentUrl\":\"https:\\\/\\\/resa.aero\\\/wp-content\\\/uploads\\\/2022\\\/05\\\/Ill_Iso_Vert_Infopax-Web.svg\"},{\"@type\":\"BreadcrumbList\",\"@id\":\"https:\\\/\\\/resa.aero\\\/en\\\/solutions-operations-billing\\\/infopax-express\\\/#breadcrumb\",\"itemListElement\":[{\"@type\":\"ListItem\",\"position\":1,\"name\":\"Accueil\",\"item\":\"https:\\\/\\\/resa.aero\\\/en\\\/\"},{\"@type\":\"ListItem\",\"position\":2,\"name\":\"Operations &#038; Billing\",\"item\":\"https:\\\/\\\/resa.aero\\\/en\\\/solutions-operations-billing\\\/\"},{\"@type\":\"ListItem\",\"position\":3,\"name\":\"INFOPAX EXPRESS\"}]},{\"@type\":\"WebSite\",\"@id\":\"https:\\\/\\\/resa.aero\\\/#website\",\"url\":\"https:\\\/\\\/resa.aero\\\/\",\"name\":\"RESA\",\"description\":\"Editeur et int\u00e9grateur de syst\u00e8mes informatiques a\u00e9roportuaires\",\"potentialAction\":[{\"@type\":\"SearchAction\",\"target\":{\"@type\":\"EntryPoint\",\"urlTemplate\":\"https:\\\/\\\/resa.aero\\\/?s={search_term_string}\"},\"query-input\":{\"@type\":\"PropertyValueSpecification\",\"valueRequired\":true,\"valueName\":\"search_term_string\"}}],\"inLanguage\":\"en-US\"}]}<\/script>\n<!-- \/ Yoast SEO plugin. -->","yoast_head_json":{"title":"INFOPAX EXPRESS - RESA","robots":{"index":"index","follow":"follow","max-snippet":"max-snippet:-1","max-image-preview":"max-image-preview:large","max-video-preview":"max-video-preview:-1"},"canonical":"https:\/\/resa.aero\/en\/solutions-operations-billing\/infopax-express\/","og_locale":"en_US","og_type":"article","og_title":"INFOPAX EXPRESS - RESA","og_description":"INFOPAX EXPRES This web application is used by airport agents, airlines and handlers to access and modify flight data (based on their access rights). Real-time data entry and changes Secure administration Daily operations Advantages of INFOPAX EXPRESS INFOPAX EXPRESS provides mobile access to essential AODB data. INFOPAX EXPRESS is open to &#8221; temporary &#8221; users [&hellip;]","og_url":"https:\/\/resa.aero\/en\/solutions-operations-billing\/infopax-express\/","og_site_name":"RESA","article_modified_time":"2025-08-04T09:21:09+00:00","og_image":[{"url":"https:\/\/resa.aero\/wp-content\/uploads\/2022\/05\/Ill_Iso_Vert_Infopax-Web.svg","type":"","width":"","height":""}],"twitter_card":"summary_large_image","twitter_misc":{"Est. reading time":"4 minutes"},"schema":{"@context":"https:\/\/schema.org","@graph":[{"@type":"WebPage","@id":"https:\/\/resa.aero\/en\/solutions-operations-billing\/infopax-express\/","url":"https:\/\/resa.aero\/en\/solutions-operations-billing\/infopax-express\/","name":"INFOPAX EXPRESS - RESA","isPartOf":{"@id":"https:\/\/resa.aero\/#website"},"primaryImageOfPage":{"@id":"https:\/\/resa.aero\/en\/solutions-operations-billing\/infopax-express\/#primaryimage"},"image":{"@id":"https:\/\/resa.aero\/en\/solutions-operations-billing\/infopax-express\/#primaryimage"},"thumbnailUrl":"https:\/\/resa.aero\/wp-content\/uploads\/2022\/05\/Ill_Iso_Vert_Infopax-Web.svg","datePublished":"2022-07-05T07:55:39+00:00","dateModified":"2025-08-04T09:21:09+00:00","breadcrumb":{"@id":"https:\/\/resa.aero\/en\/solutions-operations-billing\/infopax-express\/#breadcrumb"},"inLanguage":"en-US","potentialAction":[{"@type":"ReadAction","target":["https:\/\/resa.aero\/en\/solutions-operations-billing\/infopax-express\/"]}]},{"@type":"ImageObject","inLanguage":"en-US","@id":"https:\/\/resa.aero\/en\/solutions-operations-billing\/infopax-express\/#primaryimage","url":"https:\/\/resa.aero\/wp-content\/uploads\/2022\/05\/Ill_Iso_Vert_Infopax-Web.svg","contentUrl":"https:\/\/resa.aero\/wp-content\/uploads\/2022\/05\/Ill_Iso_Vert_Infopax-Web.svg"},{"@type":"BreadcrumbList","@id":"https:\/\/resa.aero\/en\/solutions-operations-billing\/infopax-express\/#breadcrumb","itemListElement":[{"@type":"ListItem","position":1,"name":"Accueil","item":"https:\/\/resa.aero\/en\/"},{"@type":"ListItem","position":2,"name":"Operations &#038; Billing","item":"https:\/\/resa.aero\/en\/solutions-operations-billing\/"},{"@type":"ListItem","position":3,"name":"INFOPAX EXPRESS"}]},{"@type":"WebSite","@id":"https:\/\/resa.aero\/#website","url":"https:\/\/resa.aero\/","name":"RESA","description":"Editeur et int\u00e9grateur de syst\u00e8mes informatiques a\u00e9roportuaires","potentialAction":[{"@type":"SearchAction","target":{"@type":"EntryPoint","urlTemplate":"https:\/\/resa.aero\/?s={search_term_string}"},"query-input":{"@type":"PropertyValueSpecification","valueRequired":true,"valueName":"search_term_string"}}],"inLanguage":"en-US"}]}},"_links":{"self":[{"href":"https:\/\/resa.aero\/en\/wp-json\/wp\/v2\/pages\/2779","targetHints":{"allow":["GET"]}}],"collection":[{"href":"https:\/\/resa.aero\/en\/wp-json\/wp\/v2\/pages"}],"about":[{"href":"https:\/\/resa.aero\/en\/wp-json\/wp\/v2\/types\/page"}],"author":[{"embeddable":true,"href":"https:\/\/resa.aero\/en\/wp-json\/wp\/v2\/users\/1"}],"replies":[{"embeddable":true,"href":"https:\/\/resa.aero\/en\/wp-json\/wp\/v2\/comments?post=2779"}],"version-history":[{"count":6,"href":"https:\/\/resa.aero\/en\/wp-json\/wp\/v2\/pages\/2779\/revisions"}],"predecessor-version":[{"id":7328,"href":"https:\/\/resa.aero\/en\/wp-json\/wp\/v2\/pages\/2779\/revisions\/7328"}],"up":[{"embeddable":true,"href":"https:\/\/resa.aero\/en\/wp-json\/wp\/v2\/pages\/1862"}],"wp:attachment":[{"href":"https:\/\/resa.aero\/en\/wp-json\/wp\/v2\/media?parent=2779"}],"curies":[{"name":"wp","href":"https:\/\/api.w.org\/{rel}","templated":true}]}}