{"id":2809,"date":"2022-07-05T09:15:25","date_gmt":"2022-07-05T08:15:25","guid":{"rendered":"https:\/\/resa.aero\/solutions\/operations-facturation\/vista-web\/"},"modified":"2025-04-03T16:01:41","modified_gmt":"2025-04-03T14:01:41","slug":"vista-staff-fids","status":"publish","type":"page","link":"https:\/\/resa.aero\/en\/solutions-operations-billing\/vista-staff-fids\/","title":{"rendered":"VISTA STAFF FIDS"},"content":{"rendered":"\r\n<p>VISTA STAFF FIDS<\/p>\r\n<h1><strong>Display system for airport personnel<\/strong><\/h1>\r\n<p>VISTA STAFF FIDS is a VISTA module dedicated to &#8220;service&#8221; remote display. It gives airport personnel access to flight information from any workstation.<\/p>\r\n<p><img decoding=\"async\" title=\"VISTA WEB\" src=\"https:\/\/resa.aero\/wp-content\/uploads\/2022\/05\/VISTA_WEB.png\" alt=\"VISTA WEB\" width=\"897\" height=\"733\" \/> <img decoding=\"async\" title=\"Rapidite Execution Vert\" src=\"https:\/\/resa.aero\/wp-content\/uploads\/2022\/08\/rapidite-execution-vert.png\" alt=\"Rapidite Execution Vert\" width=\"86\" height=\"82\" \/><\/p>\r\n<p><b>Real-time broadcasting<\/b><\/p>\r\n<p><img decoding=\"async\" title=\"Securite Systeme Vert\" src=\"https:\/\/resa.aero\/wp-content\/uploads\/2022\/08\/securite-systeme-vert.png\" alt=\"Securite Systeme Vert\" width=\"86\" height=\"82\" \/><\/p>\r\n<p><b>Access available to all airport staff<\/b><\/p>\r\n<p><img decoding=\"async\" title=\"Pouce Leve Vert Median Contour\" src=\"https:\/\/resa.aero\/wp-content\/uploads\/2022\/08\/Pouce-leve-vert-median-contour.png\" alt=\"Pouce Leve Vert Median Contour\" width=\"96\" height=\"96\" \/><\/p>\r\n<p><b>Easy-to-use solution<\/b><\/p>\r\n<p>Advantages of <strong>VISTA STAFF FIDS<\/strong><\/p>\r\n<ul>\r\n<li><strong>VISTA STAFF FIDS <\/strong>gives agents access to all the platform&#8217;s flight information from an intranet browser.<\/li>\r\n<li><strong>VISTA STAFF FIDS<\/strong>\u00a0is fully secure and read-only.<\/li>\r\n<li><strong>VISTA STAFF FIDS<\/strong>\u00a0is used to broadcast information on the life of the airport platform to all personnel (general information, alerts, work, strikes, etc.).<\/li>\r\n<li>Intuitive solution requiring no training<\/li>\r\n<\/ul>\r\n<p><img decoding=\"async\" title=\"Focus And Dedication Got Her Far\" src=\"https:\/\/resa.aero\/wp-content\/uploads\/2022\/12\/Woman-on-PC.jpg\" alt=\"Shot of a businesswoman using a computer during a late night at work\" width=\"2121\" height=\"1414\" \/><\/p>\r\n<p><strong>FEATURES<\/strong><\/p>\r\n<p>Real-time broadcasting of flight information to workstations or mobile terminals<\/p>\r\n<p>Multi-criteria search for easy access to information<\/p>\r\n<p>Available to all airport personnel. Automatic saving of the user&#8217;s viewing settings<\/p>\r\n<p>A dedicated customer service<\/p>\r\n<p><strong>PROJECT<\/strong><\/p>\r\n<p><img decoding=\"async\" title=\"separateur-bleu\" src=\"https:\/\/resa.aero\/wp-content\/uploads\/2022\/02\/separateur-bleu.png\" alt=\"separateur-bleu\" width=\"13\" height=\"22\" \/><\/p>\r\n<p><strong>DEPLOYMENT<\/strong><\/p>\r\n<p><img decoding=\"async\" title=\"separateur-bleu\" src=\"https:\/\/resa.aero\/wp-content\/uploads\/2022\/02\/separateur-bleu.png\" alt=\"separateur-bleu\" width=\"13\" height=\"22\" \/><\/p>\r\n<p><strong>SUPPORT<\/strong><\/p>\r\n<p><img decoding=\"async\" title=\"separateur-bleu\" src=\"https:\/\/resa.aero\/wp-content\/uploads\/2022\/02\/separateur-bleu.png\" alt=\"separateur-bleu\" width=\"13\" height=\"22\" \/><\/p>\r\n<p><strong>MAINTENANCE<\/strong><\/p>\r\n<p><a href=\"https:\/\/resa.aero\/en\/services\/\" target=\"_self\" rel=\"noopener\"> DISCOVER OUR CUSTOMER SERVICE <\/a><\/p>\r\n<p>Our other solutions<\/p>\r\n<p><a href=\"https:\/\/resa.aero\/en\/solutions-passenger-processing-experience\/\" target=\"_self\" rel=\"noopener\"> <img decoding=\"async\" title=\"Passenger Processing Experience\" src=\"https:\/\/resa.aero\/wp-content\/uploads\/2022\/05\/RES_bout_menu_Fam_bleu-EN.svg\" alt=\"Passenger Processing Experience\" width=\"0\" height=\"0\" \/> <\/a> <a href=\"https:\/\/resa.aero\/en\/solutions-security-tracking\/\" target=\"_self\" rel=\"noopener\"> <img decoding=\"async\" title=\"Security &amp; Tracking\" src=\"https:\/\/resa.aero\/wp-content\/uploads\/2022\/05\/RES_bout_menu_Fam_Rge-EN.svg\" alt=\"Security &amp; Tracking\" width=\"0\" height=\"0\" \/> <\/a> <a href=\"https:\/\/resa.aero\/en\/solutions-smart-efficiency\/\" target=\"_self\" rel=\"noopener\"> <img decoding=\"async\" title=\"Smart efficiency\" src=\"https:\/\/resa.aero\/wp-content\/uploads\/2022\/05\/RES_bout_menu_Fam_gri-EN.svg\" alt=\"Smart efficiency\" width=\"0\" height=\"0\" \/> <\/a> <img decoding=\"async\" title=\"montage-avions\" src=\"https:\/\/resa.aero\/wp-content\/uploads\/2022\/02\/montage-avions.webp\" alt=\"montage-avions\" width=\"1462\" height=\"556\" \/><\/p>\r\n","protected":false},"excerpt":{"rendered":"<p>VISTA STAFF FIDS Display system for airport personnel VISTA STAFF FIDS is a VISTA module dedicated to &#8220;service&#8221; remote display. It gives airport personnel access to flight information from any workstation. Real-time broadcasting Access available to all airport staff Easy-to-use solution Advantages of VISTA STAFF FIDS VISTA STAFF FIDS gives agents access to all the [&hellip;]<\/p>\n","protected":false},"author":1,"featured_media":0,"parent":1862,"menu_order":0,"comment_status":"closed","ping_status":"closed","template":"page-module.php","meta":{"_acf_changed":false,"inline_featured_image":false,"footnotes":""},"class_list":["post-2809","page","type-page","status-publish","hentry"],"acf":[],"yoast_head":"<!-- This site is optimized with the Yoast SEO plugin v27.5 - https:\/\/yoast.com\/product\/yoast-seo-wordpress\/ -->\n<title>VISTA STAFF FIDS - RESA<\/title>\n<meta name=\"robots\" content=\"index, follow, max-snippet:-1, max-image-preview:large, max-video-preview:-1\" \/>\n<link rel=\"canonical\" href=\"https:\/\/resa.aero\/en\/solutions-operations-billing\/vista-staff-fids\/\" \/>\n<meta property=\"og:locale\" content=\"en_US\" \/>\n<meta property=\"og:type\" content=\"article\" \/>\n<meta property=\"og:title\" content=\"VISTA STAFF FIDS - RESA\" \/>\n<meta property=\"og:description\" content=\"VISTA STAFF FIDS Display system for airport personnel VISTA STAFF FIDS is a VISTA module dedicated to &#8220;service&#8221; remote display. It gives airport personnel access to flight information from any workstation. Real-time broadcasting Access available to all airport staff Easy-to-use solution Advantages of VISTA STAFF FIDS VISTA STAFF FIDS gives agents access to all the [&hellip;]\" \/>\n<meta property=\"og:url\" content=\"https:\/\/resa.aero\/en\/solutions-operations-billing\/vista-staff-fids\/\" \/>\n<meta property=\"og:site_name\" content=\"RESA\" \/>\n<meta property=\"article:modified_time\" content=\"2025-04-03T14:01:41+00:00\" \/>\n<meta property=\"og:image\" content=\"https:\/\/resa.aero\/wp-content\/uploads\/2022\/05\/VISTA_WEB.png\" \/>\n<meta name=\"twitter:card\" content=\"summary_large_image\" \/>\n<meta name=\"twitter:label1\" content=\"Est. reading time\" \/>\n\t<meta name=\"twitter:data1\" content=\"4 minutes\" \/>\n<script type=\"application\/ld+json\" class=\"yoast-schema-graph\">{\"@context\":\"https:\\\/\\\/schema.org\",\"@graph\":[{\"@type\":\"WebPage\",\"@id\":\"https:\\\/\\\/resa.aero\\\/en\\\/solutions-operations-billing\\\/vista-staff-fids\\\/\",\"url\":\"https:\\\/\\\/resa.aero\\\/en\\\/solutions-operations-billing\\\/vista-staff-fids\\\/\",\"name\":\"VISTA STAFF FIDS - RESA\",\"isPartOf\":{\"@id\":\"https:\\\/\\\/resa.aero\\\/#website\"},\"primaryImageOfPage\":{\"@id\":\"https:\\\/\\\/resa.aero\\\/en\\\/solutions-operations-billing\\\/vista-staff-fids\\\/#primaryimage\"},\"image\":{\"@id\":\"https:\\\/\\\/resa.aero\\\/en\\\/solutions-operations-billing\\\/vista-staff-fids\\\/#primaryimage\"},\"thumbnailUrl\":\"https:\\\/\\\/resa.aero\\\/wp-content\\\/uploads\\\/2022\\\/05\\\/VISTA_WEB.png\",\"datePublished\":\"2022-07-05T08:15:25+00:00\",\"dateModified\":\"2025-04-03T14:01:41+00:00\",\"breadcrumb\":{\"@id\":\"https:\\\/\\\/resa.aero\\\/en\\\/solutions-operations-billing\\\/vista-staff-fids\\\/#breadcrumb\"},\"inLanguage\":\"en-US\",\"potentialAction\":[{\"@type\":\"ReadAction\",\"target\":[\"https:\\\/\\\/resa.aero\\\/en\\\/solutions-operations-billing\\\/vista-staff-fids\\\/\"]}]},{\"@type\":\"ImageObject\",\"inLanguage\":\"en-US\",\"@id\":\"https:\\\/\\\/resa.aero\\\/en\\\/solutions-operations-billing\\\/vista-staff-fids\\\/#primaryimage\",\"url\":\"https:\\\/\\\/resa.aero\\\/wp-content\\\/uploads\\\/2022\\\/05\\\/VISTA_WEB.png\",\"contentUrl\":\"https:\\\/\\\/resa.aero\\\/wp-content\\\/uploads\\\/2022\\\/05\\\/VISTA_WEB.png\"},{\"@type\":\"BreadcrumbList\",\"@id\":\"https:\\\/\\\/resa.aero\\\/en\\\/solutions-operations-billing\\\/vista-staff-fids\\\/#breadcrumb\",\"itemListElement\":[{\"@type\":\"ListItem\",\"position\":1,\"name\":\"Accueil\",\"item\":\"https:\\\/\\\/resa.aero\\\/en\\\/\"},{\"@type\":\"ListItem\",\"position\":2,\"name\":\"Operations &#038; Billing\",\"item\":\"https:\\\/\\\/resa.aero\\\/en\\\/solutions-operations-billing\\\/\"},{\"@type\":\"ListItem\",\"position\":3,\"name\":\"VISTA STAFF FIDS\"}]},{\"@type\":\"WebSite\",\"@id\":\"https:\\\/\\\/resa.aero\\\/#website\",\"url\":\"https:\\\/\\\/resa.aero\\\/\",\"name\":\"RESA\",\"description\":\"Editeur et int\u00e9grateur de syst\u00e8mes informatiques a\u00e9roportuaires\",\"potentialAction\":[{\"@type\":\"SearchAction\",\"target\":{\"@type\":\"EntryPoint\",\"urlTemplate\":\"https:\\\/\\\/resa.aero\\\/?s={search_term_string}\"},\"query-input\":{\"@type\":\"PropertyValueSpecification\",\"valueRequired\":true,\"valueName\":\"search_term_string\"}}],\"inLanguage\":\"en-US\"}]}<\/script>\n<!-- \/ Yoast SEO plugin. -->","yoast_head_json":{"title":"VISTA STAFF FIDS - RESA","robots":{"index":"index","follow":"follow","max-snippet":"max-snippet:-1","max-image-preview":"max-image-preview:large","max-video-preview":"max-video-preview:-1"},"canonical":"https:\/\/resa.aero\/en\/solutions-operations-billing\/vista-staff-fids\/","og_locale":"en_US","og_type":"article","og_title":"VISTA STAFF FIDS - RESA","og_description":"VISTA STAFF FIDS Display system for airport personnel VISTA STAFF FIDS is a VISTA module dedicated to &#8220;service&#8221; remote display. It gives airport personnel access to flight information from any workstation. Real-time broadcasting Access available to all airport staff Easy-to-use solution Advantages of VISTA STAFF FIDS VISTA STAFF FIDS gives agents access to all the [&hellip;]","og_url":"https:\/\/resa.aero\/en\/solutions-operations-billing\/vista-staff-fids\/","og_site_name":"RESA","article_modified_time":"2025-04-03T14:01:41+00:00","og_image":[{"url":"https:\/\/resa.aero\/wp-content\/uploads\/2022\/05\/VISTA_WEB.png","type":"","width":"","height":""}],"twitter_card":"summary_large_image","twitter_misc":{"Est. reading time":"4 minutes"},"schema":{"@context":"https:\/\/schema.org","@graph":[{"@type":"WebPage","@id":"https:\/\/resa.aero\/en\/solutions-operations-billing\/vista-staff-fids\/","url":"https:\/\/resa.aero\/en\/solutions-operations-billing\/vista-staff-fids\/","name":"VISTA STAFF FIDS - RESA","isPartOf":{"@id":"https:\/\/resa.aero\/#website"},"primaryImageOfPage":{"@id":"https:\/\/resa.aero\/en\/solutions-operations-billing\/vista-staff-fids\/#primaryimage"},"image":{"@id":"https:\/\/resa.aero\/en\/solutions-operations-billing\/vista-staff-fids\/#primaryimage"},"thumbnailUrl":"https:\/\/resa.aero\/wp-content\/uploads\/2022\/05\/VISTA_WEB.png","datePublished":"2022-07-05T08:15:25+00:00","dateModified":"2025-04-03T14:01:41+00:00","breadcrumb":{"@id":"https:\/\/resa.aero\/en\/solutions-operations-billing\/vista-staff-fids\/#breadcrumb"},"inLanguage":"en-US","potentialAction":[{"@type":"ReadAction","target":["https:\/\/resa.aero\/en\/solutions-operations-billing\/vista-staff-fids\/"]}]},{"@type":"ImageObject","inLanguage":"en-US","@id":"https:\/\/resa.aero\/en\/solutions-operations-billing\/vista-staff-fids\/#primaryimage","url":"https:\/\/resa.aero\/wp-content\/uploads\/2022\/05\/VISTA_WEB.png","contentUrl":"https:\/\/resa.aero\/wp-content\/uploads\/2022\/05\/VISTA_WEB.png"},{"@type":"BreadcrumbList","@id":"https:\/\/resa.aero\/en\/solutions-operations-billing\/vista-staff-fids\/#breadcrumb","itemListElement":[{"@type":"ListItem","position":1,"name":"Accueil","item":"https:\/\/resa.aero\/en\/"},{"@type":"ListItem","position":2,"name":"Operations &#038; Billing","item":"https:\/\/resa.aero\/en\/solutions-operations-billing\/"},{"@type":"ListItem","position":3,"name":"VISTA STAFF FIDS"}]},{"@type":"WebSite","@id":"https:\/\/resa.aero\/#website","url":"https:\/\/resa.aero\/","name":"RESA","description":"Editeur et int\u00e9grateur de syst\u00e8mes informatiques a\u00e9roportuaires","potentialAction":[{"@type":"SearchAction","target":{"@type":"EntryPoint","urlTemplate":"https:\/\/resa.aero\/?s={search_term_string}"},"query-input":{"@type":"PropertyValueSpecification","valueRequired":true,"valueName":"search_term_string"}}],"inLanguage":"en-US"}]}},"_links":{"self":[{"href":"https:\/\/resa.aero\/en\/wp-json\/wp\/v2\/pages\/2809","targetHints":{"allow":["GET"]}}],"collection":[{"href":"https:\/\/resa.aero\/en\/wp-json\/wp\/v2\/pages"}],"about":[{"href":"https:\/\/resa.aero\/en\/wp-json\/wp\/v2\/types\/page"}],"author":[{"embeddable":true,"href":"https:\/\/resa.aero\/en\/wp-json\/wp\/v2\/users\/1"}],"replies":[{"embeddable":true,"href":"https:\/\/resa.aero\/en\/wp-json\/wp\/v2\/comments?post=2809"}],"version-history":[{"count":8,"href":"https:\/\/resa.aero\/en\/wp-json\/wp\/v2\/pages\/2809\/revisions"}],"predecessor-version":[{"id":7266,"href":"https:\/\/resa.aero\/en\/wp-json\/wp\/v2\/pages\/2809\/revisions\/7266"}],"up":[{"embeddable":true,"href":"https:\/\/resa.aero\/en\/wp-json\/wp\/v2\/pages\/1862"}],"wp:attachment":[{"href":"https:\/\/resa.aero\/en\/wp-json\/wp\/v2\/media?parent=2809"}],"curies":[{"name":"wp","href":"https:\/\/api.w.org\/{rel}","templated":true}]}}