{"id":2830,"date":"2022-07-05T09:27:45","date_gmt":"2022-07-05T08:27:45","guid":{"rendered":"https:\/\/resa.aero\/solutions\/performance-intelligence\/fairway-data-exchange\/"},"modified":"2025-08-04T14:48:29","modified_gmt":"2025-08-04T12:48:29","slug":"fairway-data-exchange","status":"publish","type":"page","link":"https:\/\/resa.aero\/en\/solutions-smart-efficiency\/fairway-data-exchange\/","title":{"rendered":"FAIRWAY DATA EXCHANGE"},"content":{"rendered":"\r\n<p>FAIRWAY DATA EXCHANGE<\/p>\r\n<p>FAIRWAY DX collects data from RESA systems and makes it available as Open Data to any external processing or system.<\/p>\r\n<p><img decoding=\"async\" title=\"Ill Iso Gris Fairway Data Exchange\" src=\"https:\/\/resa.aero\/wp-content\/uploads\/2022\/11\/Ill_Iso_Gris_Fairway-Data-Exchange.svg\" alt=\"Ill Iso Gris Fairway Data Exchange\" width=\"0\" height=\"0\" \/> <img decoding=\"async\" title=\"Securisation Du Controle Des Passagers Gris\" src=\"https:\/\/resa.aero\/wp-content\/uploads\/2022\/08\/securisation-du-controle-des-passagers-gris.png\" alt=\"Securisation Du Controle Des Passagers Gris\" width=\"86\" height=\"82\" \/><\/p>\r\n<p><b>Data collection, storage and publication<\/b><\/p>\r\n<p><img decoding=\"async\" title=\"Pouce Leve Gris Median Contour\" src=\"https:\/\/resa.aero\/wp-content\/uploads\/2022\/08\/Pouce-leve-gris-median-contour.png\" alt=\"Pouce Leve Gris Median Contour\" width=\"96\" height=\"96\" \/><\/p>\r\n<p><b>Standard exchange formats (AIDX, XML, Json)<\/b><\/p>\r\n<p>Advantages of <strong>FAIRWAY DATA EXCHANGE<\/strong><\/p>\r\n<ul>\r\n<li><strong>FAIRWAY DX <\/strong>allows both data collection and publication.<\/li>\r\n<li><b>FAIRWAY DX <\/b>relies on secure Web APIs.<\/li>\r\n<li><b>FAIRWAY DX <\/b> splits data to be published from data in production, so that it can be securely isolated.<\/li>\r\n<\/ul>\r\n<p><img decoding=\"async\" title=\"FAIRWAY-encadre\" src=\"https:\/\/resa.aero\/wp-content\/uploads\/2022\/02\/FAIRWAY-encadre.jpg\" alt=\"FAIRWAY-encadre\" width=\"1920\" height=\"1280\" \/><\/p>\r\n<p><strong>FEATURES<\/strong><\/p>\r\n<p><img decoding=\"async\" title=\"Fairway DX US\" src=\"https:\/\/resa.aero\/wp-content\/uploads\/2022\/09\/Fairway-DX-US.png\" alt=\"Fairway DX US\" width=\"1530\" height=\"929\" \/><\/p>\r\n<p>Data import and storage in database<\/p>\r\n<p>Data publication via Web API or specific connector<\/p>\r\n<p>Data aggregation from various RESA systems into one publishable database<\/p>\r\n<p>A dedicated customer service<\/p>\r\n<p><strong>PROJECT<\/strong><\/p>\r\n<p><img decoding=\"async\" title=\"separateur-bleu\" src=\"https:\/\/resa.aero\/wp-content\/uploads\/2022\/02\/separateur-bleu.png\" alt=\"separateur-bleu\" width=\"13\" height=\"22\" \/><\/p>\r\n<p><strong>DEPLOYMENT<\/strong><\/p>\r\n<p><img decoding=\"async\" title=\"separateur-bleu\" src=\"https:\/\/resa.aero\/wp-content\/uploads\/2022\/02\/separateur-bleu.png\" alt=\"separateur-bleu\" width=\"13\" height=\"22\" \/><\/p>\r\n<p><strong>SUPPORT<\/strong><\/p>\r\n<p><img decoding=\"async\" title=\"separateur-bleu\" src=\"https:\/\/resa.aero\/wp-content\/uploads\/2022\/02\/separateur-bleu.png\" alt=\"separateur-bleu\" width=\"13\" height=\"22\" \/><\/p>\r\n<p><strong>MAINTENANCE<\/strong><\/p>\r\n<p><a role=\"button\" href=\"https:\/\/resa.aero\/en\/services\/\" target=\"_self\" rel=\"noopener\"> DISCOVER OUR CUSTOMER SERVICE <\/a><\/p>\r\n<p>Our other solutions<\/p>\r\n<p><a href=\"https:\/\/resa.aero\/en\/solutions-passenger-processing-experience\/\" target=\"_self\" rel=\"noopener\"> <img decoding=\"async\" title=\"Passenger Processing Experience\" src=\"https:\/\/resa.aero\/wp-content\/uploads\/2022\/05\/RES_bout_menu_Fam_bleu-EN.svg\" alt=\"Passenger Processing Experience\" width=\"0\" height=\"0\" \/> <\/a> <a href=\"https:\/\/resa.aero\/en\/solutions-security-tracking\/\" target=\"_self\" rel=\"noopener\"> <img decoding=\"async\" title=\"Security &amp; Tracking\" src=\"https:\/\/resa.aero\/wp-content\/uploads\/2022\/05\/RES_bout_menu_Fam_Rge-EN.svg\" alt=\"Security &amp; Tracking\" width=\"0\" height=\"0\" \/> <\/a> <a href=\"https:\/\/resa.aero\/en\/solutions-operations-billing\/\" target=\"_self\" rel=\"noopener\"> <img decoding=\"async\" title=\"Operations &amp; Billing\" src=\"https:\/\/resa.aero\/wp-content\/uploads\/2022\/05\/RES_bout_menu_Fam_ver-EN.svg\" alt=\"Operations &amp; Billing\" width=\"0\" height=\"0\" \/> <\/a> <img decoding=\"async\" title=\"montage-avions\" src=\"https:\/\/resa.aero\/wp-content\/uploads\/2022\/02\/montage-avions.webp\" alt=\"montage-avions\" width=\"1462\" height=\"556\" \/><\/p>\r\n","protected":false},"excerpt":{"rendered":"<p>FAIRWAY DATA EXCHANGE FAIRWAY DX collects data from RESA systems and makes it available as Open Data to any external processing or system. Data collection, storage and publication Standard exchange formats (AIDX, XML, Json) Advantages of FAIRWAY DATA EXCHANGE FAIRWAY DX allows both data collection and publication. FAIRWAY DX relies on secure Web APIs. FAIRWAY [&hellip;]<\/p>\n","protected":false},"author":1,"featured_media":0,"parent":1884,"menu_order":0,"comment_status":"closed","ping_status":"closed","template":"page-module.php","meta":{"_acf_changed":false,"inline_featured_image":false,"footnotes":""},"class_list":["post-2830","page","type-page","status-publish","hentry"],"acf":[],"yoast_head":"<!-- This site is optimized with the Yoast SEO plugin v27.5 - https:\/\/yoast.com\/product\/yoast-seo-wordpress\/ -->\n<title>FAIRWAY DATA EXCHANGE - RESA<\/title>\n<meta name=\"robots\" content=\"index, follow, max-snippet:-1, max-image-preview:large, max-video-preview:-1\" \/>\n<link rel=\"canonical\" href=\"https:\/\/resa.aero\/en\/solutions-smart-efficiency\/fairway-data-exchange\/\" \/>\n<meta property=\"og:locale\" content=\"en_US\" \/>\n<meta property=\"og:type\" content=\"article\" \/>\n<meta property=\"og:title\" content=\"FAIRWAY DATA EXCHANGE - RESA\" \/>\n<meta property=\"og:description\" content=\"FAIRWAY DATA EXCHANGE FAIRWAY DX collects data from RESA systems and makes it available as Open Data to any external processing or system. Data collection, storage and publication Standard exchange formats (AIDX, XML, Json) Advantages of FAIRWAY DATA EXCHANGE FAIRWAY DX allows both data collection and publication. FAIRWAY DX relies on secure Web APIs. FAIRWAY [&hellip;]\" \/>\n<meta property=\"og:url\" content=\"https:\/\/resa.aero\/en\/solutions-smart-efficiency\/fairway-data-exchange\/\" \/>\n<meta property=\"og:site_name\" content=\"RESA\" \/>\n<meta property=\"article:modified_time\" content=\"2025-08-04T12:48:29+00:00\" \/>\n<meta property=\"og:image\" content=\"https:\/\/resa.aero\/wp-content\/uploads\/2022\/11\/Ill_Iso_Gris_Fairway-Data-Exchange.svg\" \/>\n<meta name=\"twitter:card\" content=\"summary_large_image\" \/>\n<meta name=\"twitter:label1\" content=\"Est. reading time\" \/>\n\t<meta name=\"twitter:data1\" content=\"3 minutes\" \/>\n<script type=\"application\/ld+json\" class=\"yoast-schema-graph\">{\"@context\":\"https:\\\/\\\/schema.org\",\"@graph\":[{\"@type\":\"WebPage\",\"@id\":\"https:\\\/\\\/resa.aero\\\/en\\\/solutions-smart-efficiency\\\/fairway-data-exchange\\\/\",\"url\":\"https:\\\/\\\/resa.aero\\\/en\\\/solutions-smart-efficiency\\\/fairway-data-exchange\\\/\",\"name\":\"FAIRWAY DATA EXCHANGE - RESA\",\"isPartOf\":{\"@id\":\"https:\\\/\\\/resa.aero\\\/#website\"},\"primaryImageOfPage\":{\"@id\":\"https:\\\/\\\/resa.aero\\\/en\\\/solutions-smart-efficiency\\\/fairway-data-exchange\\\/#primaryimage\"},\"image\":{\"@id\":\"https:\\\/\\\/resa.aero\\\/en\\\/solutions-smart-efficiency\\\/fairway-data-exchange\\\/#primaryimage\"},\"thumbnailUrl\":\"https:\\\/\\\/resa.aero\\\/wp-content\\\/uploads\\\/2022\\\/11\\\/Ill_Iso_Gris_Fairway-Data-Exchange.svg\",\"datePublished\":\"2022-07-05T08:27:45+00:00\",\"dateModified\":\"2025-08-04T12:48:29+00:00\",\"breadcrumb\":{\"@id\":\"https:\\\/\\\/resa.aero\\\/en\\\/solutions-smart-efficiency\\\/fairway-data-exchange\\\/#breadcrumb\"},\"inLanguage\":\"en-US\",\"potentialAction\":[{\"@type\":\"ReadAction\",\"target\":[\"https:\\\/\\\/resa.aero\\\/en\\\/solutions-smart-efficiency\\\/fairway-data-exchange\\\/\"]}]},{\"@type\":\"ImageObject\",\"inLanguage\":\"en-US\",\"@id\":\"https:\\\/\\\/resa.aero\\\/en\\\/solutions-smart-efficiency\\\/fairway-data-exchange\\\/#primaryimage\",\"url\":\"https:\\\/\\\/resa.aero\\\/wp-content\\\/uploads\\\/2022\\\/11\\\/Ill_Iso_Gris_Fairway-Data-Exchange.svg\",\"contentUrl\":\"https:\\\/\\\/resa.aero\\\/wp-content\\\/uploads\\\/2022\\\/11\\\/Ill_Iso_Gris_Fairway-Data-Exchange.svg\"},{\"@type\":\"BreadcrumbList\",\"@id\":\"https:\\\/\\\/resa.aero\\\/en\\\/solutions-smart-efficiency\\\/fairway-data-exchange\\\/#breadcrumb\",\"itemListElement\":[{\"@type\":\"ListItem\",\"position\":1,\"name\":\"Accueil\",\"item\":\"https:\\\/\\\/resa.aero\\\/en\\\/\"},{\"@type\":\"ListItem\",\"position\":2,\"name\":\"Smart Efficiency\",\"item\":\"https:\\\/\\\/resa.aero\\\/en\\\/solutions-smart-efficiency\\\/\"},{\"@type\":\"ListItem\",\"position\":3,\"name\":\"FAIRWAY DATA EXCHANGE\"}]},{\"@type\":\"WebSite\",\"@id\":\"https:\\\/\\\/resa.aero\\\/#website\",\"url\":\"https:\\\/\\\/resa.aero\\\/\",\"name\":\"RESA\",\"description\":\"Editeur et int\u00e9grateur de syst\u00e8mes informatiques a\u00e9roportuaires\",\"potentialAction\":[{\"@type\":\"SearchAction\",\"target\":{\"@type\":\"EntryPoint\",\"urlTemplate\":\"https:\\\/\\\/resa.aero\\\/?s={search_term_string}\"},\"query-input\":{\"@type\":\"PropertyValueSpecification\",\"valueRequired\":true,\"valueName\":\"search_term_string\"}}],\"inLanguage\":\"en-US\"}]}<\/script>\n<!-- \/ Yoast SEO plugin. -->","yoast_head_json":{"title":"FAIRWAY DATA EXCHANGE - RESA","robots":{"index":"index","follow":"follow","max-snippet":"max-snippet:-1","max-image-preview":"max-image-preview:large","max-video-preview":"max-video-preview:-1"},"canonical":"https:\/\/resa.aero\/en\/solutions-smart-efficiency\/fairway-data-exchange\/","og_locale":"en_US","og_type":"article","og_title":"FAIRWAY DATA EXCHANGE - RESA","og_description":"FAIRWAY DATA EXCHANGE FAIRWAY DX collects data from RESA systems and makes it available as Open Data to any external processing or system. Data collection, storage and publication Standard exchange formats (AIDX, XML, Json) Advantages of FAIRWAY DATA EXCHANGE FAIRWAY DX allows both data collection and publication. FAIRWAY DX relies on secure Web APIs. FAIRWAY [&hellip;]","og_url":"https:\/\/resa.aero\/en\/solutions-smart-efficiency\/fairway-data-exchange\/","og_site_name":"RESA","article_modified_time":"2025-08-04T12:48:29+00:00","og_image":[{"url":"https:\/\/resa.aero\/wp-content\/uploads\/2022\/11\/Ill_Iso_Gris_Fairway-Data-Exchange.svg","type":"","width":"","height":""}],"twitter_card":"summary_large_image","twitter_misc":{"Est. reading time":"3 minutes"},"schema":{"@context":"https:\/\/schema.org","@graph":[{"@type":"WebPage","@id":"https:\/\/resa.aero\/en\/solutions-smart-efficiency\/fairway-data-exchange\/","url":"https:\/\/resa.aero\/en\/solutions-smart-efficiency\/fairway-data-exchange\/","name":"FAIRWAY DATA EXCHANGE - RESA","isPartOf":{"@id":"https:\/\/resa.aero\/#website"},"primaryImageOfPage":{"@id":"https:\/\/resa.aero\/en\/solutions-smart-efficiency\/fairway-data-exchange\/#primaryimage"},"image":{"@id":"https:\/\/resa.aero\/en\/solutions-smart-efficiency\/fairway-data-exchange\/#primaryimage"},"thumbnailUrl":"https:\/\/resa.aero\/wp-content\/uploads\/2022\/11\/Ill_Iso_Gris_Fairway-Data-Exchange.svg","datePublished":"2022-07-05T08:27:45+00:00","dateModified":"2025-08-04T12:48:29+00:00","breadcrumb":{"@id":"https:\/\/resa.aero\/en\/solutions-smart-efficiency\/fairway-data-exchange\/#breadcrumb"},"inLanguage":"en-US","potentialAction":[{"@type":"ReadAction","target":["https:\/\/resa.aero\/en\/solutions-smart-efficiency\/fairway-data-exchange\/"]}]},{"@type":"ImageObject","inLanguage":"en-US","@id":"https:\/\/resa.aero\/en\/solutions-smart-efficiency\/fairway-data-exchange\/#primaryimage","url":"https:\/\/resa.aero\/wp-content\/uploads\/2022\/11\/Ill_Iso_Gris_Fairway-Data-Exchange.svg","contentUrl":"https:\/\/resa.aero\/wp-content\/uploads\/2022\/11\/Ill_Iso_Gris_Fairway-Data-Exchange.svg"},{"@type":"BreadcrumbList","@id":"https:\/\/resa.aero\/en\/solutions-smart-efficiency\/fairway-data-exchange\/#breadcrumb","itemListElement":[{"@type":"ListItem","position":1,"name":"Accueil","item":"https:\/\/resa.aero\/en\/"},{"@type":"ListItem","position":2,"name":"Smart Efficiency","item":"https:\/\/resa.aero\/en\/solutions-smart-efficiency\/"},{"@type":"ListItem","position":3,"name":"FAIRWAY DATA EXCHANGE"}]},{"@type":"WebSite","@id":"https:\/\/resa.aero\/#website","url":"https:\/\/resa.aero\/","name":"RESA","description":"Editeur et int\u00e9grateur de syst\u00e8mes informatiques a\u00e9roportuaires","potentialAction":[{"@type":"SearchAction","target":{"@type":"EntryPoint","urlTemplate":"https:\/\/resa.aero\/?s={search_term_string}"},"query-input":{"@type":"PropertyValueSpecification","valueRequired":true,"valueName":"search_term_string"}}],"inLanguage":"en-US"}]}},"_links":{"self":[{"href":"https:\/\/resa.aero\/en\/wp-json\/wp\/v2\/pages\/2830","targetHints":{"allow":["GET"]}}],"collection":[{"href":"https:\/\/resa.aero\/en\/wp-json\/wp\/v2\/pages"}],"about":[{"href":"https:\/\/resa.aero\/en\/wp-json\/wp\/v2\/types\/page"}],"author":[{"embeddable":true,"href":"https:\/\/resa.aero\/en\/wp-json\/wp\/v2\/users\/1"}],"replies":[{"embeddable":true,"href":"https:\/\/resa.aero\/en\/wp-json\/wp\/v2\/comments?post=2830"}],"version-history":[{"count":2,"href":"https:\/\/resa.aero\/en\/wp-json\/wp\/v2\/pages\/2830\/revisions"}],"predecessor-version":[{"id":7365,"href":"https:\/\/resa.aero\/en\/wp-json\/wp\/v2\/pages\/2830\/revisions\/7365"}],"up":[{"embeddable":true,"href":"https:\/\/resa.aero\/en\/wp-json\/wp\/v2\/pages\/1884"}],"wp:attachment":[{"href":"https:\/\/resa.aero\/en\/wp-json\/wp\/v2\/media?parent=2830"}],"curies":[{"name":"wp","href":"https:\/\/api.w.org\/{rel}","templated":true}]}}