{"id":2855,"date":"2022-07-05T09:26:49","date_gmt":"2022-07-05T08:26:49","guid":{"rendered":"https:\/\/resa.aero\/solutions\/performance-intelligence\/fairway-monitoring\/"},"modified":"2025-08-04T14:49:54","modified_gmt":"2025-08-04T12:49:54","slug":"fairway-monitoring","status":"publish","type":"page","link":"https:\/\/resa.aero\/en\/solutions-smart-efficiency\/fairway-monitoring\/","title":{"rendered":"FAIRWAY MONITORING"},"content":{"rendered":"\r\n<p>FAIRWAY MONITORING<\/p>\r\n<h1><strong>System supervision<\/strong><\/h1>\r\n<p>FAIRWAY MONITORING is a module dedicated to the supervision of all systems (internal and external). This module is a key element of the airport&#8217;s OCC (Operations Control Center) or more complex projects, such as the APOC (Airport Operations Center)\/TAM (Total Airport Management).<\/p>\r\n<p><img decoding=\"async\" title=\"Ill Iso Gris Fairway Monitoring\" src=\"https:\/\/resa.aero\/wp-content\/uploads\/2022\/11\/Ill_Iso_Gris_Fairway-Monitoring.svg\" alt=\"Ill Iso Gris Fairway Monitoring\" width=\"0\" height=\"0\" \/> <img decoding=\"async\" title=\"puissant-outil-gris\" src=\"https:\/\/resa.aero\/wp-content\/uploads\/2022\/03\/puissant-outil-gris.png\" alt=\"puissant-outil-gris\" width=\"86\" height=\"82\" \/><\/p>\r\n<p><b>Key element of the Operations Control Center<\/b><\/p>\r\n<p><img decoding=\"async\" title=\"Optimisation Des Ressources Gris\" src=\"https:\/\/resa.aero\/wp-content\/uploads\/2022\/08\/optimisation-des-ressources-gris.png\" alt=\"Optimisation Des Ressources Gris\" width=\"86\" height=\"82\" \/><\/p>\r\n<p><strong>Technical and functional supervision of exchanges<\/strong><\/p>\r\n<p>Advantages of <strong>FAIRWAY MONITORING<\/strong><\/p>\r\n<ul>\r\n<li><strong>FAIRWAY MONITORING <\/strong>offers a comprehensive dashboard to quickly identify communication errors.<\/li>\r\n<li><b>FAIRWAY MONITORING<\/b> helps create alerts according to the rules defined by the administrator.<\/li>\r\n<li><b>FAIRWAY MONITORING<\/b> offers a graphical display of the exchanged messages.<\/li>\r\n<\/ul>\r\n<p><img decoding=\"async\" title=\"Laptop Computer With Magnifying Glass\" src=\"https:\/\/resa.aero\/wp-content\/uploads\/2022\/12\/PC-avec-loupe-scaled.jpg\" alt=\"Laptop computer with magnifying glass, concept of search\" width=\"2560\" height=\"1707\" \/><\/p>\r\n<p><strong>FEATURES<\/strong><\/p>\r\n<p><img decoding=\"async\" title=\"FAIRWAY MONITORING Dashboard 2020\" src=\"https:\/\/resa.aero\/wp-content\/uploads\/2022\/09\/FAIRWAY-MONITORING-dashboard-2020-1.png\" alt=\"FAIRWAY MONITORING Dashboard 2020\" width=\"633\" height=\"342\" \/><\/p>\r\n<p>Technical supervision of interfaces (process status, network communication&#8230;)<\/p>\r\n<p>Functional supervision of exchanges (messages exchanged, etc.)<\/p>\r\n<p>A dedicated customer service<\/p>\r\n<p><strong>PROJECT<\/strong><\/p>\r\n<p><img decoding=\"async\" title=\"separateur-bleu\" src=\"https:\/\/resa.aero\/wp-content\/uploads\/2022\/02\/separateur-bleu.png\" alt=\"separateur-bleu\" width=\"13\" height=\"22\" \/><\/p>\r\n<p><strong>DEPLOYMENT<\/strong><\/p>\r\n<p><img decoding=\"async\" title=\"separateur-bleu\" src=\"https:\/\/resa.aero\/wp-content\/uploads\/2022\/02\/separateur-bleu.png\" alt=\"separateur-bleu\" width=\"13\" height=\"22\" \/><\/p>\r\n<p><strong>SUPPORT<\/strong><\/p>\r\n<p><img decoding=\"async\" title=\"separateur-bleu\" src=\"https:\/\/resa.aero\/wp-content\/uploads\/2022\/02\/separateur-bleu.png\" alt=\"separateur-bleu\" width=\"13\" height=\"22\" \/><\/p>\r\n<p><strong>MAINTENANCE<\/strong><\/p>\r\n<p><a role=\"button\" href=\"https:\/\/resa.aero\/en\/services\/\" target=\"_self\" rel=\"noopener\"> DISCOVER OUR CUSTOMER SERVICE <\/a><\/p>\r\n<p>Our other solutions<\/p>\r\n<p><a href=\"https:\/\/resa.aero\/en\/solutions-passenger-processing-experience\/\" target=\"_self\" rel=\"noopener\"> <img decoding=\"async\" title=\"Passenger Processing Experience\" src=\"https:\/\/resa.aero\/wp-content\/uploads\/2022\/05\/RES_bout_menu_Fam_bleu-EN.svg\" alt=\"Passenger Processing Experience\" width=\"0\" height=\"0\" \/> <\/a> <a href=\"https:\/\/resa.aero\/en\/solutions-security-tracking\/\" target=\"_self\" rel=\"noopener\"> <img decoding=\"async\" title=\"Security &amp; Tracking\" src=\"https:\/\/resa.aero\/wp-content\/uploads\/2022\/05\/RES_bout_menu_Fam_Rge-EN.svg\" alt=\"Security &amp; Tracking\" width=\"0\" height=\"0\" \/> <\/a> <a href=\"https:\/\/resa.aero\/en\/solutions-operations-billing\/\" target=\"_self\" rel=\"noopener\"> <img decoding=\"async\" title=\"Operations &amp; Billing\" src=\"https:\/\/resa.aero\/wp-content\/uploads\/2022\/05\/RES_bout_menu_Fam_ver-EN.svg\" alt=\"Operations &amp; Billing\" width=\"0\" height=\"0\" \/> <\/a> <img decoding=\"async\" title=\"montage-avions\" src=\"https:\/\/resa.aero\/wp-content\/uploads\/2022\/02\/montage-avions.webp\" alt=\"montage-avions\" width=\"1462\" height=\"556\" \/><\/p>\r\n","protected":false},"excerpt":{"rendered":"<p>FAIRWAY MONITORING System supervision FAIRWAY MONITORING is a module dedicated to the supervision of all systems (internal and external). This module is a key element of the airport&#8217;s OCC (Operations Control Center) or more complex projects, such as the APOC (Airport Operations Center)\/TAM (Total Airport Management). Key element of the Operations Control Center Technical and [&hellip;]<\/p>\n","protected":false},"author":1,"featured_media":0,"parent":1884,"menu_order":0,"comment_status":"closed","ping_status":"closed","template":"page-module.php","meta":{"_acf_changed":false,"inline_featured_image":false,"footnotes":""},"class_list":["post-2855","page","type-page","status-publish","hentry"],"acf":[],"yoast_head":"<!-- This site is optimized with the Yoast SEO plugin v27.5 - https:\/\/yoast.com\/product\/yoast-seo-wordpress\/ -->\n<title>FAIRWAY MONITORING - RESA<\/title>\n<meta name=\"robots\" content=\"index, follow, max-snippet:-1, max-image-preview:large, max-video-preview:-1\" \/>\n<link rel=\"canonical\" href=\"https:\/\/resa.aero\/en\/solutions-smart-efficiency\/fairway-monitoring\/\" \/>\n<meta property=\"og:locale\" content=\"en_US\" \/>\n<meta property=\"og:type\" content=\"article\" \/>\n<meta property=\"og:title\" content=\"FAIRWAY MONITORING - RESA\" \/>\n<meta property=\"og:description\" content=\"FAIRWAY MONITORING System supervision FAIRWAY MONITORING is a module dedicated to the supervision of all systems (internal and external). This module is a key element of the airport&#8217;s OCC (Operations Control Center) or more complex projects, such as the APOC (Airport Operations Center)\/TAM (Total Airport Management). Key element of the Operations Control Center Technical and [&hellip;]\" \/>\n<meta property=\"og:url\" content=\"https:\/\/resa.aero\/en\/solutions-smart-efficiency\/fairway-monitoring\/\" \/>\n<meta property=\"og:site_name\" content=\"RESA\" \/>\n<meta property=\"article:modified_time\" content=\"2025-08-04T12:49:54+00:00\" \/>\n<meta property=\"og:image\" content=\"https:\/\/resa.aero\/wp-content\/uploads\/2022\/11\/Ill_Iso_Gris_Fairway-Monitoring.svg\" \/>\n<meta name=\"twitter:card\" content=\"summary_large_image\" \/>\n<meta name=\"twitter:label1\" content=\"Est. reading time\" \/>\n\t<meta name=\"twitter:data1\" content=\"4 minutes\" \/>\n<script type=\"application\/ld+json\" class=\"yoast-schema-graph\">{\"@context\":\"https:\\\/\\\/schema.org\",\"@graph\":[{\"@type\":\"WebPage\",\"@id\":\"https:\\\/\\\/resa.aero\\\/en\\\/solutions-smart-efficiency\\\/fairway-monitoring\\\/\",\"url\":\"https:\\\/\\\/resa.aero\\\/en\\\/solutions-smart-efficiency\\\/fairway-monitoring\\\/\",\"name\":\"FAIRWAY MONITORING - RESA\",\"isPartOf\":{\"@id\":\"https:\\\/\\\/resa.aero\\\/#website\"},\"primaryImageOfPage\":{\"@id\":\"https:\\\/\\\/resa.aero\\\/en\\\/solutions-smart-efficiency\\\/fairway-monitoring\\\/#primaryimage\"},\"image\":{\"@id\":\"https:\\\/\\\/resa.aero\\\/en\\\/solutions-smart-efficiency\\\/fairway-monitoring\\\/#primaryimage\"},\"thumbnailUrl\":\"https:\\\/\\\/resa.aero\\\/wp-content\\\/uploads\\\/2022\\\/11\\\/Ill_Iso_Gris_Fairway-Monitoring.svg\",\"datePublished\":\"2022-07-05T08:26:49+00:00\",\"dateModified\":\"2025-08-04T12:49:54+00:00\",\"breadcrumb\":{\"@id\":\"https:\\\/\\\/resa.aero\\\/en\\\/solutions-smart-efficiency\\\/fairway-monitoring\\\/#breadcrumb\"},\"inLanguage\":\"en-US\",\"potentialAction\":[{\"@type\":\"ReadAction\",\"target\":[\"https:\\\/\\\/resa.aero\\\/en\\\/solutions-smart-efficiency\\\/fairway-monitoring\\\/\"]}]},{\"@type\":\"ImageObject\",\"inLanguage\":\"en-US\",\"@id\":\"https:\\\/\\\/resa.aero\\\/en\\\/solutions-smart-efficiency\\\/fairway-monitoring\\\/#primaryimage\",\"url\":\"https:\\\/\\\/resa.aero\\\/wp-content\\\/uploads\\\/2022\\\/11\\\/Ill_Iso_Gris_Fairway-Monitoring.svg\",\"contentUrl\":\"https:\\\/\\\/resa.aero\\\/wp-content\\\/uploads\\\/2022\\\/11\\\/Ill_Iso_Gris_Fairway-Monitoring.svg\"},{\"@type\":\"BreadcrumbList\",\"@id\":\"https:\\\/\\\/resa.aero\\\/en\\\/solutions-smart-efficiency\\\/fairway-monitoring\\\/#breadcrumb\",\"itemListElement\":[{\"@type\":\"ListItem\",\"position\":1,\"name\":\"Accueil\",\"item\":\"https:\\\/\\\/resa.aero\\\/en\\\/\"},{\"@type\":\"ListItem\",\"position\":2,\"name\":\"Smart Efficiency\",\"item\":\"https:\\\/\\\/resa.aero\\\/en\\\/solutions-smart-efficiency\\\/\"},{\"@type\":\"ListItem\",\"position\":3,\"name\":\"FAIRWAY MONITORING\"}]},{\"@type\":\"WebSite\",\"@id\":\"https:\\\/\\\/resa.aero\\\/#website\",\"url\":\"https:\\\/\\\/resa.aero\\\/\",\"name\":\"RESA\",\"description\":\"Editeur et int\u00e9grateur de syst\u00e8mes informatiques a\u00e9roportuaires\",\"potentialAction\":[{\"@type\":\"SearchAction\",\"target\":{\"@type\":\"EntryPoint\",\"urlTemplate\":\"https:\\\/\\\/resa.aero\\\/?s={search_term_string}\"},\"query-input\":{\"@type\":\"PropertyValueSpecification\",\"valueRequired\":true,\"valueName\":\"search_term_string\"}}],\"inLanguage\":\"en-US\"}]}<\/script>\n<!-- \/ Yoast SEO plugin. -->","yoast_head_json":{"title":"FAIRWAY MONITORING - RESA","robots":{"index":"index","follow":"follow","max-snippet":"max-snippet:-1","max-image-preview":"max-image-preview:large","max-video-preview":"max-video-preview:-1"},"canonical":"https:\/\/resa.aero\/en\/solutions-smart-efficiency\/fairway-monitoring\/","og_locale":"en_US","og_type":"article","og_title":"FAIRWAY MONITORING - RESA","og_description":"FAIRWAY MONITORING System supervision FAIRWAY MONITORING is a module dedicated to the supervision of all systems (internal and external). This module is a key element of the airport&#8217;s OCC (Operations Control Center) or more complex projects, such as the APOC (Airport Operations Center)\/TAM (Total Airport Management). Key element of the Operations Control Center Technical and [&hellip;]","og_url":"https:\/\/resa.aero\/en\/solutions-smart-efficiency\/fairway-monitoring\/","og_site_name":"RESA","article_modified_time":"2025-08-04T12:49:54+00:00","og_image":[{"url":"https:\/\/resa.aero\/wp-content\/uploads\/2022\/11\/Ill_Iso_Gris_Fairway-Monitoring.svg","type":"","width":"","height":""}],"twitter_card":"summary_large_image","twitter_misc":{"Est. reading time":"4 minutes"},"schema":{"@context":"https:\/\/schema.org","@graph":[{"@type":"WebPage","@id":"https:\/\/resa.aero\/en\/solutions-smart-efficiency\/fairway-monitoring\/","url":"https:\/\/resa.aero\/en\/solutions-smart-efficiency\/fairway-monitoring\/","name":"FAIRWAY MONITORING - RESA","isPartOf":{"@id":"https:\/\/resa.aero\/#website"},"primaryImageOfPage":{"@id":"https:\/\/resa.aero\/en\/solutions-smart-efficiency\/fairway-monitoring\/#primaryimage"},"image":{"@id":"https:\/\/resa.aero\/en\/solutions-smart-efficiency\/fairway-monitoring\/#primaryimage"},"thumbnailUrl":"https:\/\/resa.aero\/wp-content\/uploads\/2022\/11\/Ill_Iso_Gris_Fairway-Monitoring.svg","datePublished":"2022-07-05T08:26:49+00:00","dateModified":"2025-08-04T12:49:54+00:00","breadcrumb":{"@id":"https:\/\/resa.aero\/en\/solutions-smart-efficiency\/fairway-monitoring\/#breadcrumb"},"inLanguage":"en-US","potentialAction":[{"@type":"ReadAction","target":["https:\/\/resa.aero\/en\/solutions-smart-efficiency\/fairway-monitoring\/"]}]},{"@type":"ImageObject","inLanguage":"en-US","@id":"https:\/\/resa.aero\/en\/solutions-smart-efficiency\/fairway-monitoring\/#primaryimage","url":"https:\/\/resa.aero\/wp-content\/uploads\/2022\/11\/Ill_Iso_Gris_Fairway-Monitoring.svg","contentUrl":"https:\/\/resa.aero\/wp-content\/uploads\/2022\/11\/Ill_Iso_Gris_Fairway-Monitoring.svg"},{"@type":"BreadcrumbList","@id":"https:\/\/resa.aero\/en\/solutions-smart-efficiency\/fairway-monitoring\/#breadcrumb","itemListElement":[{"@type":"ListItem","position":1,"name":"Accueil","item":"https:\/\/resa.aero\/en\/"},{"@type":"ListItem","position":2,"name":"Smart Efficiency","item":"https:\/\/resa.aero\/en\/solutions-smart-efficiency\/"},{"@type":"ListItem","position":3,"name":"FAIRWAY MONITORING"}]},{"@type":"WebSite","@id":"https:\/\/resa.aero\/#website","url":"https:\/\/resa.aero\/","name":"RESA","description":"Editeur et int\u00e9grateur de syst\u00e8mes informatiques a\u00e9roportuaires","potentialAction":[{"@type":"SearchAction","target":{"@type":"EntryPoint","urlTemplate":"https:\/\/resa.aero\/?s={search_term_string}"},"query-input":{"@type":"PropertyValueSpecification","valueRequired":true,"valueName":"search_term_string"}}],"inLanguage":"en-US"}]}},"_links":{"self":[{"href":"https:\/\/resa.aero\/en\/wp-json\/wp\/v2\/pages\/2855","targetHints":{"allow":["GET"]}}],"collection":[{"href":"https:\/\/resa.aero\/en\/wp-json\/wp\/v2\/pages"}],"about":[{"href":"https:\/\/resa.aero\/en\/wp-json\/wp\/v2\/types\/page"}],"author":[{"embeddable":true,"href":"https:\/\/resa.aero\/en\/wp-json\/wp\/v2\/users\/1"}],"replies":[{"embeddable":true,"href":"https:\/\/resa.aero\/en\/wp-json\/wp\/v2\/comments?post=2855"}],"version-history":[{"count":2,"href":"https:\/\/resa.aero\/en\/wp-json\/wp\/v2\/pages\/2855\/revisions"}],"predecessor-version":[{"id":7369,"href":"https:\/\/resa.aero\/en\/wp-json\/wp\/v2\/pages\/2855\/revisions\/7369"}],"up":[{"embeddable":true,"href":"https:\/\/resa.aero\/en\/wp-json\/wp\/v2\/pages\/1884"}],"wp:attachment":[{"href":"https:\/\/resa.aero\/en\/wp-json\/wp\/v2\/media?parent=2855"}],"curies":[{"name":"wp","href":"https:\/\/api.w.org\/{rel}","templated":true}]}}