{"id":6410,"date":"2023-10-23T11:58:06","date_gmt":"2023-10-23T09:58:06","guid":{"rendered":"https:\/\/resa.aero\/solutions-operations-billing\/invoice_web\/"},"modified":"2025-08-01T16:04:39","modified_gmt":"2025-08-01T14:04:39","slug":"invoice_express","status":"publish","type":"page","link":"https:\/\/resa.aero\/en\/solutions-operations-billing\/invoice_express\/","title":{"rendered":"INVOICE EXPRESS"},"content":{"rendered":"\r\n<p>INVOICE EXPRESS<\/p>\r\n<h1><strong>Mobile airport billing<\/strong><\/h1>\r\n<p>This web application enables airport agents, airlines and handlers to access INVOICE BILLING data on the move (based on their access rights).<\/p>\r\n<p><img decoding=\"async\" title=\"Ill Iso Vert Invoice Web\" src=\"https:\/\/resa.aero\/wp-content\/uploads\/2023\/10\/Ill_Iso_Vert_Invoice_Web.svg\" alt=\"Ill Iso Vert Invoice Web\" width=\"0\" height=\"0\" \/> <img decoding=\"async\" title=\"Rapidite Execution Vert\" src=\"https:\/\/resa.aero\/wp-content\/uploads\/2022\/08\/rapidite-execution-vert.png\" alt=\"Rapidite Execution Vert\" width=\"86\" height=\"82\" \/><\/p>\r\n<p><b>Real-time data entry and changes<\/b><\/p>\r\n<p><img decoding=\"async\" title=\"Securite Systeme Vert\" src=\"https:\/\/resa.aero\/wp-content\/uploads\/2022\/08\/securite-systeme-vert.png\" alt=\"Securite Systeme Vert\" width=\"86\" height=\"82\" \/><\/p>\r\n<p><b>Secure administration<\/b><\/p>\r\n<p><img decoding=\"async\" title=\"Picto Reduction Couts Vert\" src=\"https:\/\/resa.aero\/wp-content\/uploads\/2022\/08\/picto-reduction-couts-vert.png\" alt=\"Picto Reduction Couts Vert\" width=\"86\" height=\"82\" \/><\/p>\r\n<p><b>Multi-currency management<\/b><\/p>\r\n<p>Avantages of <strong>INVOICE EXPRESS<\/strong><\/p>\r\n<ul>\r\n<li><strong>INVOICE EXPRESS<\/strong>\u00a0provides mobile access to essential INVOICE BILLING data.<\/li>\r\n<li><strong>INVOICE EXPRESS <\/strong>enables airlines to view their invoices online, avoiding the need to send e-mails and\/or print invoices.<\/li>\r\n<li><strong>INVOICE EXPRESS<\/strong>\u00a0gives airports the option of delegating flight loading data entry directly to airlines.<\/li>\r\n<\/ul>\r\n<p><img decoding=\"async\" title=\"Corporate Pilot Using Electronic Tablet\" src=\"https:\/\/resa.aero\/wp-content\/uploads\/2023\/10\/INVOICE-WEB-Pilote-sur-piste-avec-tablette-Version-Web-2.jpg\" alt=\"A male pilot stands outside of a corporate jet aircraft, using a modern digital tablet to update his flight plan and preflight checklist.\" width=\"1864\" height=\"1242\" \/><\/p>\r\n<p><strong>FEATURES<\/strong><\/p>\r\n<p><img decoding=\"async\" title=\"INVOICE WEB Cash Invoicing Avec Contour\" src=\"https:\/\/resa.aero\/wp-content\/uploads\/2023\/10\/INVOICE-WEB-Cash-invoicing-avec-contour.png\" alt=\"INVOICE WEB Cash Invoicing Avec Contour\" width=\"1004\" height=\"516\" \/><\/p>\r\n<p>Organization\/group\/user management<\/p>\r\n<p>Reference data management (registration, airlines, stopovers,\u2026)<\/p>\r\n<p>KPIs<\/p>\r\n<p>View\/create\/modify flights waiting for realization<\/p>\r\n<p>View historical flights<\/p>\r\n<p>View archived invoices<\/p>\r\n<p>Cash billing<\/p>\r\n<p>A dedicated customer service<\/p>\r\n<p><strong>PROJET<\/strong><\/p>\r\n<p><img decoding=\"async\" title=\"separateur-bleu\" src=\"https:\/\/resa.aero\/wp-content\/uploads\/2022\/02\/separateur-bleu.png\" alt=\"separateur-bleu\" width=\"13\" height=\"22\" \/><\/p>\r\n<p><strong>DEPLOYMENT<\/strong><\/p>\r\n<p><img decoding=\"async\" title=\"separateur-bleu\" src=\"https:\/\/resa.aero\/wp-content\/uploads\/2022\/02\/separateur-bleu.png\" alt=\"separateur-bleu\" width=\"13\" height=\"22\" \/><\/p>\r\n<p><strong>SUPPORT<\/strong><\/p>\r\n<p><img decoding=\"async\" title=\"separateur-bleu\" src=\"https:\/\/resa.aero\/wp-content\/uploads\/2022\/02\/separateur-bleu.png\" alt=\"separateur-bleu\" width=\"13\" height=\"22\" \/><\/p>\r\n<p><strong>MAINTENANCE<\/strong><\/p>\r\n<p><a href=\"https:\/\/resa.aero\/en\/services\/\" target=\"_self\" rel=\"noopener\"> DISCOVER OUR CUSTOMER SERVICE <\/a><\/p>\r\n<p>Our other solutions<\/p>\r\n<p><a href=\"https:\/\/resa.aero\/en\/solutions-passenger-processing-experience\/\" target=\"_self\" rel=\"noopener\"> <img decoding=\"async\" title=\"Passenger Processing Experience\" src=\"https:\/\/resa.aero\/wp-content\/uploads\/2022\/05\/RES_bout_menu_Fam_bleu-EN.svg\" alt=\"Passenger Processing Experience\" width=\"0\" height=\"0\" \/> <\/a> <a href=\"https:\/\/resa.aero\/en\/solutions-security-tracking\/\" target=\"_self\" rel=\"noopener\"> <img decoding=\"async\" title=\"Security &amp; Tracking\" src=\"https:\/\/resa.aero\/wp-content\/uploads\/2022\/05\/RES_bout_menu_Fam_Rge-EN.svg\" alt=\"Security &amp; Tracking\" width=\"0\" height=\"0\" \/> <\/a> <a href=\"https:\/\/resa.aero\/en\/solutions-smart-efficiency\/\" target=\"_self\" rel=\"noopener\"> <img decoding=\"async\" title=\"Smart efficiency\" src=\"https:\/\/resa.aero\/wp-content\/uploads\/2022\/05\/RES_bout_menu_Fam_gri-EN.svg\" alt=\"Smart efficiency\" width=\"0\" height=\"0\" \/> <\/a> <img decoding=\"async\" title=\"montage-avions\" src=\"https:\/\/resa.aero\/wp-content\/uploads\/2022\/02\/montage-avions.webp\" alt=\"montage-avions\" width=\"1462\" height=\"556\" \/><\/p>\r\n","protected":false},"excerpt":{"rendered":"<p>INVOICE EXPRESS Mobile airport billing This web application enables airport agents, airlines and handlers to access INVOICE BILLING data on the move (based on their access rights). Real-time data entry and changes Secure administration Multi-currency management Avantages of INVOICE EXPRESS INVOICE EXPRESS\u00a0provides mobile access to essential INVOICE BILLING data. INVOICE EXPRESS enables airlines to view [&hellip;]<\/p>\n","protected":false},"author":4,"featured_media":0,"parent":1862,"menu_order":0,"comment_status":"closed","ping_status":"closed","template":"page-module.php","meta":{"_acf_changed":false,"inline_featured_image":false,"footnotes":""},"class_list":["post-6410","page","type-page","status-publish","hentry"],"acf":[],"yoast_head":"<!-- This site is optimized with the Yoast SEO plugin v27.5 - https:\/\/yoast.com\/product\/yoast-seo-wordpress\/ -->\n<title>INVOICE EXPRESS - RESA<\/title>\n<meta name=\"robots\" content=\"index, follow, max-snippet:-1, max-image-preview:large, max-video-preview:-1\" \/>\n<link rel=\"canonical\" href=\"https:\/\/resa.aero\/en\/solutions-operations-billing\/invoice_express\/\" \/>\n<meta property=\"og:locale\" content=\"en_US\" \/>\n<meta property=\"og:type\" content=\"article\" \/>\n<meta property=\"og:title\" content=\"INVOICE EXPRESS - RESA\" \/>\n<meta property=\"og:description\" content=\"INVOICE EXPRESS Mobile airport billing This web application enables airport agents, airlines and handlers to access INVOICE BILLING data on the move (based on their access rights). Real-time data entry and changes Secure administration Multi-currency management Avantages of INVOICE EXPRESS INVOICE EXPRESS\u00a0provides mobile access to essential INVOICE BILLING data. INVOICE EXPRESS enables airlines to view [&hellip;]\" \/>\n<meta property=\"og:url\" content=\"https:\/\/resa.aero\/en\/solutions-operations-billing\/invoice_express\/\" \/>\n<meta property=\"og:site_name\" content=\"RESA\" \/>\n<meta property=\"article:modified_time\" content=\"2025-08-01T14:04:39+00:00\" \/>\n<meta property=\"og:image\" content=\"https:\/\/resa.aero\/wp-content\/uploads\/2023\/10\/Ill_Iso_Vert_Invoice_Web.svg\" \/>\n<meta name=\"twitter:card\" content=\"summary_large_image\" \/>\n<meta name=\"twitter:label1\" content=\"Est. reading time\" \/>\n\t<meta name=\"twitter:data1\" content=\"4 minutes\" \/>\n<script type=\"application\/ld+json\" class=\"yoast-schema-graph\">{\"@context\":\"https:\\\/\\\/schema.org\",\"@graph\":[{\"@type\":\"WebPage\",\"@id\":\"https:\\\/\\\/resa.aero\\\/en\\\/solutions-operations-billing\\\/invoice_express\\\/\",\"url\":\"https:\\\/\\\/resa.aero\\\/en\\\/solutions-operations-billing\\\/invoice_express\\\/\",\"name\":\"INVOICE EXPRESS - RESA\",\"isPartOf\":{\"@id\":\"https:\\\/\\\/resa.aero\\\/#website\"},\"primaryImageOfPage\":{\"@id\":\"https:\\\/\\\/resa.aero\\\/en\\\/solutions-operations-billing\\\/invoice_express\\\/#primaryimage\"},\"image\":{\"@id\":\"https:\\\/\\\/resa.aero\\\/en\\\/solutions-operations-billing\\\/invoice_express\\\/#primaryimage\"},\"thumbnailUrl\":\"https:\\\/\\\/resa.aero\\\/wp-content\\\/uploads\\\/2023\\\/10\\\/Ill_Iso_Vert_Invoice_Web.svg\",\"datePublished\":\"2023-10-23T09:58:06+00:00\",\"dateModified\":\"2025-08-01T14:04:39+00:00\",\"breadcrumb\":{\"@id\":\"https:\\\/\\\/resa.aero\\\/en\\\/solutions-operations-billing\\\/invoice_express\\\/#breadcrumb\"},\"inLanguage\":\"en-US\",\"potentialAction\":[{\"@type\":\"ReadAction\",\"target\":[\"https:\\\/\\\/resa.aero\\\/en\\\/solutions-operations-billing\\\/invoice_express\\\/\"]}]},{\"@type\":\"ImageObject\",\"inLanguage\":\"en-US\",\"@id\":\"https:\\\/\\\/resa.aero\\\/en\\\/solutions-operations-billing\\\/invoice_express\\\/#primaryimage\",\"url\":\"https:\\\/\\\/resa.aero\\\/wp-content\\\/uploads\\\/2023\\\/10\\\/Ill_Iso_Vert_Invoice_Web.svg\",\"contentUrl\":\"https:\\\/\\\/resa.aero\\\/wp-content\\\/uploads\\\/2023\\\/10\\\/Ill_Iso_Vert_Invoice_Web.svg\"},{\"@type\":\"BreadcrumbList\",\"@id\":\"https:\\\/\\\/resa.aero\\\/en\\\/solutions-operations-billing\\\/invoice_express\\\/#breadcrumb\",\"itemListElement\":[{\"@type\":\"ListItem\",\"position\":1,\"name\":\"Accueil\",\"item\":\"https:\\\/\\\/resa.aero\\\/en\\\/\"},{\"@type\":\"ListItem\",\"position\":2,\"name\":\"Operations &#038; Billing\",\"item\":\"https:\\\/\\\/resa.aero\\\/en\\\/solutions-operations-billing\\\/\"},{\"@type\":\"ListItem\",\"position\":3,\"name\":\"INVOICE EXPRESS\"}]},{\"@type\":\"WebSite\",\"@id\":\"https:\\\/\\\/resa.aero\\\/#website\",\"url\":\"https:\\\/\\\/resa.aero\\\/\",\"name\":\"RESA\",\"description\":\"Editeur et int\u00e9grateur de syst\u00e8mes informatiques a\u00e9roportuaires\",\"potentialAction\":[{\"@type\":\"SearchAction\",\"target\":{\"@type\":\"EntryPoint\",\"urlTemplate\":\"https:\\\/\\\/resa.aero\\\/?s={search_term_string}\"},\"query-input\":{\"@type\":\"PropertyValueSpecification\",\"valueRequired\":true,\"valueName\":\"search_term_string\"}}],\"inLanguage\":\"en-US\"}]}<\/script>\n<!-- \/ Yoast SEO plugin. -->","yoast_head_json":{"title":"INVOICE EXPRESS - RESA","robots":{"index":"index","follow":"follow","max-snippet":"max-snippet:-1","max-image-preview":"max-image-preview:large","max-video-preview":"max-video-preview:-1"},"canonical":"https:\/\/resa.aero\/en\/solutions-operations-billing\/invoice_express\/","og_locale":"en_US","og_type":"article","og_title":"INVOICE EXPRESS - RESA","og_description":"INVOICE EXPRESS Mobile airport billing This web application enables airport agents, airlines and handlers to access INVOICE BILLING data on the move (based on their access rights). Real-time data entry and changes Secure administration Multi-currency management Avantages of INVOICE EXPRESS INVOICE EXPRESS\u00a0provides mobile access to essential INVOICE BILLING data. INVOICE EXPRESS enables airlines to view [&hellip;]","og_url":"https:\/\/resa.aero\/en\/solutions-operations-billing\/invoice_express\/","og_site_name":"RESA","article_modified_time":"2025-08-01T14:04:39+00:00","og_image":[{"url":"https:\/\/resa.aero\/wp-content\/uploads\/2023\/10\/Ill_Iso_Vert_Invoice_Web.svg","type":"","width":"","height":""}],"twitter_card":"summary_large_image","twitter_misc":{"Est. reading time":"4 minutes"},"schema":{"@context":"https:\/\/schema.org","@graph":[{"@type":"WebPage","@id":"https:\/\/resa.aero\/en\/solutions-operations-billing\/invoice_express\/","url":"https:\/\/resa.aero\/en\/solutions-operations-billing\/invoice_express\/","name":"INVOICE EXPRESS - RESA","isPartOf":{"@id":"https:\/\/resa.aero\/#website"},"primaryImageOfPage":{"@id":"https:\/\/resa.aero\/en\/solutions-operations-billing\/invoice_express\/#primaryimage"},"image":{"@id":"https:\/\/resa.aero\/en\/solutions-operations-billing\/invoice_express\/#primaryimage"},"thumbnailUrl":"https:\/\/resa.aero\/wp-content\/uploads\/2023\/10\/Ill_Iso_Vert_Invoice_Web.svg","datePublished":"2023-10-23T09:58:06+00:00","dateModified":"2025-08-01T14:04:39+00:00","breadcrumb":{"@id":"https:\/\/resa.aero\/en\/solutions-operations-billing\/invoice_express\/#breadcrumb"},"inLanguage":"en-US","potentialAction":[{"@type":"ReadAction","target":["https:\/\/resa.aero\/en\/solutions-operations-billing\/invoice_express\/"]}]},{"@type":"ImageObject","inLanguage":"en-US","@id":"https:\/\/resa.aero\/en\/solutions-operations-billing\/invoice_express\/#primaryimage","url":"https:\/\/resa.aero\/wp-content\/uploads\/2023\/10\/Ill_Iso_Vert_Invoice_Web.svg","contentUrl":"https:\/\/resa.aero\/wp-content\/uploads\/2023\/10\/Ill_Iso_Vert_Invoice_Web.svg"},{"@type":"BreadcrumbList","@id":"https:\/\/resa.aero\/en\/solutions-operations-billing\/invoice_express\/#breadcrumb","itemListElement":[{"@type":"ListItem","position":1,"name":"Accueil","item":"https:\/\/resa.aero\/en\/"},{"@type":"ListItem","position":2,"name":"Operations &#038; Billing","item":"https:\/\/resa.aero\/en\/solutions-operations-billing\/"},{"@type":"ListItem","position":3,"name":"INVOICE EXPRESS"}]},{"@type":"WebSite","@id":"https:\/\/resa.aero\/#website","url":"https:\/\/resa.aero\/","name":"RESA","description":"Editeur et int\u00e9grateur de syst\u00e8mes informatiques a\u00e9roportuaires","potentialAction":[{"@type":"SearchAction","target":{"@type":"EntryPoint","urlTemplate":"https:\/\/resa.aero\/?s={search_term_string}"},"query-input":{"@type":"PropertyValueSpecification","valueRequired":true,"valueName":"search_term_string"}}],"inLanguage":"en-US"}]}},"_links":{"self":[{"href":"https:\/\/resa.aero\/en\/wp-json\/wp\/v2\/pages\/6410","targetHints":{"allow":["GET"]}}],"collection":[{"href":"https:\/\/resa.aero\/en\/wp-json\/wp\/v2\/pages"}],"about":[{"href":"https:\/\/resa.aero\/en\/wp-json\/wp\/v2\/types\/page"}],"author":[{"embeddable":true,"href":"https:\/\/resa.aero\/en\/wp-json\/wp\/v2\/users\/4"}],"replies":[{"embeddable":true,"href":"https:\/\/resa.aero\/en\/wp-json\/wp\/v2\/comments?post=6410"}],"version-history":[{"count":11,"href":"https:\/\/resa.aero\/en\/wp-json\/wp\/v2\/pages\/6410\/revisions"}],"predecessor-version":[{"id":7298,"href":"https:\/\/resa.aero\/en\/wp-json\/wp\/v2\/pages\/6410\/revisions\/7298"}],"up":[{"embeddable":true,"href":"https:\/\/resa.aero\/en\/wp-json\/wp\/v2\/pages\/1862"}],"wp:attachment":[{"href":"https:\/\/resa.aero\/en\/wp-json\/wp\/v2\/media?parent=6410"}],"curies":[{"name":"wp","href":"https:\/\/api.w.org\/{rel}","templated":true}]}}